{"id":920,"date":"2019-09-08T09:37:30","date_gmt":"2019-09-08T07:37:30","guid":{"rendered":"http:\/\/e-fileo.pl\/?page_id=920"},"modified":"2020-05-29T15:46:40","modified_gmt":"2020-05-29T13:46:40","slug":"islamisci-przecieli-5-letniego-chlopca-na-pol","status":"publish","type":"page","link":"https:\/\/e-fileo.pl\/index.php\/islamisci-przecieli-5-letniego-chlopca-na-pol\/","title":{"rendered":"Islami\u015bci przeci\u0119li 5-letniego ch\u0142opca na p\u00f3\u0142"},"content":{"rendered":"\n<div class=\"wp-block-image\"><figure class=\"aligncenter\"><img data-recalc-dims=\"1\" fetchpriority=\"high\" decoding=\"async\" width=\"639\" height=\"333\" data-attachment-id=\"921\" data-permalink=\"https:\/\/e-fileo.pl\/index.php\/islamisci-przecieli-5-letniego-chlopca-na-pol\/safe_image-1\/\" data-orig-file=\"https:\/\/i0.wp.com\/e-fileo.pl\/wp-content\/uploads\/2019\/09\/safe_image-1.jpg?fit=639%2C333&amp;ssl=1\" data-orig-size=\"639,333\" data-comments-opened=\"1\" data-image-meta=\"{&quot;aperture&quot;:&quot;0&quot;,&quot;credit&quot;:&quot;&quot;,&quot;camera&quot;:&quot;&quot;,&quot;caption&quot;:&quot;&quot;,&quot;created_timestamp&quot;:&quot;0&quot;,&quot;copyright&quot;:&quot;&quot;,&quot;focal_length&quot;:&quot;0&quot;,&quot;iso&quot;:&quot;0&quot;,&quot;shutter_speed&quot;:&quot;0&quot;,&quot;title&quot;:&quot;&quot;,&quot;orientation&quot;:&quot;1&quot;}\" data-image-title=\"safe_image-1\" data-image-description=\"\" data-image-caption=\"\" data-large-file=\"https:\/\/i0.wp.com\/e-fileo.pl\/wp-content\/uploads\/2019\/09\/safe_image-1.jpg?fit=639%2C333&amp;ssl=1\" src=\"https:\/\/i0.wp.com\/e-fileo.pl\/wp-content\/uploads\/2019\/09\/safe_image-1.jpg?resize=639%2C333\" alt=\"\" class=\"wp-image-921\" srcset=\"https:\/\/i0.wp.com\/e-fileo.pl\/wp-content\/uploads\/2019\/09\/safe_image-1.jpg?w=639&amp;ssl=1 639w, https:\/\/i0.wp.com\/e-fileo.pl\/wp-content\/uploads\/2019\/09\/safe_image-1.jpg?resize=600%2C313&amp;ssl=1 600w, https:\/\/i0.wp.com\/e-fileo.pl\/wp-content\/uploads\/2019\/09\/safe_image-1.jpg?resize=300%2C156&amp;ssl=1 300w, https:\/\/i0.wp.com\/e-fileo.pl\/wp-content\/uploads\/2019\/09\/safe_image-1.jpg?resize=50%2C26&amp;ssl=1 50w\" sizes=\"(max-width: 639px) 100vw, 639px\" \/><\/figure><\/div>\n\n\n\n<p><strong>O sprawie poinformowa\u0142 anglika\u0144ski kanonik Andrew White, kt\u00f3ry s\u0142u\u017cy w parafii \u015bw. Jerzego w Badgadzie. Pa\u0144stwo Islamskie zaatakowa\u0142o chrze\u015bcijan w miejscowo\u015bci Irbil w Iraku.<\/strong><\/p>\n\n\n\n<p>\n\nNa ich drodze stan\u0105\u0142 tak\u017ce 5-letni ch\u0142opiec, syn za\u0142o\u017cyciela wspomnianego ko\u015bcio\u0142a \u015bw. Jerzego w Bagdadzie. Islami\u015bci nie wykazali lito\u015bci dla dziecka. Zamordowali je w wyj\u0105tkowo okrutny, bestialski spos\u00f3b ? przecinaj\u0105c jego cia\u0142o na p\u00f3\u0142\n\n<\/p>\n\n\n\n<p>\n\nKanonik White napisa\u0142, \u017ce na wie\u015b\u0107 o zamordowaniu dziecka ogarn\u0105\u0142 go wyj\u0105tkowy smutek, osobi\u015bcie chrzci\u0142 bowiem tego ch\u0142opca. Tak morduje si\u0119 chrze\u015bcijan na Bliskim Wschodzie. A tymczasem Unia Europejska zajmuje si\u0119 walk\u0105 o homoprawa os\u00f3b&nbsp;<a href=\"https:\/\/publiszer.pl\/tag\/lgbt\">LGBT<\/a><\/p>\n\n\n\n\n\n<div class=\"wp-block-themeisle-blocks-advanced-columns has-undefined-columns has-desktop-undefined-layout has-tablet-equal-layout has-mobile-equal-layout has-default-gap has-vertical-unset\" id=\"wp-block-themeisle-blocks-advanced-columns-9aea0cbf\"><div class=\"wp-block-themeisle-blocks-advanced-columns-overlay\"><\/div><div class=\"innerblocks-wrap\"><\/div><\/div>\n","protected":false},"excerpt":{"rendered":"<p>O sprawie poinformowa\u0142 anglika\u0144ski kanonik Andrew White, kt\u00f3ry s\u0142u\u017cy w parafii \u015bw. Jerzego w Badgadzie. Pa\u0144stwo Islamskie zaatakowa\u0142o chrze\u015bcijan w miejscowo\u015bci Irbil w Iraku. Na ich drodze stan\u0105\u0142 tak\u017ce 5-letni ch\u0142opiec, syn za\u0142o\u017cyciela wspomnianego ko\u015bcio\u0142a \u015bw. Jerzego w Bagdadzie. Islami\u015bci&#46;&#46;&#46;<\/p>\n","protected":false},"author":2,"featured_media":921,"parent":0,"menu_order":0,"comment_status":"open","ping_status":"closed","template":"","meta":{"give_campaign_id":0,"footnotes":""},"class_list":["post-920","page","type-page","status-publish","has-post-thumbnail","hentry"],"wppr_data":{"cwp_meta_box_check":"No"},"yoast_head":"<!-- This site is optimized with the Yoast SEO plugin v27.5 - https:\/\/yoast.com\/product\/yoast-seo-wordpress\/ -->\n<title>Islami\u015bci przeci\u0119li 5-letniego ch\u0142opca na p\u00f3\u0142 - MAGAZYN CHRZE\u015aCIJA\u0143SKI &quot;FILEO&quot;<\/title>\n<meta name=\"robots\" content=\"index, follow, max-snippet:-1, max-image-preview:large, max-video-preview:-1\" \/>\n<link rel=\"canonical\" href=\"https:\/\/e-fileo.pl\/index.php\/islamisci-przecieli-5-letniego-chlopca-na-pol\/\" \/>\n<meta property=\"og:locale\" content=\"pl_PL\" \/>\n<meta property=\"og:type\" content=\"article\" \/>\n<meta property=\"og:title\" content=\"Islami\u015bci przeci\u0119li 5-letniego ch\u0142opca na p\u00f3\u0142 - MAGAZYN CHRZE\u015aCIJA\u0143SKI &quot;FILEO&quot;\" \/>\n<meta property=\"og:description\" content=\"O sprawie poinformowa\u0142 anglika\u0144ski kanonik Andrew White, kt\u00f3ry s\u0142u\u017cy w parafii \u015bw. Jerzego w Badgadzie. Pa\u0144stwo Islamskie zaatakowa\u0142o chrze\u015bcijan w miejscowo\u015bci Irbil w Iraku. Na ich drodze stan\u0105\u0142 tak\u017ce 5-letni ch\u0142opiec, syn za\u0142o\u017cyciela wspomnianego ko\u015bcio\u0142a \u015bw. Jerzego w Bagdadzie. Islami\u015bci&#046;&#046;&#046;\" \/>\n<meta property=\"og:url\" content=\"https:\/\/e-fileo.pl\/index.php\/islamisci-przecieli-5-letniego-chlopca-na-pol\/\" \/>\n<meta property=\"og:site_name\" content=\"MAGAZYN CHRZE\u015aCIJA\u0143SKI &quot;FILEO&quot;\" \/>\n<meta property=\"article:modified_time\" content=\"2020-05-29T13:46:40+00:00\" \/>\n<meta property=\"og:image\" content=\"https:\/\/i0.wp.com\/e-fileo.pl\/wp-content\/uploads\/2019\/09\/safe_image-1.jpg?fit=639%2C333&ssl=1\" \/>\n\t<meta property=\"og:image:width\" content=\"639\" \/>\n\t<meta property=\"og:image:height\" content=\"333\" \/>\n\t<meta property=\"og:image:type\" content=\"image\/jpeg\" \/>\n<meta name=\"twitter:card\" content=\"summary_large_image\" \/>\n<meta name=\"twitter:label1\" content=\"Szacowany czas czytania\" \/>\n\t<meta name=\"twitter:data1\" content=\"1 minuta\" \/>\n<script type=\"application\/ld+json\" class=\"yoast-schema-graph\">{\"@context\":\"https:\\\/\\\/schema.org\",\"@graph\":[{\"@type\":\"WebPage\",\"@id\":\"https:\\\/\\\/e-fileo.pl\\\/index.php\\\/islamisci-przecieli-5-letniego-chlopca-na-pol\\\/\",\"url\":\"https:\\\/\\\/e-fileo.pl\\\/index.php\\\/islamisci-przecieli-5-letniego-chlopca-na-pol\\\/\",\"name\":\"Islami\u015bci przeci\u0119li 5-letniego ch\u0142opca na p\u00f3\u0142 - MAGAZYN CHRZE\u015aCIJA\u0143SKI &quot;FILEO&quot;\",\"isPartOf\":{\"@id\":\"https:\\\/\\\/e-fileo.pl\\\/#website\"},\"primaryImageOfPage\":{\"@id\":\"https:\\\/\\\/e-fileo.pl\\\/index.php\\\/islamisci-przecieli-5-letniego-chlopca-na-pol\\\/#primaryimage\"},\"image\":{\"@id\":\"https:\\\/\\\/e-fileo.pl\\\/index.php\\\/islamisci-przecieli-5-letniego-chlopca-na-pol\\\/#primaryimage\"},\"thumbnailUrl\":\"https:\\\/\\\/i0.wp.com\\\/e-fileo.pl\\\/wp-content\\\/uploads\\\/2019\\\/09\\\/safe_image-1.jpg?fit=639%2C333&ssl=1\",\"datePublished\":\"2019-09-08T07:37:30+00:00\",\"dateModified\":\"2020-05-29T13:46:40+00:00\",\"breadcrumb\":{\"@id\":\"https:\\\/\\\/e-fileo.pl\\\/index.php\\\/islamisci-przecieli-5-letniego-chlopca-na-pol\\\/#breadcrumb\"},\"inLanguage\":\"pl-PL\",\"potentialAction\":[{\"@type\":\"ReadAction\",\"target\":[\"https:\\\/\\\/e-fileo.pl\\\/index.php\\\/islamisci-przecieli-5-letniego-chlopca-na-pol\\\/\"]}]},{\"@type\":\"ImageObject\",\"inLanguage\":\"pl-PL\",\"@id\":\"https:\\\/\\\/e-fileo.pl\\\/index.php\\\/islamisci-przecieli-5-letniego-chlopca-na-pol\\\/#primaryimage\",\"url\":\"https:\\\/\\\/i0.wp.com\\\/e-fileo.pl\\\/wp-content\\\/uploads\\\/2019\\\/09\\\/safe_image-1.jpg?fit=639%2C333&ssl=1\",\"contentUrl\":\"https:\\\/\\\/i0.wp.com\\\/e-fileo.pl\\\/wp-content\\\/uploads\\\/2019\\\/09\\\/safe_image-1.jpg?fit=639%2C333&ssl=1\",\"width\":639,\"height\":333,\"caption\":\"przeci\u0119li 5-letniego ch\u0142opca na p\u00f3\u0142\"},{\"@type\":\"BreadcrumbList\",\"@id\":\"https:\\\/\\\/e-fileo.pl\\\/index.php\\\/islamisci-przecieli-5-letniego-chlopca-na-pol\\\/#breadcrumb\",\"itemListElement\":[{\"@type\":\"ListItem\",\"position\":1,\"name\":\"Strona g\u0142\u00f3wna\",\"item\":\"https:\\\/\\\/e-fileo.pl\\\/\"},{\"@type\":\"ListItem\",\"position\":2,\"name\":\"Islami\u015bci przeci\u0119li 5-letniego ch\u0142opca na p\u00f3\u0142\"}]},{\"@type\":\"WebSite\",\"@id\":\"https:\\\/\\\/e-fileo.pl\\\/#website\",\"url\":\"https:\\\/\\\/e-fileo.pl\\\/\",\"name\":\"MAGAZYN CHRZE\u015aCIJA\u0143SKI &quot;FILEO&quot;\",\"description\":\" \",\"publisher\":{\"@id\":\"https:\\\/\\\/e-fileo.pl\\\/#organization\"},\"potentialAction\":[{\"@type\":\"SearchAction\",\"target\":{\"@type\":\"EntryPoint\",\"urlTemplate\":\"https:\\\/\\\/e-fileo.pl\\\/?s={search_term_string}\"},\"query-input\":{\"@type\":\"PropertyValueSpecification\",\"valueRequired\":true,\"valueName\":\"search_term_string\"}}],\"inLanguage\":\"pl-PL\"},{\"@type\":\"Organization\",\"@id\":\"https:\\\/\\\/e-fileo.pl\\\/#organization\",\"name\":\"MAGAZYN CHRZE\u015aCIJA\u0143SKI &quot;FILEO&quot;\",\"url\":\"https:\\\/\\\/e-fileo.pl\\\/\",\"logo\":{\"@type\":\"ImageObject\",\"inLanguage\":\"pl-PL\",\"@id\":\"https:\\\/\\\/e-fileo.pl\\\/#\\\/schema\\\/logo\\\/image\\\/\",\"url\":\"https:\\\/\\\/i0.wp.com\\\/e-fileo.pl\\\/wp-content\\\/uploads\\\/2022\\\/07\\\/FILEO-7-e1659260414854.png?fit=250%2C196&ssl=1\",\"contentUrl\":\"https:\\\/\\\/i0.wp.com\\\/e-fileo.pl\\\/wp-content\\\/uploads\\\/2022\\\/07\\\/FILEO-7-e1659260414854.png?fit=250%2C196&ssl=1\",\"width\":250,\"height\":196,\"caption\":\"MAGAZYN CHRZE\u015aCIJA\u0143SKI &quot;FILEO&quot; \"},\"image\":{\"@id\":\"https:\\\/\\\/e-fileo.pl\\\/#\\\/schema\\\/logo\\\/image\\\/\"}}]}<\/script>\n<!-- \/ Yoast SEO plugin. -->","yoast_head_json":{"title":"Islami\u015bci przeci\u0119li 5-letniego ch\u0142opca na p\u00f3\u0142 - MAGAZYN CHRZE\u015aCIJA\u0143SKI &quot;FILEO&quot;","robots":{"index":"index","follow":"follow","max-snippet":"max-snippet:-1","max-image-preview":"max-image-preview:large","max-video-preview":"max-video-preview:-1"},"canonical":"https:\/\/e-fileo.pl\/index.php\/islamisci-przecieli-5-letniego-chlopca-na-pol\/","og_locale":"pl_PL","og_type":"article","og_title":"Islami\u015bci przeci\u0119li 5-letniego ch\u0142opca na p\u00f3\u0142 - MAGAZYN CHRZE\u015aCIJA\u0143SKI &quot;FILEO&quot;","og_description":"O sprawie poinformowa\u0142 anglika\u0144ski kanonik Andrew White, kt\u00f3ry s\u0142u\u017cy w parafii \u015bw. Jerzego w Badgadzie. Pa\u0144stwo Islamskie zaatakowa\u0142o chrze\u015bcijan w miejscowo\u015bci Irbil w Iraku. Na ich drodze stan\u0105\u0142 tak\u017ce 5-letni ch\u0142opiec, syn za\u0142o\u017cyciela wspomnianego ko\u015bcio\u0142a \u015bw. Jerzego w Bagdadzie. Islami\u015bci&#46;&#46;&#46;","og_url":"https:\/\/e-fileo.pl\/index.php\/islamisci-przecieli-5-letniego-chlopca-na-pol\/","og_site_name":"MAGAZYN CHRZE\u015aCIJA\u0143SKI &quot;FILEO&quot;","article_modified_time":"2020-05-29T13:46:40+00:00","og_image":[{"width":639,"height":333,"url":"https:\/\/i0.wp.com\/e-fileo.pl\/wp-content\/uploads\/2019\/09\/safe_image-1.jpg?fit=639%2C333&ssl=1","type":"image\/jpeg"}],"twitter_card":"summary_large_image","twitter_misc":{"Szacowany czas czytania":"1 minuta"},"schema":{"@context":"https:\/\/schema.org","@graph":[{"@type":"WebPage","@id":"https:\/\/e-fileo.pl\/index.php\/islamisci-przecieli-5-letniego-chlopca-na-pol\/","url":"https:\/\/e-fileo.pl\/index.php\/islamisci-przecieli-5-letniego-chlopca-na-pol\/","name":"Islami\u015bci przeci\u0119li 5-letniego ch\u0142opca na p\u00f3\u0142 - MAGAZYN CHRZE\u015aCIJA\u0143SKI &quot;FILEO&quot;","isPartOf":{"@id":"https:\/\/e-fileo.pl\/#website"},"primaryImageOfPage":{"@id":"https:\/\/e-fileo.pl\/index.php\/islamisci-przecieli-5-letniego-chlopca-na-pol\/#primaryimage"},"image":{"@id":"https:\/\/e-fileo.pl\/index.php\/islamisci-przecieli-5-letniego-chlopca-na-pol\/#primaryimage"},"thumbnailUrl":"https:\/\/i0.wp.com\/e-fileo.pl\/wp-content\/uploads\/2019\/09\/safe_image-1.jpg?fit=639%2C333&ssl=1","datePublished":"2019-09-08T07:37:30+00:00","dateModified":"2020-05-29T13:46:40+00:00","breadcrumb":{"@id":"https:\/\/e-fileo.pl\/index.php\/islamisci-przecieli-5-letniego-chlopca-na-pol\/#breadcrumb"},"inLanguage":"pl-PL","potentialAction":[{"@type":"ReadAction","target":["https:\/\/e-fileo.pl\/index.php\/islamisci-przecieli-5-letniego-chlopca-na-pol\/"]}]},{"@type":"ImageObject","inLanguage":"pl-PL","@id":"https:\/\/e-fileo.pl\/index.php\/islamisci-przecieli-5-letniego-chlopca-na-pol\/#primaryimage","url":"https:\/\/i0.wp.com\/e-fileo.pl\/wp-content\/uploads\/2019\/09\/safe_image-1.jpg?fit=639%2C333&ssl=1","contentUrl":"https:\/\/i0.wp.com\/e-fileo.pl\/wp-content\/uploads\/2019\/09\/safe_image-1.jpg?fit=639%2C333&ssl=1","width":639,"height":333,"caption":"przeci\u0119li 5-letniego ch\u0142opca na p\u00f3\u0142"},{"@type":"BreadcrumbList","@id":"https:\/\/e-fileo.pl\/index.php\/islamisci-przecieli-5-letniego-chlopca-na-pol\/#breadcrumb","itemListElement":[{"@type":"ListItem","position":1,"name":"Strona g\u0142\u00f3wna","item":"https:\/\/e-fileo.pl\/"},{"@type":"ListItem","position":2,"name":"Islami\u015bci przeci\u0119li 5-letniego ch\u0142opca na p\u00f3\u0142"}]},{"@type":"WebSite","@id":"https:\/\/e-fileo.pl\/#website","url":"https:\/\/e-fileo.pl\/","name":"MAGAZYN CHRZE\u015aCIJA\u0143SKI &quot;FILEO&quot;","description":" ","publisher":{"@id":"https:\/\/e-fileo.pl\/#organization"},"potentialAction":[{"@type":"SearchAction","target":{"@type":"EntryPoint","urlTemplate":"https:\/\/e-fileo.pl\/?s={search_term_string}"},"query-input":{"@type":"PropertyValueSpecification","valueRequired":true,"valueName":"search_term_string"}}],"inLanguage":"pl-PL"},{"@type":"Organization","@id":"https:\/\/e-fileo.pl\/#organization","name":"MAGAZYN CHRZE\u015aCIJA\u0143SKI &quot;FILEO&quot;","url":"https:\/\/e-fileo.pl\/","logo":{"@type":"ImageObject","inLanguage":"pl-PL","@id":"https:\/\/e-fileo.pl\/#\/schema\/logo\/image\/","url":"https:\/\/i0.wp.com\/e-fileo.pl\/wp-content\/uploads\/2022\/07\/FILEO-7-e1659260414854.png?fit=250%2C196&ssl=1","contentUrl":"https:\/\/i0.wp.com\/e-fileo.pl\/wp-content\/uploads\/2022\/07\/FILEO-7-e1659260414854.png?fit=250%2C196&ssl=1","width":250,"height":196,"caption":"MAGAZYN CHRZE\u015aCIJA\u0143SKI &quot;FILEO&quot; "},"image":{"@id":"https:\/\/e-fileo.pl\/#\/schema\/logo\/image\/"}}]}},"campaignId":"","jetpack_likes_enabled":true,"jetpack_shortlink":"https:\/\/wp.me\/Pba6nO-eQ","jetpack_sharing_enabled":true,"jetpack-related-posts":[{"id":166,"url":"https:\/\/e-fileo.pl\/index.php\/kim-jest-dla-ciebie-jezus-chrystus\/","url_meta":{"origin":920,"position":0},"title":"Jezus Chrystus?","author":"admin","date":"13 lipca 2019","format":false,"excerpt":"Czego uczy Pismo o Osobie Jezusa Chrystusa?Pismo uczy, \u017ce Jezus Chrystus jest prawdziwym Bogiem. Jest jednorodzony u Ojca swego, Syn Boga, a zarazem jest prawdziwym cz\u0142owiekiem, urodzonym z Marii Panny (Mat. 1,18.20; 3.17; 4,2; 26,63.64; Mar. 4,38; \u0141uk. 1,35; 12,50; Jan. 1,1.14; 4,6; 10,30; 17,5; 4,22; 8,14.46; Rzym. 1,3-4; II\u2026","rel":"","context":"Podobny wpis","block_context":{"text":"Podobny wpis","link":""},"img":{"alt_text":"","src":"","width":0,"height":0},"classes":[]},{"id":399,"url":"https:\/\/e-fileo.pl\/index.php\/oddzieleni-dla-boga\/","url_meta":{"origin":920,"position":1},"title":"ODDZIELENI DLA BOGA","author":"admin","date":"14 lipca 2019","format":false,"excerpt":"Mimo i\u017c z\u0142o w swojej istocie pozostaje niezmienne, to jednak wyst\u0119puje ono w najr\u00f3\u017cnorodniejszych postaciach. My, chrze\u015bcijanie, stale znajdujemy si\u0119 pod wp\u0142ywem tego wrogiego, a zarazem kusz\u0105cego \u015bwiata, kt\u00f3ry nas przyci\u0105ga, stara si\u0119 w nas zadomowi\u0107, czyha na nas szukaj\u0105c szczeliny w naszej zbroi (List do Efezjan 6,10-18). Chce nas\u2026","rel":"","context":"Podobny wpis","block_context":{"text":"Podobny wpis","link":""},"img":{"alt_text":"","src":"","width":0,"height":0},"classes":[]},{"id":990,"url":"https:\/\/e-fileo.pl\/index.php\/ix-x-2019-2\/","url_meta":{"origin":920,"position":2},"title":"XI\/XII 2019","author":"admin","date":"14 wrze\u015bnia 2019","format":false,"excerpt":"ARTYKU\u0141 WST\u0118PNY Mi\u0142o\u015b\u0107, kt\u00f3ra zbawia Werset przewodni: ?Albowiem tak B\u00f3g umi\u0142owa\u0142 \u015bwiat, \u017ce Syna swego jednorodzonego da\u0142, aby ka\u017cdy, kto we\u0144 wierzy, nie zgin\u0105\u0142, ale mia\u0142 \u017cywot wieczny? (Ewangelia Jana 3,16). Jak co roku, w ten nadchodz\u0105cy \u015bwi\u0105teczny czas, przypomina\u0107 b\u0119dziemy przyj\u015bcie naszego Pana Jezusa Chrystusa na ten \u015bwiat oraz\u2026","rel":"","context":"Podobny wpis","block_context":{"text":"Podobny wpis","link":""},"img":{"alt_text":"B\u00f3g","src":"https:\/\/i0.wp.com\/e-fileo.pl\/wp-content\/uploads\/2019\/07\/FB_IMG_1544392257009.jpg?fit=960%2C915&ssl=1&resize=350%2C200","width":350,"height":200,"srcset":"https:\/\/i0.wp.com\/e-fileo.pl\/wp-content\/uploads\/2019\/07\/FB_IMG_1544392257009.jpg?fit=960%2C915&ssl=1&resize=350%2C200 1x, https:\/\/i0.wp.com\/e-fileo.pl\/wp-content\/uploads\/2019\/07\/FB_IMG_1544392257009.jpg?fit=960%2C915&ssl=1&resize=525%2C300 1.5x, https:\/\/i0.wp.com\/e-fileo.pl\/wp-content\/uploads\/2019\/07\/FB_IMG_1544392257009.jpg?fit=960%2C915&ssl=1&resize=700%2C400 2x"},"classes":[]},{"id":484,"url":"https:\/\/e-fileo.pl\/index.php\/kto-jest-moim-bliznim\/","url_meta":{"origin":920,"position":3},"title":"KTO JEST MOIM BLI\u0179NIM?","author":"admin","date":"14 lipca 2019","format":false,"excerpt":"?On za\u015b, chc\u0105c si\u0119 usprawiedliwi\u0107, rzek\u0142 do Jezusa: A kto jest bli\u017anim moim? A Jezus, nawi\u0105zuj\u0105c do tego, rzek\u0142: Pewien cz\u0142owiek szed\u0142 z Jerozolimy do Jerycha i wpad\u0142 w r\u0119ce zb\u00f3jc\u00f3w, kt\u00f3rzy go obrabowali, poranili i odeszli, zostawiaj\u0105c go na p\u00f3\u0142 umar\u0142ego. Przypadkiem szed\u0142 t\u0105 drog\u0105 jaki\u015b kap\u0142an i zobaczywszy\u2026","rel":"","context":"Podobny wpis","block_context":{"text":"Podobny wpis","link":""},"img":{"alt_text":"","src":"","width":0,"height":0},"classes":[]},{"id":138,"url":"https:\/\/e-fileo.pl\/index.php\/piec-zasad-protestantyzmu-cz-i\/","url_meta":{"origin":920,"position":4},"title":"PI\u0118\u0106 ZASAD PROTESTANTYZMU ? cz. I","author":"admin","date":"13 lipca 2019","format":false,"excerpt":"5 zasad protestantyzmu s\u0105 to podstawowe doktryny teologii protestanckiej wyra\u017cone w j\u0119zyku \u0142aci\u0144skim w formie hase\u0142:\u00a0Sola scriptura (?Tylko Pismem?), Sola fide (?Tylko wiar\u0105?), Sola gratia (?Tylko \u0142ask\u0105?), Solus Christus (?Tylko Chrystus?), Soli Deo gloria (?Tylko Bogu chwa\u0142a?).Zasady te\u00a0pojawi\u0142y si\u0119 podczas reformacji i do dzisiaj pozostaj\u0105 podstaw\u0105 teologiczn\u0105 protestantyzmu. Wskazuj\u0105 one\u2026","rel":"","context":"Podobny wpis","block_context":{"text":"Podobny wpis","link":""},"img":{"alt_text":"","src":"","width":0,"height":0},"classes":[]},{"id":796,"url":"https:\/\/e-fileo.pl\/index.php\/gina-tysiace-chrzescijan-ks-prof-oko-mahomet-seryjnie-mordowal-a-koran-nakazuje-go-nasladowac\/","url_meta":{"origin":920,"position":5},"title":"Gin\u0105 tysi\u0105ce chrze\u015bcijan-Ks. prof. Oko: Mahomet seryjnie mordowa\u0142, a Koran nakazuje go na\u015bladowa\u0107.","author":"admin","date":"1 wrze\u015bnia 2019","format":false,"excerpt":"Musimy bra\u0107 pod uwag\u0119, \u017ce islam zniszczy\u0142 po\u0142ow\u0119 chrze\u015bcija\u0144stwa, \u017ce muzu\u0142manie ka\u017cdego roku zabijaj\u0105 dziesi\u0105tki tysi\u0119cy chrze\u015bcijan, gwa\u0142c\u0105 dziesi\u0105tki tysi\u0119cy chrze\u015bcijanek. Mamy prawo i obowi\u0105zek, by zastanawia\u0107 si\u0119, co zrobi\u0107, aby nie zniszczyli drugiej po\u0142owy\u00a0? powiedzia\u0142 w TVP Info ksi\u0105dz profesor dr hab. Dariusz Oko. Duchowny, kt\u00f3ry go\u015bci\u0142 w stacji\u2026","rel":"","context":"Podobny wpis","block_context":{"text":"Podobny wpis","link":""},"img":{"alt_text":"","src":"https:\/\/i0.wp.com\/e-fileo.pl\/wp-content\/uploads\/2019\/09\/Ks.-prof.-Oko.jpg?fit=530%2C375&ssl=1&resize=350%2C200","width":350,"height":200,"srcset":"https:\/\/i0.wp.com\/e-fileo.pl\/wp-content\/uploads\/2019\/09\/Ks.-prof.-Oko.jpg?fit=530%2C375&ssl=1&resize=350%2C200 1x, https:\/\/i0.wp.com\/e-fileo.pl\/wp-content\/uploads\/2019\/09\/Ks.-prof.-Oko.jpg?fit=530%2C375&ssl=1&resize=525%2C300 1.5x"},"classes":[]}],"amp_enabled":true,"_links":{"self":[{"href":"https:\/\/e-fileo.pl\/index.php\/wp-json\/wp\/v2\/pages\/920","targetHints":{"allow":["GET"]}}],"collection":[{"href":"https:\/\/e-fileo.pl\/index.php\/wp-json\/wp\/v2\/pages"}],"about":[{"href":"https:\/\/e-fileo.pl\/index.php\/wp-json\/wp\/v2\/types\/page"}],"author":[{"embeddable":true,"href":"https:\/\/e-fileo.pl\/index.php\/wp-json\/wp\/v2\/users\/2"}],"replies":[{"embeddable":true,"href":"https:\/\/e-fileo.pl\/index.php\/wp-json\/wp\/v2\/comments?post=920"}],"version-history":[{"count":2,"href":"https:\/\/e-fileo.pl\/index.php\/wp-json\/wp\/v2\/pages\/920\/revisions"}],"predecessor-version":[{"id":923,"href":"https:\/\/e-fileo.pl\/index.php\/wp-json\/wp\/v2\/pages\/920\/revisions\/923"}],"wp:featuredmedia":[{"embeddable":true,"href":"https:\/\/e-fileo.pl\/index.php\/wp-json\/wp\/v2\/media\/921"}],"wp:attachment":[{"href":"https:\/\/e-fileo.pl\/index.php\/wp-json\/wp\/v2\/media?parent=920"}],"curies":[{"name":"wp","href":"https:\/\/api.w.org\/{rel}","templated":true}]}}