{"id":407,"date":"2019-07-14T10:33:27","date_gmt":"2019-07-14T08:33:27","guid":{"rendered":"http:\/\/e-fileo.pl\/?page_id=407"},"modified":"2020-04-11T15:46:26","modified_gmt":"2020-04-11T13:46:26","slug":"serce-czlowieka-cz-iii","status":"publish","type":"page","link":"https:\/\/e-fileo.pl\/index.php\/serce-czlowieka-cz-iii\/","title":{"rendered":"SERCE CZ\u0141OWIEKA &#8211; cz. III"},"content":{"rendered":"\n<div class=\"wp-block-image\"><figure class=\"aligncenter is-resized\"><img data-recalc-dims=\"1\" fetchpriority=\"high\" decoding=\"async\" data-attachment-id=\"640\" data-permalink=\"https:\/\/e-fileo.pl\/index.php\/serce-czlowieka-cz-iii\/rysunek2\/\" data-orig-file=\"https:\/\/i0.wp.com\/e-fileo.pl\/wp-content\/uploads\/2019\/07\/rysunek2.png?fit=396%2C533&amp;ssl=1\" data-orig-size=\"396,533\" data-comments-opened=\"1\" data-image-meta=\"{&quot;aperture&quot;:&quot;0&quot;,&quot;credit&quot;:&quot;&quot;,&quot;camera&quot;:&quot;&quot;,&quot;caption&quot;:&quot;&quot;,&quot;created_timestamp&quot;:&quot;0&quot;,&quot;copyright&quot;:&quot;&quot;,&quot;focal_length&quot;:&quot;0&quot;,&quot;iso&quot;:&quot;0&quot;,&quot;shutter_speed&quot;:&quot;0&quot;,&quot;title&quot;:&quot;&quot;,&quot;orientation&quot;:&quot;0&quot;}\" data-image-title=\"rysunek2\" data-image-description=\"\" data-image-caption=\"\" data-large-file=\"https:\/\/i0.wp.com\/e-fileo.pl\/wp-content\/uploads\/2019\/07\/rysunek2.png?fit=396%2C533&amp;ssl=1\" src=\"https:\/\/i0.wp.com\/e-fileo.pl\/wp-content\/uploads\/2019\/07\/rysunek2.png?resize=323%2C435\" alt=\"\" class=\"wp-image-640\" width=\"323\" height=\"435\" srcset=\"https:\/\/i0.wp.com\/e-fileo.pl\/wp-content\/uploads\/2019\/07\/rysunek2.png?w=396&amp;ssl=1 396w, https:\/\/i0.wp.com\/e-fileo.pl\/wp-content\/uploads\/2019\/07\/rysunek2.png?resize=223%2C300&amp;ssl=1 223w, https:\/\/i0.wp.com\/e-fileo.pl\/wp-content\/uploads\/2019\/07\/rysunek2.png?resize=37%2C50&amp;ssl=1 37w\" sizes=\"(max-width: 323px) 100vw, 323px\" \/><\/figure><\/div>\n\n\n\n<p>RYSUNEK 2.<\/p>\n\n\n\n<p>Obrazuje przekonane i otwarte serce czyli takie, kt\u00f3re zaczyna szuka\u0107 Jezusa. Przedstawiony na tym rysunku anio\u0142 trzyma miecz ? symbol s\u0142owa pochodz\u0105cego od Boga. ,,Bo S\u0142owo Bo\u017ce jest \u017cywe  i skuteczne, ostrzejsze ni\u017c wszelki miecz obosieczny, przenikaj\u0105ce a\u017c do rozdzielenia duszy i ducha, staw\u00f3w i szpiku, zdolne os\u0105dzi\u0107 zamiary i my\u015bli serca? (List do Hebrajczyk\u00f3w 4,12).<\/p>\n\n\n\n<p>W drugiej r\u0119ce anio\u0142a umieszczona jest czaszka. Ma to na celu przypominanie grzesznikowi o tym, \u017ce wszyscy musimy umrze\u0107, poniewa\u017c ,,zap\u0142at\u0105 za grzech jest \u015bmier\u0107? (List do Rzymian 6,23). Pami\u0119taj o tym, \u017ce nasze cia\u0142o, kt\u00f3re tak bardzo kochamy, od\u017cywiamy, piel\u0119gnujemy i upi\u0119kszamy, kt\u00f3remu po\u015bwi\u0119camy mn\u00f3stwo czasu, pewnego dnia umrze i zostanie zjedzone przez robactwo. Za to nasz duch i dusza, na kt\u00f3re tak ma\u0142o zwracamy uwagi, b\u0119d\u0105 \u017cy\u0107 zawsze i kiedy\u015b b\u0119d\u0105 musia\u0142y si\u0119 zjawi\u0107 przed Bo\u017cym s\u0105dem (Ewangelia Mateusza 25,31-46; Objawienie Jana 20,11-15). Wtedy si\u0119 oka\u017ce, gdzie sp\u0119dzimy wieczno\u015b\u0107 ? w niebie czy w piekle.<\/p>\n\n\n\n<p>Na tym rysunku widzimy grzesznika, kt\u00f3ry zaczyna s\u0142ucha\u0107 s\u0142owa od Boga i otworzy\u0142 swoje serce dla mi\u0142o\u015bci Bo\u017cej. Duch \u015awi\u0119ty cz\u0119\u015bciowo o\u015bwieca to serce i w zwi\u0105zku z tym sumienie cz\u0142owieka budzi si\u0119. S\u0142owo Bo\u017ce m\u00f3wi: ,,Obud\u017a si\u0119, kt\u00f3ry \u015bpisz, i powsta\u0144 z martwych, a zaja\u015bnieje ci Chrystus? (List do Efezjan 5,14). Pan Jezus, kt\u00f3ry jest \u015bwiat\u0142em, chce ca\u0142kowicie zaw\u0142adn\u0105\u0107 tym sercem i wyp\u0119dzi\u0107 z niego ca\u0142\u0105 ciemno\u015b\u0107, czyli szatana i wszystkie grzechy. ,,Ja jestem \u015bwiat\u0142o\u015bci\u0105 \u015bwiata; kto idzie za mn\u0105, nie b\u0119dzie chodzi\u0142 w ciemno\u015bci, ale b\u0119dzie mia\u0142 \u015bwiat\u0142o\u015b\u0107 \u017cywota? (Ewangelia Jana 8,12).<\/p>\n\n\n\n<p>Je\u017celi ten rysunek pokazuje obraz twojego w\u0142asnego serca, to pozw\u00f3l Jezusowi, pozw\u00f3l \u015bwiat\u0142o\u015bci wej\u015b\u0107 do niego i ca\u0142kowicie je o\u015bwieci\u0107, a w\u00f3wczas zostaniesz wyzwolony od ciemno\u015bci. Nigdy nie mo\u017cesz wyp\u0119dzi\u0107 z\u0142a swoim ludzkim wysi\u0142kiem czy te\u017c swoj\u0105 m\u0105dro\u015bci\u0105, poniewa\u017c: ,,\u0141ask\u0105 zbawieni jeste\u015bcie przez wiar\u0119, i to  nie z was: Bo\u017cy to dar; nie z uczynk\u00f3w, aby si\u0119 kto nie chlubi\u0142? (List do Efezjan 2,8-9). Jedynym najprostszym, najpewniejszym, najszybszym i jednocze\u015bnie najbardziej radykalnym sposobem pozbycia si\u0119 ciemno\u015bci jest wpuszczenie \u015bwiat\u0142a do serca. Gdy to uczynisz, wtedy ,,\u015bwiat\u0142o\u015bci\u0105 w dzie\u0144 nie b\u0119dzie ci ju\u017c s\u0142o\u0144ce, a blask ksi\u0119\u017cyca nie b\u0119dzie ci ju\u017c \u015bwieci\u0142, lecz Pan b\u0119dzie twoj\u0105 wieczn\u0105 \u015bwiat\u0142o\u015bci\u0105, a tw\u00f3j B\u00f3g twoj\u0105 chlub\u0105? (Ksi\u0119ga Izajasza 60,19). To Jezus jest s\u0142o\u0144cem, s\u0142o\u0144cem  sprawiedliwo\u015bci. Prorok powiedzia\u0142: ,,Ale dla was, kt\u00f3rzy boicie si\u0119 mojego imienia, wzejdzie s\u0142o\u0144ce sprawiedliwo\u015bci z uzdrowieniem na swoich skrzyd\u0142ach, i b\u0119dziecie wychodzi\u0107 z podskakiwaniem, jak ciel\u0119ta wychodz\u0105ce z obory? (Ksi\u0119ga Malachiasza 3,20). <\/p>\n\n\n\n<p>Pami\u0119taj, \u017ce twoje serce jest przeznaczone na to, aby by\u0107 \u015bwi\u0105tyni\u0105 Bo\u017c\u0105, Bo\u017cym domem. ,,Czy nie wiecie, \u017ce \u015bwi\u0105tyni\u0105 Bo\u017c\u0105 jeste\u015bcie i \u017ce Duch Bo\u017cy mieszka w was?? (I List do Koryntian 3,16). B\u00f3g pragnie przebywa\u0107 w twoim sercu, upi\u0119kszy\u0107 je, nape\u0142ni\u0107 Duchem \u015awi\u0119tym, swoj\u0105 mi\u0142o\u015bci\u0105, rado\u015bci\u0105, pokojem. On powiedzia\u0142: ,,Zamieszkam w nich i b\u0119d\u0119 si\u0119 przechadza\u0142 po\u015br\u00f3d nich, i b\u0119d\u0119 Bogiem ich, a oni b\u0119d\u0105 ludem moim? (II List do Koryntian 6,16).<\/p>\n\n\n\n<p>Wiedz o tym, \u017ce Jezus przyszed\u0142 na \u015bwiat nie tylko po to, aby odpu\u015bci\u0107 nam nasze grzechy. Przyszed\u0142 tak\u017ce w tym celu, \u017ceby uwolni\u0107 nas od mocy i panowania grzechu, poniewa\u017c ,,ka\u017cdy, kto grzeszy, jest niewolnikiem grzechu. A niewolnik nie pozostaje w domu na zawsze, lecz syn pozostaje na zawsze. Je\u015bli wi\u0119c Syn was wyswobodzi, prawdziwie wolnymi b\u0119dziecie? (Ewangelia Jana 8,34-36).<\/p>\n\n\n\n<p>Tak wi\u0119c nie pozostawaj d\u0142u\u017cej w niewoli grzechu. Pozw\u00f3l Jezusowi, \u017ceby ci\u0119 uwolni\u0142!<\/p>\n\n\n\n<p>(na podstawie broszury ?Serce Cz\u0142owieka Albo Duchowe Zwierciad\u0142o Serca?<\/p>\n\n\n\n<p class=\"has-text-align-right\">opr. Estera Bednarska)<\/p>\n","protected":false},"excerpt":{"rendered":"<p>RYSUNEK 2. Obrazuje przekonane i otwarte serce czyli takie, kt\u00f3re zaczyna szuka\u0107 Jezusa. Przedstawiony na tym rysunku anio\u0142 trzyma miecz ? symbol s\u0142owa pochodz\u0105cego od Boga. ,,Bo S\u0142owo Bo\u017ce jest \u017cywe i skuteczne, ostrzejsze ni\u017c wszelki miecz obosieczny, przenikaj\u0105ce a\u017c&#46;&#46;&#46;<\/p>\n","protected":false},"author":2,"featured_media":0,"parent":0,"menu_order":0,"comment_status":"closed","ping_status":"closed","template":"","meta":{"give_campaign_id":0,"jetpack_post_was_ever_published":false,"footnotes":""},"class_list":["post-407","page","type-page","status-publish","hentry"],"wppr_data":{"cwp_meta_box_check":"No"},"yoast_head":"<!-- This site is optimized with the Yoast SEO plugin v27.0 - https:\/\/yoast.com\/product\/yoast-seo-wordpress\/ -->\n<title>SERCE CZ\u0141OWIEKA - cz. III - MAGAZYN CHRZE\u015aCIJA\u0143SKI &quot;FILEO&quot;<\/title>\n<meta name=\"robots\" content=\"index, follow, max-snippet:-1, max-image-preview:large, max-video-preview:-1\" \/>\n<link rel=\"canonical\" href=\"https:\/\/e-fileo.pl\/index.php\/serce-czlowieka-cz-iii\/\" \/>\n<meta property=\"og:locale\" content=\"pl_PL\" \/>\n<meta property=\"og:type\" content=\"article\" \/>\n<meta property=\"og:title\" content=\"SERCE CZ\u0141OWIEKA - cz. III - MAGAZYN CHRZE\u015aCIJA\u0143SKI &quot;FILEO&quot;\" \/>\n<meta property=\"og:description\" content=\"RYSUNEK 2. Obrazuje przekonane i otwarte serce czyli takie, kt\u00f3re zaczyna szuka\u0107 Jezusa. Przedstawiony na tym rysunku anio\u0142 trzyma miecz ? symbol s\u0142owa pochodz\u0105cego od Boga. ,,Bo S\u0142owo Bo\u017ce jest \u017cywe i skuteczne, ostrzejsze ni\u017c wszelki miecz obosieczny, przenikaj\u0105ce a\u017c&#046;&#046;&#046;\" \/>\n<meta property=\"og:url\" content=\"https:\/\/e-fileo.pl\/index.php\/serce-czlowieka-cz-iii\/\" \/>\n<meta property=\"og:site_name\" content=\"MAGAZYN CHRZE\u015aCIJA\u0143SKI &quot;FILEO&quot;\" \/>\n<meta property=\"article:modified_time\" content=\"2020-04-11T13:46:26+00:00\" \/>\n<meta property=\"og:image\" content=\"http:\/\/e-fileo.pl\/wp-content\/uploads\/2019\/07\/rysunek2.png\" \/>\n<meta name=\"twitter:card\" content=\"summary_large_image\" \/>\n<meta name=\"twitter:label1\" content=\"Szacowany czas czytania\" \/>\n\t<meta name=\"twitter:data1\" content=\"3 minuty\" \/>\n<script type=\"application\/ld+json\" class=\"yoast-schema-graph\">{\"@context\":\"https:\/\/schema.org\",\"@graph\":[{\"@type\":\"WebPage\",\"@id\":\"https:\/\/e-fileo.pl\/index.php\/serce-czlowieka-cz-iii\/\",\"url\":\"https:\/\/e-fileo.pl\/index.php\/serce-czlowieka-cz-iii\/\",\"name\":\"SERCE CZ\u0141OWIEKA - cz. III - MAGAZYN CHRZE\u015aCIJA\u0143SKI &quot;FILEO&quot;\",\"isPartOf\":{\"@id\":\"https:\/\/e-fileo.pl\/#website\"},\"primaryImageOfPage\":{\"@id\":\"https:\/\/e-fileo.pl\/index.php\/serce-czlowieka-cz-iii\/#primaryimage\"},\"image\":{\"@id\":\"https:\/\/e-fileo.pl\/index.php\/serce-czlowieka-cz-iii\/#primaryimage\"},\"thumbnailUrl\":\"http:\/\/e-fileo.pl\/wp-content\/uploads\/2019\/07\/rysunek2.png\",\"datePublished\":\"2019-07-14T08:33:27+00:00\",\"dateModified\":\"2020-04-11T13:46:26+00:00\",\"breadcrumb\":{\"@id\":\"https:\/\/e-fileo.pl\/index.php\/serce-czlowieka-cz-iii\/#breadcrumb\"},\"inLanguage\":\"pl-PL\",\"potentialAction\":[{\"@type\":\"ReadAction\",\"target\":[\"https:\/\/e-fileo.pl\/index.php\/serce-czlowieka-cz-iii\/\"]}]},{\"@type\":\"ImageObject\",\"inLanguage\":\"pl-PL\",\"@id\":\"https:\/\/e-fileo.pl\/index.php\/serce-czlowieka-cz-iii\/#primaryimage\",\"url\":\"http:\/\/e-fileo.pl\/wp-content\/uploads\/2019\/07\/rysunek2.png\",\"contentUrl\":\"http:\/\/e-fileo.pl\/wp-content\/uploads\/2019\/07\/rysunek2.png\"},{\"@type\":\"BreadcrumbList\",\"@id\":\"https:\/\/e-fileo.pl\/index.php\/serce-czlowieka-cz-iii\/#breadcrumb\",\"itemListElement\":[{\"@type\":\"ListItem\",\"position\":1,\"name\":\"Strona g\u0142\u00f3wna\",\"item\":\"https:\/\/e-fileo.pl\/\"},{\"@type\":\"ListItem\",\"position\":2,\"name\":\"SERCE CZ\u0141OWIEKA &#8211; cz. III\"}]},{\"@type\":\"WebSite\",\"@id\":\"https:\/\/e-fileo.pl\/#website\",\"url\":\"https:\/\/e-fileo.pl\/\",\"name\":\"MAGAZYN CHRZE\u015aCIJA\u0143SKI &quot;FILEO&quot;\",\"description\":\" \",\"publisher\":{\"@id\":\"https:\/\/e-fileo.pl\/#organization\"},\"potentialAction\":[{\"@type\":\"SearchAction\",\"target\":{\"@type\":\"EntryPoint\",\"urlTemplate\":\"https:\/\/e-fileo.pl\/?s={search_term_string}\"},\"query-input\":{\"@type\":\"PropertyValueSpecification\",\"valueRequired\":true,\"valueName\":\"search_term_string\"}}],\"inLanguage\":\"pl-PL\"},{\"@type\":\"Organization\",\"@id\":\"https:\/\/e-fileo.pl\/#organization\",\"name\":\"MAGAZYN CHRZE\u015aCIJA\u0143SKI &quot;FILEO&quot;\",\"url\":\"https:\/\/e-fileo.pl\/\",\"logo\":{\"@type\":\"ImageObject\",\"inLanguage\":\"pl-PL\",\"@id\":\"https:\/\/e-fileo.pl\/#\/schema\/logo\/image\/\",\"url\":\"https:\/\/i0.wp.com\/e-fileo.pl\/wp-content\/uploads\/2022\/07\/FILEO-7-e1659260414854.png?fit=250%2C196&ssl=1\",\"contentUrl\":\"https:\/\/i0.wp.com\/e-fileo.pl\/wp-content\/uploads\/2022\/07\/FILEO-7-e1659260414854.png?fit=250%2C196&ssl=1\",\"width\":250,\"height\":196,\"caption\":\"MAGAZYN CHRZE\u015aCIJA\u0143SKI &quot;FILEO&quot; \"},\"image\":{\"@id\":\"https:\/\/e-fileo.pl\/#\/schema\/logo\/image\/\"}}]}<\/script>\n<!-- \/ Yoast SEO plugin. -->","yoast_head_json":{"title":"SERCE CZ\u0141OWIEKA - cz. III - MAGAZYN CHRZE\u015aCIJA\u0143SKI &quot;FILEO&quot;","robots":{"index":"index","follow":"follow","max-snippet":"max-snippet:-1","max-image-preview":"max-image-preview:large","max-video-preview":"max-video-preview:-1"},"canonical":"https:\/\/e-fileo.pl\/index.php\/serce-czlowieka-cz-iii\/","og_locale":"pl_PL","og_type":"article","og_title":"SERCE CZ\u0141OWIEKA - cz. III - MAGAZYN CHRZE\u015aCIJA\u0143SKI &quot;FILEO&quot;","og_description":"RYSUNEK 2. Obrazuje przekonane i otwarte serce czyli takie, kt\u00f3re zaczyna szuka\u0107 Jezusa. Przedstawiony na tym rysunku anio\u0142 trzyma miecz ? symbol s\u0142owa pochodz\u0105cego od Boga. ,,Bo S\u0142owo Bo\u017ce jest \u017cywe i skuteczne, ostrzejsze ni\u017c wszelki miecz obosieczny, przenikaj\u0105ce a\u017c&#46;&#46;&#46;","og_url":"https:\/\/e-fileo.pl\/index.php\/serce-czlowieka-cz-iii\/","og_site_name":"MAGAZYN CHRZE\u015aCIJA\u0143SKI &quot;FILEO&quot;","article_modified_time":"2020-04-11T13:46:26+00:00","og_image":[{"url":"http:\/\/e-fileo.pl\/wp-content\/uploads\/2019\/07\/rysunek2.png","type":"","width":"","height":""}],"twitter_card":"summary_large_image","twitter_misc":{"Szacowany czas czytania":"3 minuty"},"schema":{"@context":"https:\/\/schema.org","@graph":[{"@type":"WebPage","@id":"https:\/\/e-fileo.pl\/index.php\/serce-czlowieka-cz-iii\/","url":"https:\/\/e-fileo.pl\/index.php\/serce-czlowieka-cz-iii\/","name":"SERCE CZ\u0141OWIEKA - cz. III - MAGAZYN CHRZE\u015aCIJA\u0143SKI &quot;FILEO&quot;","isPartOf":{"@id":"https:\/\/e-fileo.pl\/#website"},"primaryImageOfPage":{"@id":"https:\/\/e-fileo.pl\/index.php\/serce-czlowieka-cz-iii\/#primaryimage"},"image":{"@id":"https:\/\/e-fileo.pl\/index.php\/serce-czlowieka-cz-iii\/#primaryimage"},"thumbnailUrl":"http:\/\/e-fileo.pl\/wp-content\/uploads\/2019\/07\/rysunek2.png","datePublished":"2019-07-14T08:33:27+00:00","dateModified":"2020-04-11T13:46:26+00:00","breadcrumb":{"@id":"https:\/\/e-fileo.pl\/index.php\/serce-czlowieka-cz-iii\/#breadcrumb"},"inLanguage":"pl-PL","potentialAction":[{"@type":"ReadAction","target":["https:\/\/e-fileo.pl\/index.php\/serce-czlowieka-cz-iii\/"]}]},{"@type":"ImageObject","inLanguage":"pl-PL","@id":"https:\/\/e-fileo.pl\/index.php\/serce-czlowieka-cz-iii\/#primaryimage","url":"http:\/\/e-fileo.pl\/wp-content\/uploads\/2019\/07\/rysunek2.png","contentUrl":"http:\/\/e-fileo.pl\/wp-content\/uploads\/2019\/07\/rysunek2.png"},{"@type":"BreadcrumbList","@id":"https:\/\/e-fileo.pl\/index.php\/serce-czlowieka-cz-iii\/#breadcrumb","itemListElement":[{"@type":"ListItem","position":1,"name":"Strona g\u0142\u00f3wna","item":"https:\/\/e-fileo.pl\/"},{"@type":"ListItem","position":2,"name":"SERCE CZ\u0141OWIEKA &#8211; cz. III"}]},{"@type":"WebSite","@id":"https:\/\/e-fileo.pl\/#website","url":"https:\/\/e-fileo.pl\/","name":"MAGAZYN CHRZE\u015aCIJA\u0143SKI &quot;FILEO&quot;","description":" ","publisher":{"@id":"https:\/\/e-fileo.pl\/#organization"},"potentialAction":[{"@type":"SearchAction","target":{"@type":"EntryPoint","urlTemplate":"https:\/\/e-fileo.pl\/?s={search_term_string}"},"query-input":{"@type":"PropertyValueSpecification","valueRequired":true,"valueName":"search_term_string"}}],"inLanguage":"pl-PL"},{"@type":"Organization","@id":"https:\/\/e-fileo.pl\/#organization","name":"MAGAZYN CHRZE\u015aCIJA\u0143SKI &quot;FILEO&quot;","url":"https:\/\/e-fileo.pl\/","logo":{"@type":"ImageObject","inLanguage":"pl-PL","@id":"https:\/\/e-fileo.pl\/#\/schema\/logo\/image\/","url":"https:\/\/i0.wp.com\/e-fileo.pl\/wp-content\/uploads\/2022\/07\/FILEO-7-e1659260414854.png?fit=250%2C196&ssl=1","contentUrl":"https:\/\/i0.wp.com\/e-fileo.pl\/wp-content\/uploads\/2022\/07\/FILEO-7-e1659260414854.png?fit=250%2C196&ssl=1","width":250,"height":196,"caption":"MAGAZYN CHRZE\u015aCIJA\u0143SKI &quot;FILEO&quot; "},"image":{"@id":"https:\/\/e-fileo.pl\/#\/schema\/logo\/image\/"}}]}},"campaignId":"","jetpack_likes_enabled":true,"jetpack_shortlink":"https:\/\/wp.me\/Pba6nO-6z","jetpack_sharing_enabled":true,"jetpack-related-posts":[{"id":442,"url":"https:\/\/e-fileo.pl\/index.php\/serce-czlowieka-cz-iv\/","url_meta":{"origin":407,"position":0},"title":"SERCE CZ\u0141OWIEKA &#8211; cz. IV","author":"admin","date":"14 lipca 2019","format":false,"excerpt":"Ten rysunek pokazuje nam stan grzesznika, kt\u00f3ry pokutuje, czyli szczerze \u017ca\u0142uje za swoje grzechy. Teraz przypomina sobie to, co z\u0142ego uczyni\u0142. Jest przekonany o tym, \u017ce to z jego powodu Jezus Chrystus cierpia\u0142 i umar\u0142 na krzy\u017cu. Gdy patrzy na krzy\u017c, kt\u00f3ry anio\u0142 trzyma w r\u0119ce, w\u00f3wczas odczuwa b\u00f3l w\u2026","rel":"","context":"Podobny wpis","block_context":{"text":"Podobny wpis","link":""},"img":{"alt_text":"","src":"https:\/\/i0.wp.com\/e-fileo.pl\/wp-content\/uploads\/2019\/07\/rysunek3.png?resize=350%2C200&ssl=1","width":350,"height":200},"classes":[]},{"id":192,"url":"https:\/\/e-fileo.pl\/index.php\/serce-czlowieka-cz-ii\/","url_meta":{"origin":407,"position":1},"title":"SERCE CZ\u0141OWIEKA cz.II","author":"admin","date":"13 lipca 2019","format":false,"excerpt":"Ten rysunek przedstawia serce cz\u0142owieka niewierz\u0105cego, kt\u00f3rego Pismo \u015awi\u0119te nazywa grzesznikiem. Jest to serce kierowane przez boga tego \u015bwiata, czyli szatana oraz przez po\u017c\u0105dliwo\u015b\u0107 cia\u0142a, po\u017c\u0105dliwo\u015b\u0107 oczu i pych\u0119 \u017cycia\u00a0(I\u00a0List\u00a0Jana 2,15-17).\u00a0Rysunek pokazuje prawdziwy obraz serca w taki spos\u00f3b, w jaki B\u00f3g je widzi. Czerwone oczy przedstawionego na nim cz\u0142owieka \u015bwiadcz\u0105\u2026","rel":"","context":"Podobny wpis","block_context":{"text":"Podobny wpis","link":""},"img":{"alt_text":"","src":"https:\/\/i0.wp.com\/e-fileo.pl\/wp-content\/uploads\/2019\/07\/rysunek1.png?resize=350%2C200&ssl=1","width":350,"height":200},"classes":[]},{"id":548,"url":"https:\/\/e-fileo.pl\/index.php\/serce-czlowieka-cz-vi\/","url_meta":{"origin":407,"position":2},"title":"SERCE CZ\u0141OWIEKA &#8211; cz. VI","author":"admin","date":"14 lipca 2019","format":false,"excerpt":"RYSUNEK 5. Widzimy tutaj serce oczyszczone i u\u015bwi\u0119cone przez \u0142ask\u0119 i mi\u0142osierdzie Bo\u017ce dla zbawionego grzesznika. To serce jest Bo\u017c\u0105 \u015bwi\u0105tyni\u0105, mieszkaniem Boga Ojca, Syna i Ducha \u015awi\u0119tego. Sta\u0142o si\u0119 tak zgodnie z obietnic\u0105 Jezusa Chrystusa: ,,Je\u015bli kto mnie mi\u0142uje, s\u0142owa mojego przestrzega\u0107 b\u0119dzie, i Ojciec m\u00f3j umi\u0142uje go, i\u2026","rel":"","context":"Podobny wpis","block_context":{"text":"Podobny wpis","link":""},"img":{"alt_text":"","src":"https:\/\/i0.wp.com\/e-fileo.pl\/wp-content\/uploads\/2019\/07\/rysunek5.png?resize=350%2C200&ssl=1","width":350,"height":200},"classes":[]},{"id":7781,"url":"https:\/\/e-fileo.pl\/index.php\/rozwazania-biblijne-09-09-2022\/","url_meta":{"origin":407,"position":3},"title":"ROZWA\u017bANIA BIBLIJNE 09.09.2022","author":"admin","date":"9 wrze\u015bnia 2022","format":false,"excerpt":"................................................................................................................................................................................. 09.09 \u201eBo chocia\u017c \u017cyjemy w ciele, nie walczymy cielesnymi \u015brodkami. Gdy\u017c or\u0119\u017c nasz, kt\u00f3rym walczymy, nie jest cielesny, lecz ma moc burzenia warowni dla sprawy Bo\u017cej; nim te\u017c unicestwiamy z\u0142e zamys\u0142y.\u201d (II List do Koryntian 10,3-4) Jako chrze\u015bcijanie prowadzimy nieustann\u0105 walk\u0119. Nie jest to walka cielesna, lecz duchowa. Biblia\u2026","rel":"","context":"Podobny wpis","block_context":{"text":"Podobny wpis","link":""},"img":{"alt_text":"Rozwa\u017cania Biblijne","src":"https:\/\/i0.wp.com\/e-fileo.pl\/wp-content\/uploads\/2022\/09\/09.09.2022.jpg?fit=1200%2C794&ssl=1&resize=350%2C200","width":350,"height":200,"srcset":"https:\/\/i0.wp.com\/e-fileo.pl\/wp-content\/uploads\/2022\/09\/09.09.2022.jpg?fit=1200%2C794&ssl=1&resize=350%2C200 1x, https:\/\/i0.wp.com\/e-fileo.pl\/wp-content\/uploads\/2022\/09\/09.09.2022.jpg?fit=1200%2C794&ssl=1&resize=525%2C300 1.5x, https:\/\/i0.wp.com\/e-fileo.pl\/wp-content\/uploads\/2022\/09\/09.09.2022.jpg?fit=1200%2C794&ssl=1&resize=700%2C400 2x, https:\/\/i0.wp.com\/e-fileo.pl\/wp-content\/uploads\/2022\/09\/09.09.2022.jpg?fit=1200%2C794&ssl=1&resize=1050%2C600 3x"},"classes":[]},{"id":418,"url":"https:\/\/e-fileo.pl\/index.php\/slowo-boze-moja-pomoca-kazdego-dnia-cz-iv\/","url_meta":{"origin":407,"position":4},"title":"S\u0141OWO BO\u017bE MOJ\u0104 POMOC\u0104 KA\u017bDEGO DNIA ? CZ. IV","author":"admin","date":"14 lipca 2019","format":false,"excerpt":"Gdy walcz\u0119 z grzechem ?Po\u0142o\u017cy\u0142em dzi\u015b przed tob\u0105 \u017cycie i \u015bmier\u0107, b\u0142ogos\u0142awie\u0144stwo i przekle\u0144stwo. Wybierz przeto \u017cycie, aby\u015b \u017cy\u0142, ty i twoje potomstwo, mi\u0142uj\u0105c Pana, Boga twego, s\u0142uchaj\u0105c jego g\u0142osu i lgn\u0105c do niego, gdy\u017c w tym jest twoje \u017cycie i przed\u0142u\u017cenie twoich dni?. (V Ksi\u0119ga Moj\u017ceszowa 30,19-20) ?A jak\u2026","rel":"","context":"Podobny wpis","block_context":{"text":"Podobny wpis","link":""},"img":{"alt_text":"","src":"","width":0,"height":0},"classes":[]},{"id":151,"url":"https:\/\/e-fileo.pl\/index.php\/serce-czlowieka\/","url_meta":{"origin":407,"position":5},"title":"SERCE CZ\u0141OWIEKA","author":"admin","date":"13 lipca 2019","format":false,"excerpt":"albo duchowe zwierciad\u0142o serca \u00a0? cz. I Serce cz\u0142owieka jest albo \u015bwi\u0105tyni\u0105 Boga, albo mieszkaniem szatana (I Jana 3,4-10) Ta broszura powsta\u0142a wiele lat temu i sta\u0142a si\u0119 wielkim b\u0142ogos\u0142awie\u0144stwem dla tysi\u0119cy ludzi. W obecnym opracowaniu zosta\u0142a ona zmodyfikowana, a zawarte w niej tre\u015bci dostosowano do czas\u00f3w wsp\u00f3\u0142czesnych. Jest ona\u2026","rel":"","context":"Podobny wpis","block_context":{"text":"Podobny wpis","link":""},"img":{"alt_text":"","src":"","width":0,"height":0},"classes":[]}],"amp_enabled":true,"_links":{"self":[{"href":"https:\/\/e-fileo.pl\/index.php\/wp-json\/wp\/v2\/pages\/407","targetHints":{"allow":["GET"]}}],"collection":[{"href":"https:\/\/e-fileo.pl\/index.php\/wp-json\/wp\/v2\/pages"}],"about":[{"href":"https:\/\/e-fileo.pl\/index.php\/wp-json\/wp\/v2\/types\/page"}],"author":[{"embeddable":true,"href":"https:\/\/e-fileo.pl\/index.php\/wp-json\/wp\/v2\/users\/2"}],"replies":[{"embeddable":true,"href":"https:\/\/e-fileo.pl\/index.php\/wp-json\/wp\/v2\/comments?post=407"}],"version-history":[{"count":2,"href":"https:\/\/e-fileo.pl\/index.php\/wp-json\/wp\/v2\/pages\/407\/revisions"}],"predecessor-version":[{"id":641,"href":"https:\/\/e-fileo.pl\/index.php\/wp-json\/wp\/v2\/pages\/407\/revisions\/641"}],"wp:attachment":[{"href":"https:\/\/e-fileo.pl\/index.php\/wp-json\/wp\/v2\/media?parent=407"}],"curies":[{"name":"wp","href":"https:\/\/api.w.org\/{rel}","templated":true}]}}