{"id":376,"date":"2019-07-14T10:15:07","date_gmt":"2019-07-14T08:15:07","guid":{"rendered":"http:\/\/e-fileo.pl\/?page_id=376"},"modified":"2020-04-11T16:12:26","modified_gmt":"2020-04-11T14:12:26","slug":"i-ii-2019","status":"publish","type":"page","link":"https:\/\/e-fileo.pl\/index.php\/i-ii-2019\/","title":{"rendered":"I\/II 2019"},"content":{"rendered":"\n<div class=\"wp-block-cover has-background-dim\" style=\"background-image:url(http:\/\/e-fileo.pl\/wp-content\/uploads\/2020\/03\/fantasy-3186483_1920.jpg)\"><div class=\"wp-block-cover__inner-container is-layout-flow wp-block-cover-is-layout-flow\">\n<p class=\"has-text-align-center has-large-font-size\">w numerze:<\/p>\n\n\n\n<ul class=\"wp-block-list\"><li><a rel=\"noreferrer noopener\" href=\"http:\/\/e-fileo.pl\/index.php\/co-oznacza-byc-czlowiekiem-wybranym-przez-boga\/\" target=\"_blank\"><em><strong>CO OZNACZA BY\u0106 CZ\u0141OWIEKIEM WYBRANYM PRZEZ BOGA?<\/strong><\/em><\/a><\/li><li><a rel=\"noreferrer noopener\" href=\"http:\/\/e-fileo.pl\/index.php\/co-oznacza-byc-czlowiekiem-wybranym-przez-boga\/\" target=\"_blank\"><em><strong>S\u0141OWO BO\u017bE MOJ\u0104 POMOC\u0104 KA\u017bDEGO DNIA cz.III<\/strong><\/em><\/a><\/li><li><a rel=\"noreferrer noopener\" href=\"http:\/\/e-fileo.pl\/index.php\/co-oznacza-byc-czlowiekiem-wybranym-przez-boga\/\" target=\"_blank\"><em><strong>JEST JU\u017b U NASZYCH DRZWI<\/strong><\/em><\/a><\/li><li><a rel=\"noreferrer noopener\" href=\"http:\/\/e-fileo.pl\/index.php\/co-oznacza-byc-czlowiekiem-wybranym-przez-boga\/\" target=\"_blank\"><em><strong>CZY WIERZYSZ W PONOWNE PRZYJ\u015aCIE JEZUSA?<\/strong><\/em><\/a><\/li><li><a rel=\"noreferrer noopener\" href=\"http:\/\/e-fileo.pl\/index.php\/co-oznacza-byc-czlowiekiem-wybranym-przez-boga\/\" target=\"_blank\"><em><strong>ROZWA\u017bANIA O CZASIE<\/strong><\/em><\/a><\/li><li><a rel=\"noreferrer noopener\" href=\"http:\/\/e-fileo.pl\/index.php\/co-oznacza-byc-czlowiekiem-wybranym-przez-boga\/\" target=\"_blank\"><em><strong>ODDZIELENI DLA BOGA<\/strong><\/em><\/a><\/li><li><a rel=\"noreferrer noopener\" href=\"http:\/\/e-fileo.pl\/index.php\/co-oznacza-byc-czlowiekiem-wybranym-przez-boga\/\" target=\"_blank\"><em><strong>PRAWDZIWE ODDZIELENIE OD \u015aWIATA<\/strong><\/em><\/a><\/li><li><a rel=\"noreferrer noopener\" href=\"http:\/\/e-fileo.pl\/index.php\/co-oznacza-byc-czlowiekiem-wybranym-przez-boga\/\" target=\"_blank\"><em><strong>SERCE CZ\u0141OWIEKA ? cz. III<\/strong><\/em><\/a><\/li><li><a rel=\"noreferrer noopener\" href=\"http:\/\/e-fileo.pl\/index.php\/chwale-cie-panie\/\" target=\"_blank\"><em><strong>CHWAL\u0118 CI\u0118, PANIE<\/strong><\/em><\/a><\/li><\/ul>\n\n\n\n<p><\/p>\n<\/div><\/div>\n\n\n\n<blockquote class=\"wp-block-quote has-text-align-center is-layout-flow wp-block-quote-is-layout-flow\"><p><\/p><\/blockquote>\n\n\n\n<ul class=\"wp-block-list\"><li><\/li><\/ul>\n","protected":false},"excerpt":{"rendered":"","protected":false},"author":2,"featured_media":0,"parent":0,"menu_order":0,"comment_status":"closed","ping_status":"closed","template":"","meta":{"give_campaign_id":0,"footnotes":""},"class_list":["post-376","page","type-page","status-publish","hentry"],"wppr_data":{"cwp_meta_box_check":"No"},"yoast_head":"<!-- This site is optimized with the Yoast SEO plugin v27.5 - https:\/\/yoast.com\/product\/yoast-seo-wordpress\/ -->\n<title>I\/II 2019 - MAGAZYN CHRZE\u015aCIJA\u0143SKI &quot;FILEO&quot;<\/title>\n<meta name=\"robots\" content=\"index, follow, max-snippet:-1, max-image-preview:large, max-video-preview:-1\" \/>\n<link rel=\"canonical\" href=\"https:\/\/e-fileo.pl\/index.php\/i-ii-2019\/\" \/>\n<meta property=\"og:locale\" content=\"pl_PL\" \/>\n<meta property=\"og:type\" content=\"article\" \/>\n<meta property=\"og:title\" content=\"I\/II 2019 - MAGAZYN CHRZE\u015aCIJA\u0143SKI &quot;FILEO&quot;\" \/>\n<meta property=\"og:url\" content=\"https:\/\/e-fileo.pl\/index.php\/i-ii-2019\/\" \/>\n<meta property=\"og:site_name\" content=\"MAGAZYN CHRZE\u015aCIJA\u0143SKI &quot;FILEO&quot;\" \/>\n<meta property=\"article:modified_time\" content=\"2020-04-11T14:12:26+00:00\" \/>\n<meta name=\"twitter:card\" content=\"summary_large_image\" \/>\n<script type=\"application\/ld+json\" class=\"yoast-schema-graph\">{\"@context\":\"https:\\\/\\\/schema.org\",\"@graph\":[{\"@type\":\"WebPage\",\"@id\":\"https:\\\/\\\/e-fileo.pl\\\/index.php\\\/i-ii-2019\\\/\",\"url\":\"https:\\\/\\\/e-fileo.pl\\\/index.php\\\/i-ii-2019\\\/\",\"name\":\"I\\\/II 2019 - MAGAZYN CHRZE\u015aCIJA\u0143SKI &quot;FILEO&quot;\",\"isPartOf\":{\"@id\":\"https:\\\/\\\/e-fileo.pl\\\/#website\"},\"datePublished\":\"2019-07-14T08:15:07+00:00\",\"dateModified\":\"2020-04-11T14:12:26+00:00\",\"breadcrumb\":{\"@id\":\"https:\\\/\\\/e-fileo.pl\\\/index.php\\\/i-ii-2019\\\/#breadcrumb\"},\"inLanguage\":\"pl-PL\",\"potentialAction\":[{\"@type\":\"ReadAction\",\"target\":[\"https:\\\/\\\/e-fileo.pl\\\/index.php\\\/i-ii-2019\\\/\"]}]},{\"@type\":\"BreadcrumbList\",\"@id\":\"https:\\\/\\\/e-fileo.pl\\\/index.php\\\/i-ii-2019\\\/#breadcrumb\",\"itemListElement\":[{\"@type\":\"ListItem\",\"position\":1,\"name\":\"Strona g\u0142\u00f3wna\",\"item\":\"https:\\\/\\\/e-fileo.pl\\\/\"},{\"@type\":\"ListItem\",\"position\":2,\"name\":\"I\\\/II 2019\"}]},{\"@type\":\"WebSite\",\"@id\":\"https:\\\/\\\/e-fileo.pl\\\/#website\",\"url\":\"https:\\\/\\\/e-fileo.pl\\\/\",\"name\":\"MAGAZYN CHRZE\u015aCIJA\u0143SKI &quot;FILEO&quot;\",\"description\":\" \",\"publisher\":{\"@id\":\"https:\\\/\\\/e-fileo.pl\\\/#organization\"},\"potentialAction\":[{\"@type\":\"SearchAction\",\"target\":{\"@type\":\"EntryPoint\",\"urlTemplate\":\"https:\\\/\\\/e-fileo.pl\\\/?s={search_term_string}\"},\"query-input\":{\"@type\":\"PropertyValueSpecification\",\"valueRequired\":true,\"valueName\":\"search_term_string\"}}],\"inLanguage\":\"pl-PL\"},{\"@type\":\"Organization\",\"@id\":\"https:\\\/\\\/e-fileo.pl\\\/#organization\",\"name\":\"MAGAZYN CHRZE\u015aCIJA\u0143SKI &quot;FILEO&quot;\",\"url\":\"https:\\\/\\\/e-fileo.pl\\\/\",\"logo\":{\"@type\":\"ImageObject\",\"inLanguage\":\"pl-PL\",\"@id\":\"https:\\\/\\\/e-fileo.pl\\\/#\\\/schema\\\/logo\\\/image\\\/\",\"url\":\"https:\\\/\\\/i0.wp.com\\\/e-fileo.pl\\\/wp-content\\\/uploads\\\/2022\\\/07\\\/FILEO-7-e1659260414854.png?fit=250%2C196&ssl=1\",\"contentUrl\":\"https:\\\/\\\/i0.wp.com\\\/e-fileo.pl\\\/wp-content\\\/uploads\\\/2022\\\/07\\\/FILEO-7-e1659260414854.png?fit=250%2C196&ssl=1\",\"width\":250,\"height\":196,\"caption\":\"MAGAZYN CHRZE\u015aCIJA\u0143SKI &quot;FILEO&quot; \"},\"image\":{\"@id\":\"https:\\\/\\\/e-fileo.pl\\\/#\\\/schema\\\/logo\\\/image\\\/\"}}]}<\/script>\n<!-- \/ Yoast SEO plugin. -->","yoast_head_json":{"title":"I\/II 2019 - MAGAZYN CHRZE\u015aCIJA\u0143SKI &quot;FILEO&quot;","robots":{"index":"index","follow":"follow","max-snippet":"max-snippet:-1","max-image-preview":"max-image-preview:large","max-video-preview":"max-video-preview:-1"},"canonical":"https:\/\/e-fileo.pl\/index.php\/i-ii-2019\/","og_locale":"pl_PL","og_type":"article","og_title":"I\/II 2019 - MAGAZYN CHRZE\u015aCIJA\u0143SKI &quot;FILEO&quot;","og_url":"https:\/\/e-fileo.pl\/index.php\/i-ii-2019\/","og_site_name":"MAGAZYN CHRZE\u015aCIJA\u0143SKI &quot;FILEO&quot;","article_modified_time":"2020-04-11T14:12:26+00:00","twitter_card":"summary_large_image","schema":{"@context":"https:\/\/schema.org","@graph":[{"@type":"WebPage","@id":"https:\/\/e-fileo.pl\/index.php\/i-ii-2019\/","url":"https:\/\/e-fileo.pl\/index.php\/i-ii-2019\/","name":"I\/II 2019 - MAGAZYN CHRZE\u015aCIJA\u0143SKI &quot;FILEO&quot;","isPartOf":{"@id":"https:\/\/e-fileo.pl\/#website"},"datePublished":"2019-07-14T08:15:07+00:00","dateModified":"2020-04-11T14:12:26+00:00","breadcrumb":{"@id":"https:\/\/e-fileo.pl\/index.php\/i-ii-2019\/#breadcrumb"},"inLanguage":"pl-PL","potentialAction":[{"@type":"ReadAction","target":["https:\/\/e-fileo.pl\/index.php\/i-ii-2019\/"]}]},{"@type":"BreadcrumbList","@id":"https:\/\/e-fileo.pl\/index.php\/i-ii-2019\/#breadcrumb","itemListElement":[{"@type":"ListItem","position":1,"name":"Strona g\u0142\u00f3wna","item":"https:\/\/e-fileo.pl\/"},{"@type":"ListItem","position":2,"name":"I\/II 2019"}]},{"@type":"WebSite","@id":"https:\/\/e-fileo.pl\/#website","url":"https:\/\/e-fileo.pl\/","name":"MAGAZYN CHRZE\u015aCIJA\u0143SKI &quot;FILEO&quot;","description":" ","publisher":{"@id":"https:\/\/e-fileo.pl\/#organization"},"potentialAction":[{"@type":"SearchAction","target":{"@type":"EntryPoint","urlTemplate":"https:\/\/e-fileo.pl\/?s={search_term_string}"},"query-input":{"@type":"PropertyValueSpecification","valueRequired":true,"valueName":"search_term_string"}}],"inLanguage":"pl-PL"},{"@type":"Organization","@id":"https:\/\/e-fileo.pl\/#organization","name":"MAGAZYN CHRZE\u015aCIJA\u0143SKI &quot;FILEO&quot;","url":"https:\/\/e-fileo.pl\/","logo":{"@type":"ImageObject","inLanguage":"pl-PL","@id":"https:\/\/e-fileo.pl\/#\/schema\/logo\/image\/","url":"https:\/\/i0.wp.com\/e-fileo.pl\/wp-content\/uploads\/2022\/07\/FILEO-7-e1659260414854.png?fit=250%2C196&ssl=1","contentUrl":"https:\/\/i0.wp.com\/e-fileo.pl\/wp-content\/uploads\/2022\/07\/FILEO-7-e1659260414854.png?fit=250%2C196&ssl=1","width":250,"height":196,"caption":"MAGAZYN CHRZE\u015aCIJA\u0143SKI &quot;FILEO&quot; "},"image":{"@id":"https:\/\/e-fileo.pl\/#\/schema\/logo\/image\/"}}]}},"campaignId":"","jetpack_likes_enabled":true,"jetpack_shortlink":"https:\/\/wp.me\/Pba6nO-64","jetpack_sharing_enabled":true,"jetpack-related-posts":[{"id":411,"url":"https:\/\/e-fileo.pl\/index.php\/iii-iv-2019\/","url_meta":{"origin":376,"position":0},"title":"III\/IV 2019","author":"admin","date":"14 lipca 2019","format":false,"excerpt":"w numerze: CA\u0141KOWITE ZWYCI\u0118STWO W ZMARTWYCHWSTA\u0141YM PANUS\u0141OWO BO\u017bE MOJ\u0104 POMOC\u0104 KA\u017bDEGO DNIA cz.IVOCHRONA PRZEZ KREWGDY ODDALAMY SI\u0118 OD BOGAZACZYNAJ I BIERZ W POSIADANIEZANIM ZAWO\u0141AJ\u0104 ODPOWIEM IMODWIECZNY BO\u017bY WYB\u00d3R A WOLNA WOLASERCE CZ\u0141OWIEKA ? cz. IVMOJA PIE\u015a\u0143 NA CZE\u015a\u0106 PANA","rel":"","context":"Podobny wpis","block_context":{"text":"Podobny wpis","link":""},"img":{"alt_text":"","src":"https:\/\/i0.wp.com\/e-fileo.pl\/wp-content\/uploads\/2019\/07\/FB_IMG_1544452316710.jpg?fit=640%2C640&ssl=1&resize=350%2C200","width":350,"height":200,"srcset":"https:\/\/i0.wp.com\/e-fileo.pl\/wp-content\/uploads\/2019\/07\/FB_IMG_1544452316710.jpg?fit=640%2C640&ssl=1&resize=350%2C200 1x, https:\/\/i0.wp.com\/e-fileo.pl\/wp-content\/uploads\/2019\/07\/FB_IMG_1544452316710.jpg?fit=640%2C640&ssl=1&resize=525%2C300 1.5x"},"classes":[]},{"id":451,"url":"https:\/\/e-fileo.pl\/index.php\/v-iv-2019\/","url_meta":{"origin":376,"position":1},"title":"V\/VI 2019","author":"admin","date":"14 lipca 2019","format":false,"excerpt":"w numerze ARTYKU\u0141 WST\u0118PNY ? KIM JEST DLA CIEBIE DUCH \u015aWI\u0118TY?S\u0141OWO BO\u017bE MOJ\u0104 POMOC\u0104 KA\u017bDEGO DNIA ? CZ. VDARY DUCHA \u015aWI\u0118TEGO ? cz. IDARY DUCHA \u015aWI\u0118TEGO ? cz. IIBO\u017bY WSP\u00d3\u0141PRACOWICYCO MAM, TO CI DAJ\u0118KTO JEST MOIM BLI\u0179NIM?NAWR\u00d3CENIE I POWO\u0141ANIE SAULASERCE CZ\u0141OWIEKA- cz. VDUCH \u015aWI\u0118TY","rel":"","context":"Podobny wpis","block_context":{"text":"Podobny wpis","link":""},"img":{"alt_text":"","src":"https:\/\/i0.wp.com\/e-fileo.pl\/wp-content\/uploads\/2019\/09\/dwa-podobie%C5%84stwa.jpg?fit=1200%2C594&ssl=1&resize=350%2C200","width":350,"height":200,"srcset":"https:\/\/i0.wp.com\/e-fileo.pl\/wp-content\/uploads\/2019\/09\/dwa-podobie%C5%84stwa.jpg?fit=1200%2C594&ssl=1&resize=350%2C200 1x, https:\/\/i0.wp.com\/e-fileo.pl\/wp-content\/uploads\/2019\/09\/dwa-podobie%C5%84stwa.jpg?fit=1200%2C594&ssl=1&resize=525%2C300 1.5x, https:\/\/i0.wp.com\/e-fileo.pl\/wp-content\/uploads\/2019\/09\/dwa-podobie%C5%84stwa.jpg?fit=1200%2C594&ssl=1&resize=700%2C400 2x, https:\/\/i0.wp.com\/e-fileo.pl\/wp-content\/uploads\/2019\/09\/dwa-podobie%C5%84stwa.jpg?fit=1200%2C594&ssl=1&resize=1050%2C600 3x"},"classes":[]},{"id":161,"url":"https:\/\/e-fileo.pl\/index.php\/listopad-grudzien-2018\/","url_meta":{"origin":376,"position":2},"title":"XI\/XII 2018","author":"admin","date":"13 lipca 2019","format":false,"excerpt":"w numerze: KIM JEST DLA CIEBIE JEZUS CHRYSTUSS\u0141OWO BO\u017bE MOJ\u0104 POMOC\u0104 KA\u017bDEGO DNIA CZ. IIB\u00d3G OBJAWIONY W CIELEPOK\u00d3J LUDZIOM DOBREJ WOLIROZMY\u015aLANIA \u015aWI\u0104TECZNEDRAMAT NARODZENIAJEZUS CHRYSTUSSERCE CZ\u0141OWIEKA ? CZ. IIPANIE JA PRAGN\u0118","rel":"","context":"Podobny wpis","block_context":{"text":"Podobny wpis","link":""},"img":{"alt_text":"Bo\u017cy Baranek","src":"https:\/\/i0.wp.com\/e-fileo.pl\/wp-content\/uploads\/2020\/03\/1-8.jpg?fit=1200%2C678&ssl=1&resize=350%2C200","width":350,"height":200,"srcset":"https:\/\/i0.wp.com\/e-fileo.pl\/wp-content\/uploads\/2020\/03\/1-8.jpg?fit=1200%2C678&ssl=1&resize=350%2C200 1x, https:\/\/i0.wp.com\/e-fileo.pl\/wp-content\/uploads\/2020\/03\/1-8.jpg?fit=1200%2C678&ssl=1&resize=525%2C300 1.5x, https:\/\/i0.wp.com\/e-fileo.pl\/wp-content\/uploads\/2020\/03\/1-8.jpg?fit=1200%2C678&ssl=1&resize=700%2C400 2x, https:\/\/i0.wp.com\/e-fileo.pl\/wp-content\/uploads\/2020\/03\/1-8.jpg?fit=1200%2C678&ssl=1&resize=1050%2C600 3x"},"classes":[]},{"id":505,"url":"https:\/\/e-fileo.pl\/index.php\/vi-vii-2019\/","url_meta":{"origin":376,"position":3},"title":"VII\/VIII 2019","author":"admin","date":"14 lipca 2019","format":false,"excerpt":"w numerze ARTYKU\u0141 WST\u0118PNY ? B\u00d3G, KT\u00d3RY PRZEBACZAS\u0141OWO BO\u017bE MOJ\u0104 POMOC\u0104 KA\u017bDEGO DNIA ? CZ. VI?I ODPU\u015a\u0106 NAM NASZE WINY?? (Ewangelia Mateusza 6,12)GDY CHRZE\u015aCIJANINOWI DZIEJE SI\u0118 KRZYWDA?CZY WIARA MO\u017bE NAS ZBAWI\u0106?NASZE \u015aWIADECTWODARY DUCHA \u015aWI\u0118TEGO ? cz. IIIWIARA MARTWA CZY \u017bYWA?DWA KR\u00d3LESTWASERCE CZ\u0141OWIEKAcz. VI","rel":"","context":"Podobny wpis","block_context":{"text":"Podobny wpis","link":""},"img":{"alt_text":"","src":"https:\/\/i0.wp.com\/e-fileo.pl\/wp-content\/uploads\/2019\/07\/FB_IMG_1544040758061.jpg?fit=1068%2C890&ssl=1&resize=350%2C200","width":350,"height":200,"srcset":"https:\/\/i0.wp.com\/e-fileo.pl\/wp-content\/uploads\/2019\/07\/FB_IMG_1544040758061.jpg?fit=1068%2C890&ssl=1&resize=350%2C200 1x, https:\/\/i0.wp.com\/e-fileo.pl\/wp-content\/uploads\/2019\/07\/FB_IMG_1544040758061.jpg?fit=1068%2C890&ssl=1&resize=525%2C300 1.5x, https:\/\/i0.wp.com\/e-fileo.pl\/wp-content\/uploads\/2019\/07\/FB_IMG_1544040758061.jpg?fit=1068%2C890&ssl=1&resize=700%2C400 2x, https:\/\/i0.wp.com\/e-fileo.pl\/wp-content\/uploads\/2019\/07\/FB_IMG_1544040758061.jpg?fit=1068%2C890&ssl=1&resize=1050%2C600 3x"},"classes":[]},{"id":170,"url":"https:\/\/e-fileo.pl\/index.php\/slowo-boze-moja-pomoca-kazdego-dnia-cz-ii\/","url_meta":{"origin":376,"position":4},"title":"S\u0141OWO BO\u017bE MOJ\u0104 POMOC\u0104 KA\u017bDEGO DNIA ? CZ. II","author":"admin","date":"13 lipca 2019","format":false,"excerpt":"Gdy czekam na spe\u0142nienie Bo\u017cych obietnic ?A oto ja id\u0119 dzi\u015b drog\u0105 ca\u0142ej ziemi; poznajcie tedy ca\u0142ym swoim sercem\u00a0i ca\u0142\u0105 swoj\u0105 dusz\u0105, \u017ce nie zawiod\u0142a \u017cadna z tych wszystkich dobrych obietnic, jakie da\u0142 wam Pan, B\u00f3g wasz; wszystkie si\u0119 wam wype\u0142ni\u0142y, a nie zawiod\u0142o z nich \u017cadne s\u0142owo?. (Ksi\u0119ga Jozuego\u2026","rel":"","context":"Podobny wpis","block_context":{"text":"Podobny wpis","link":""},"img":{"alt_text":"","src":"","width":0,"height":0},"classes":[]},{"id":383,"url":"https:\/\/e-fileo.pl\/index.php\/slowo-boze-moja-pomoca-kazdego-dnia-cz-iii\/","url_meta":{"origin":376,"position":5},"title":"S\u0141OWO BO\u017bE MOJ\u0104 POMOC\u0104 KA\u017bDEGO DNIA ? CZ. III","author":"admin","date":"14 lipca 2019","format":false,"excerpt":"Gdy dotyka mnie bole\u015bnie up\u0142yw czasu ?Lecz B\u00f3g wyzwoli dusz\u0119 moj\u0105 z krainy umar\u0142ych, poniewa\u017c we\u017amie mnie do siebie? (Psalm 49,16) ?Bo przecie\u017c jam zawsze z tob\u0105; Ty\u015b uj\u0105\u0142 praw\u0105 r\u0119k\u0119 moj\u0105. Prowadzisz mnie wed\u0142ug rady swojej, a potem przyjmiesz mnie do chwa\u0142y. Kog\u00f3\u017c innego mam w niebie, je\u015bli nie\u2026","rel":"","context":"Podobny wpis","block_context":{"text":"Podobny wpis","link":""},"img":{"alt_text":"","src":"","width":0,"height":0},"classes":[]}],"amp_enabled":true,"_links":{"self":[{"href":"https:\/\/e-fileo.pl\/index.php\/wp-json\/wp\/v2\/pages\/376","targetHints":{"allow":["GET"]}}],"collection":[{"href":"https:\/\/e-fileo.pl\/index.php\/wp-json\/wp\/v2\/pages"}],"about":[{"href":"https:\/\/e-fileo.pl\/index.php\/wp-json\/wp\/v2\/types\/page"}],"author":[{"embeddable":true,"href":"https:\/\/e-fileo.pl\/index.php\/wp-json\/wp\/v2\/users\/2"}],"replies":[{"embeddable":true,"href":"https:\/\/e-fileo.pl\/index.php\/wp-json\/wp\/v2\/comments?post=376"}],"version-history":[{"count":13,"href":"https:\/\/e-fileo.pl\/index.php\/wp-json\/wp\/v2\/pages\/376\/revisions"}],"predecessor-version":[{"id":812,"href":"https:\/\/e-fileo.pl\/index.php\/wp-json\/wp\/v2\/pages\/376\/revisions\/812"}],"wp:attachment":[{"href":"https:\/\/e-fileo.pl\/index.php\/wp-json\/wp\/v2\/media?parent=376"}],"curies":[{"name":"wp","href":"https:\/\/api.w.org\/{rel}","templated":true}]}}