{"id":196,"date":"2019-07-13T17:56:37","date_gmt":"2019-07-13T15:56:37","guid":{"rendered":"http:\/\/e-fileo.pl\/?page_id=196"},"modified":"2019-07-13T17:56:38","modified_gmt":"2019-07-13T15:56:38","slug":"panie-ja-pragne","status":"publish","type":"page","link":"https:\/\/e-fileo.pl\/index.php\/panie-ja-pragne\/","title":{"rendered":"Panie ja pragn\u0119&#8230;"},"content":{"rendered":"\n<p>Panie,&nbsp;&nbsp;ja pragn\u0119 Twego pokoju bardziej ni\u017c mleka.<\/p>\n\n\n\n<p>Gdy w moim \u017cyciu okoliczno\u015bci s\u0105 mi przeciwne,<\/p>\n\n\n\n<p>Gdy czuj\u0119 si\u0119 jakbym by\u0142a po\u015brodku burzy na pe\u0142nym morzu,<\/p>\n\n\n\n<p>Wtedy ja pragn\u0119 czu\u0107 si\u0119 bezpiecznie ukryta w Twej d\u0142oni.<\/p>\n\n\n\n<p>Panie, ja pragn\u0119 Twojej mi\u0142o\u015bci bardziej ni\u017c miodu.<\/p>\n\n\n\n<p>Gdy szara codzienno\u015b\u0107 chce mnie przyt\u0142oczy\u0107,<\/p>\n\n\n\n<p>Gdy jest mi trudno czyni\u0107 dobro ludziom woko\u0142o,<\/p>\n\n\n\n<p>Wtedy ja pragn\u0119 by\u0107 wype\u0142niona Twoj\u0105 mi\u0142o\u015bci\u0105.<\/p>\n\n\n\n<p>Panie, ja pragn\u0119 Twego przebaczenia bardziej ni\u017c s\u0142odko\u015bci.<\/p>\n\n\n\n<p>Gdy ludzie woko\u0142o chc\u0105 dla mnie tego, co najgorsze,<\/p>\n\n\n\n<p>Gdy czuj\u0119 nienawi\u015b\u0107 innych do samej siebie,<\/p>\n\n\n\n<p>Wtedy ja pragn\u0119 nakarmi\u0107 chlebem moich wrog\u00f3w.<\/p>\n\n\n\n<p>Panie, ja pragn\u0119 Twojej rado\u015bci bardziej ni\u017c wina.<\/p>\n\n\n\n<p>Gdy smutek wkrada si\u0119 podst\u0119pnie do mojej duszy,<\/p>\n\n\n\n<p>Gdy zalewa moje serce potokiem \u0142ez bez ko\u0144ca,<\/p>\n\n\n\n<p>Wtedy ja pragn\u0119 \u015bpiewa\u0107 pie\u015bni na Twoj\u0105 chwa\u0142\u0119.<\/p>\n\n\n\n<p>Panie, ja pragn\u0119 Twojej wiary bardziej ni\u017c \u017cycia,<\/p>\n\n\n\n<p>Gdy szatan zasiewa w moim sercu w\u0105tpliwo\u015bci,<\/p>\n\n\n\n<p>Gdy jest mi trudno walczy\u0107 z si\u0142ami ciemno\u015bci,<\/p>\n\n\n\n<p>Wtedy ja pragn\u0119 przywdzia\u0107 w pe\u0142ni Twoj\u0105 zbroj\u0119.<\/p>\n\n\n\n<p>Panie, ja pragn\u0119 Twojego S\u0142owa bardziej ni\u017c chleba,<\/p>\n\n\n\n<p>Gdy d\u0142ugo czekam na wype\u0142nienie Twoich obietnic,<\/p>\n\n\n\n<p>Gdy moja dusza wyczekuje ich z ca\u0142ej swej mocy,<\/p>\n\n\n\n<p>Wtedy ja pragn\u0119 pami\u0119ta\u0107 bezustannie o Twoich prawdach.<\/p>\n\n\n\n<p>Panie, ja pragn\u0119 Twej obecno\u015bci??<\/p>\n\n\n\n<p style=\"text-align:right\"><em>Estera Bednarska<\/em><\/p>\n","protected":false},"excerpt":{"rendered":"<p>Panie,&nbsp;&nbsp;ja pragn\u0119 Twego pokoju bardziej ni\u017c mleka. Gdy w moim \u017cyciu okoliczno\u015bci s\u0105 mi przeciwne, Gdy czuj\u0119 si\u0119 jakbym by\u0142a po\u015brodku burzy na pe\u0142nym morzu, Wtedy ja pragn\u0119 czu\u0107 si\u0119 bezpiecznie ukryta w Twej d\u0142oni. Panie, ja pragn\u0119 Twojej mi\u0142o\u015bci&#46;&#46;&#46;<\/p>\n","protected":false},"author":2,"featured_media":0,"parent":0,"menu_order":0,"comment_status":"closed","ping_status":"closed","template":"","meta":{"give_campaign_id":0,"jetpack_post_was_ever_published":false,"footnotes":""},"class_list":["post-196","page","type-page","status-publish","hentry"],"wppr_data":[],"yoast_head":"<!-- This site is optimized with the Yoast SEO plugin v27.0 - https:\/\/yoast.com\/product\/yoast-seo-wordpress\/ -->\n<title>Panie ja pragn\u0119... - MAGAZYN CHRZE\u015aCIJA\u0143SKI &quot;FILEO&quot;<\/title>\n<meta name=\"robots\" content=\"index, follow, max-snippet:-1, max-image-preview:large, max-video-preview:-1\" \/>\n<link rel=\"canonical\" href=\"https:\/\/e-fileo.pl\/index.php\/panie-ja-pragne\/\" \/>\n<meta property=\"og:locale\" content=\"pl_PL\" \/>\n<meta property=\"og:type\" content=\"article\" \/>\n<meta property=\"og:title\" content=\"Panie ja pragn\u0119... - MAGAZYN CHRZE\u015aCIJA\u0143SKI &quot;FILEO&quot;\" \/>\n<meta property=\"og:description\" content=\"Panie,&nbsp;&nbsp;ja pragn\u0119 Twego pokoju bardziej ni\u017c mleka. Gdy w moim \u017cyciu okoliczno\u015bci s\u0105 mi przeciwne, Gdy czuj\u0119 si\u0119 jakbym by\u0142a po\u015brodku burzy na pe\u0142nym morzu, Wtedy ja pragn\u0119 czu\u0107 si\u0119 bezpiecznie ukryta w Twej d\u0142oni. Panie, ja pragn\u0119 Twojej mi\u0142o\u015bci&#046;&#046;&#046;\" \/>\n<meta property=\"og:url\" content=\"https:\/\/e-fileo.pl\/index.php\/panie-ja-pragne\/\" \/>\n<meta property=\"og:site_name\" content=\"MAGAZYN CHRZE\u015aCIJA\u0143SKI &quot;FILEO&quot;\" \/>\n<meta property=\"article:modified_time\" content=\"2019-07-13T15:56:38+00:00\" \/>\n<meta name=\"twitter:card\" content=\"summary_large_image\" \/>\n<meta name=\"twitter:label1\" content=\"Szacowany czas czytania\" \/>\n\t<meta name=\"twitter:data1\" content=\"1 minuta\" \/>\n<script type=\"application\/ld+json\" class=\"yoast-schema-graph\">{\"@context\":\"https:\/\/schema.org\",\"@graph\":[{\"@type\":\"WebPage\",\"@id\":\"https:\/\/e-fileo.pl\/index.php\/panie-ja-pragne\/\",\"url\":\"https:\/\/e-fileo.pl\/index.php\/panie-ja-pragne\/\",\"name\":\"Panie ja pragn\u0119... - MAGAZYN CHRZE\u015aCIJA\u0143SKI &quot;FILEO&quot;\",\"isPartOf\":{\"@id\":\"https:\/\/e-fileo.pl\/#website\"},\"datePublished\":\"2019-07-13T15:56:37+00:00\",\"dateModified\":\"2019-07-13T15:56:38+00:00\",\"breadcrumb\":{\"@id\":\"https:\/\/e-fileo.pl\/index.php\/panie-ja-pragne\/#breadcrumb\"},\"inLanguage\":\"pl-PL\",\"potentialAction\":[{\"@type\":\"ReadAction\",\"target\":[\"https:\/\/e-fileo.pl\/index.php\/panie-ja-pragne\/\"]}]},{\"@type\":\"BreadcrumbList\",\"@id\":\"https:\/\/e-fileo.pl\/index.php\/panie-ja-pragne\/#breadcrumb\",\"itemListElement\":[{\"@type\":\"ListItem\",\"position\":1,\"name\":\"Strona g\u0142\u00f3wna\",\"item\":\"https:\/\/e-fileo.pl\/\"},{\"@type\":\"ListItem\",\"position\":2,\"name\":\"Panie ja pragn\u0119&#8230;\"}]},{\"@type\":\"WebSite\",\"@id\":\"https:\/\/e-fileo.pl\/#website\",\"url\":\"https:\/\/e-fileo.pl\/\",\"name\":\"MAGAZYN CHRZE\u015aCIJA\u0143SKI &quot;FILEO&quot;\",\"description\":\" \",\"publisher\":{\"@id\":\"https:\/\/e-fileo.pl\/#organization\"},\"potentialAction\":[{\"@type\":\"SearchAction\",\"target\":{\"@type\":\"EntryPoint\",\"urlTemplate\":\"https:\/\/e-fileo.pl\/?s={search_term_string}\"},\"query-input\":{\"@type\":\"PropertyValueSpecification\",\"valueRequired\":true,\"valueName\":\"search_term_string\"}}],\"inLanguage\":\"pl-PL\"},{\"@type\":\"Organization\",\"@id\":\"https:\/\/e-fileo.pl\/#organization\",\"name\":\"MAGAZYN CHRZE\u015aCIJA\u0143SKI &quot;FILEO&quot;\",\"url\":\"https:\/\/e-fileo.pl\/\",\"logo\":{\"@type\":\"ImageObject\",\"inLanguage\":\"pl-PL\",\"@id\":\"https:\/\/e-fileo.pl\/#\/schema\/logo\/image\/\",\"url\":\"https:\/\/i0.wp.com\/e-fileo.pl\/wp-content\/uploads\/2022\/07\/FILEO-7-e1659260414854.png?fit=250%2C196&ssl=1\",\"contentUrl\":\"https:\/\/i0.wp.com\/e-fileo.pl\/wp-content\/uploads\/2022\/07\/FILEO-7-e1659260414854.png?fit=250%2C196&ssl=1\",\"width\":250,\"height\":196,\"caption\":\"MAGAZYN CHRZE\u015aCIJA\u0143SKI &quot;FILEO&quot; \"},\"image\":{\"@id\":\"https:\/\/e-fileo.pl\/#\/schema\/logo\/image\/\"}}]}<\/script>\n<!-- \/ Yoast SEO plugin. -->","yoast_head_json":{"title":"Panie ja pragn\u0119... - MAGAZYN CHRZE\u015aCIJA\u0143SKI &quot;FILEO&quot;","robots":{"index":"index","follow":"follow","max-snippet":"max-snippet:-1","max-image-preview":"max-image-preview:large","max-video-preview":"max-video-preview:-1"},"canonical":"https:\/\/e-fileo.pl\/index.php\/panie-ja-pragne\/","og_locale":"pl_PL","og_type":"article","og_title":"Panie ja pragn\u0119... - MAGAZYN CHRZE\u015aCIJA\u0143SKI &quot;FILEO&quot;","og_description":"Panie,&nbsp;&nbsp;ja pragn\u0119 Twego pokoju bardziej ni\u017c mleka. Gdy w moim \u017cyciu okoliczno\u015bci s\u0105 mi przeciwne, Gdy czuj\u0119 si\u0119 jakbym by\u0142a po\u015brodku burzy na pe\u0142nym morzu, Wtedy ja pragn\u0119 czu\u0107 si\u0119 bezpiecznie ukryta w Twej d\u0142oni. Panie, ja pragn\u0119 Twojej mi\u0142o\u015bci&#46;&#46;&#46;","og_url":"https:\/\/e-fileo.pl\/index.php\/panie-ja-pragne\/","og_site_name":"MAGAZYN CHRZE\u015aCIJA\u0143SKI &quot;FILEO&quot;","article_modified_time":"2019-07-13T15:56:38+00:00","twitter_card":"summary_large_image","twitter_misc":{"Szacowany czas czytania":"1 minuta"},"schema":{"@context":"https:\/\/schema.org","@graph":[{"@type":"WebPage","@id":"https:\/\/e-fileo.pl\/index.php\/panie-ja-pragne\/","url":"https:\/\/e-fileo.pl\/index.php\/panie-ja-pragne\/","name":"Panie ja pragn\u0119... - MAGAZYN CHRZE\u015aCIJA\u0143SKI &quot;FILEO&quot;","isPartOf":{"@id":"https:\/\/e-fileo.pl\/#website"},"datePublished":"2019-07-13T15:56:37+00:00","dateModified":"2019-07-13T15:56:38+00:00","breadcrumb":{"@id":"https:\/\/e-fileo.pl\/index.php\/panie-ja-pragne\/#breadcrumb"},"inLanguage":"pl-PL","potentialAction":[{"@type":"ReadAction","target":["https:\/\/e-fileo.pl\/index.php\/panie-ja-pragne\/"]}]},{"@type":"BreadcrumbList","@id":"https:\/\/e-fileo.pl\/index.php\/panie-ja-pragne\/#breadcrumb","itemListElement":[{"@type":"ListItem","position":1,"name":"Strona g\u0142\u00f3wna","item":"https:\/\/e-fileo.pl\/"},{"@type":"ListItem","position":2,"name":"Panie ja pragn\u0119&#8230;"}]},{"@type":"WebSite","@id":"https:\/\/e-fileo.pl\/#website","url":"https:\/\/e-fileo.pl\/","name":"MAGAZYN CHRZE\u015aCIJA\u0143SKI &quot;FILEO&quot;","description":" ","publisher":{"@id":"https:\/\/e-fileo.pl\/#organization"},"potentialAction":[{"@type":"SearchAction","target":{"@type":"EntryPoint","urlTemplate":"https:\/\/e-fileo.pl\/?s={search_term_string}"},"query-input":{"@type":"PropertyValueSpecification","valueRequired":true,"valueName":"search_term_string"}}],"inLanguage":"pl-PL"},{"@type":"Organization","@id":"https:\/\/e-fileo.pl\/#organization","name":"MAGAZYN CHRZE\u015aCIJA\u0143SKI &quot;FILEO&quot;","url":"https:\/\/e-fileo.pl\/","logo":{"@type":"ImageObject","inLanguage":"pl-PL","@id":"https:\/\/e-fileo.pl\/#\/schema\/logo\/image\/","url":"https:\/\/i0.wp.com\/e-fileo.pl\/wp-content\/uploads\/2022\/07\/FILEO-7-e1659260414854.png?fit=250%2C196&ssl=1","contentUrl":"https:\/\/i0.wp.com\/e-fileo.pl\/wp-content\/uploads\/2022\/07\/FILEO-7-e1659260414854.png?fit=250%2C196&ssl=1","width":250,"height":196,"caption":"MAGAZYN CHRZE\u015aCIJA\u0143SKI &quot;FILEO&quot; "},"image":{"@id":"https:\/\/e-fileo.pl\/#\/schema\/logo\/image\/"}}]}},"campaignId":"","jetpack_likes_enabled":true,"jetpack_shortlink":"https:\/\/wp.me\/Pba6nO-3a","jetpack_sharing_enabled":true,"jetpack-related-posts":[{"id":508,"url":"https:\/\/e-fileo.pl\/index.php\/gdy-pragne-bozego-przebaczenia\/","url_meta":{"origin":196,"position":0},"title":"Gdy pragn\u0119 Bo\u017cego przebaczenia","author":"admin","date":"14 lipca 2019","format":false,"excerpt":"Niech\u017ce nie b\u0119dzie w\u015br\u00f3d was m\u0119\u017cczyzny ani kobiety, ani rodziny, ani plemienia, kt\u00f3rych serce odwr\u00f3ci\u0142oby si\u0119 dzi\u015b od Pana, Boga naszego, aby p\u00f3j\u015b\u0107 i s\u0142u\u017cy\u0107 bogom tych narod\u00f3w. Niechaj nie b\u0119dzie w\u015br\u00f3d was korzenia, wydaj\u0105cego trucizn\u0119 i pio\u0142un, kt\u00f3ry by, s\u0142ysz\u0105c s\u0142owa tego zaprzysi\u0119\u017conego przymierza, pochlebia\u0142 sobie w swoim sercu,\u2026","rel":"","context":"Podobny wpis","block_context":{"text":"Podobny wpis","link":""},"img":{"alt_text":"","src":"","width":0,"height":0},"classes":[]},{"id":114,"url":"https:\/\/e-fileo.pl\/index.php\/slowo-wstepne\/","url_meta":{"origin":196,"position":1},"title":"S\u0141OWO WST\u0118PNE","author":"admin","date":"13 lipca 2019","format":false,"excerpt":"Nie uciekniesz przed Bo\u017cym powo\u0142aniem. Jestem chrze\u015bcijank\u0105. Nawr\u00f3ci\u0142am si\u0119 i odrodzi\u0142am z Ducha \u015awi\u0119tego do nowego \u017cycia, \u017cycia z Bogiem. Codziennie si\u0119 modl\u0119. Czytam Pismo \u015awi\u0119te. Staram si\u0119 \u017cy\u0107 zgodnie z Bibli\u0105, na co dzie\u0144 wychodzi mi to mniej lub bardziej. Modl\u0119 si\u0119 o to, by B\u00f3g pomaga\u0142 mi w\u2026","rel":"","context":"Podobny wpis","block_context":{"text":"Podobny wpis","link":""},"img":{"alt_text":"","src":"","width":0,"height":0},"classes":[]},{"id":101,"url":"https:\/\/e-fileo.pl\/index.php\/wrzesien-pazdziernik-2018\/","url_meta":{"origin":196,"position":2},"title":"IX-X 2018","author":"admin","date":"13 lipca 2019","format":false,"excerpt":"S\u0141OWO WST\u0118PNENie uciekniesz przed Bo\u017cym powo\u0142aniem.Jestem chrze\u015bcijank\u0105. Nawr\u00f3ci\u0142am si\u0119 i odrodzi\u0142am z Ducha \u015awi\u0119tego do nowego \u017cycia, \u017cycia z Bogiem. Codziennie si\u0119 modl\u0119. Czytam Pismo \u015awi\u0119te. Staram si\u0119 \u017cy\u0107 zgodnie z Bibli\u0105, na co dzie\u0144 wychodzi mi to mniej lub bardziej. Modl\u0119 si\u0119 o to, by B\u00f3g pomaga\u0142 mi w\u2026","rel":"","context":"Podobny wpis","block_context":{"text":"Podobny wpis","link":""},"img":{"alt_text":"","src":"https:\/\/i0.wp.com\/e-fileo.pl\/wp-content\/uploads\/2019\/07\/read-2890857__340-1.jpg?fit=506%2C340&ssl=1&resize=350%2C200","width":350,"height":200},"classes":[]},{"id":161,"url":"https:\/\/e-fileo.pl\/index.php\/listopad-grudzien-2018\/","url_meta":{"origin":196,"position":3},"title":"XI\/XII 2018","author":"admin","date":"13 lipca 2019","format":false,"excerpt":"w numerze: KIM JEST DLA CIEBIE JEZUS CHRYSTUSS\u0141OWO BO\u017bE MOJ\u0104 POMOC\u0104 KA\u017bDEGO DNIA CZ. IIB\u00d3G OBJAWIONY W CIELEPOK\u00d3J LUDZIOM DOBREJ WOLIROZMY\u015aLANIA \u015aWI\u0104TECZNEDRAMAT NARODZENIAJEZUS CHRYSTUSSERCE CZ\u0141OWIEKA ? CZ. IIPANIE JA PRAGN\u0118","rel":"","context":"Podobny wpis","block_context":{"text":"Podobny wpis","link":""},"img":{"alt_text":"Bo\u017cy Baranek","src":"https:\/\/i0.wp.com\/e-fileo.pl\/wp-content\/uploads\/2020\/03\/1-8.jpg?fit=1200%2C678&ssl=1&resize=350%2C200","width":350,"height":200,"srcset":"https:\/\/i0.wp.com\/e-fileo.pl\/wp-content\/uploads\/2020\/03\/1-8.jpg?fit=1200%2C678&ssl=1&resize=350%2C200 1x, https:\/\/i0.wp.com\/e-fileo.pl\/wp-content\/uploads\/2020\/03\/1-8.jpg?fit=1200%2C678&ssl=1&resize=525%2C300 1.5x, https:\/\/i0.wp.com\/e-fileo.pl\/wp-content\/uploads\/2020\/03\/1-8.jpg?fit=1200%2C678&ssl=1&resize=700%2C400 2x, https:\/\/i0.wp.com\/e-fileo.pl\/wp-content\/uploads\/2020\/03\/1-8.jpg?fit=1200%2C678&ssl=1&resize=1050%2C600 3x"},"classes":[]},{"id":668,"url":"https:\/\/e-fileo.pl\/index.php\/werset-przewodni\/","url_meta":{"origin":196,"position":4},"title":"S\u0141OWO BO\u017bE MOJ\u0104 POMOC\u0104 KA\u017bDEGO DNIA ? CZ. VI","author":"admin","date":"17 lipca 2019","format":false,"excerpt":"Gdy pragn\u0119 Bo\u017cego przebaczenia ?Niech\u017ce nie b\u0119dzie w\u015br\u00f3d was m\u0119\u017cczyzny ani kobiety, ani rodziny, ani plemienia, kt\u00f3rych serce odwr\u00f3ci\u0142oby si\u0119 dzi\u015b od Pana, Boga naszego, aby p\u00f3j\u015b\u0107 i s\u0142u\u017cy\u0107 bogom tych narod\u00f3w. Niechaj nie b\u0119dzie w\u015br\u00f3d was korzenia, wydaj\u0105cego trucizn\u0119 i pio\u0142un, kt\u00f3ry by, s\u0142ysz\u0105c s\u0142owa tego zaprzysi\u0119\u017conego przymierza, pochlebia\u0142\u2026","rel":"","context":"Podobny wpis","block_context":{"text":"Podobny wpis","link":""},"img":{"alt_text":"","src":"","width":0,"height":0},"classes":[]},{"id":418,"url":"https:\/\/e-fileo.pl\/index.php\/slowo-boze-moja-pomoca-kazdego-dnia-cz-iv\/","url_meta":{"origin":196,"position":5},"title":"S\u0141OWO BO\u017bE MOJ\u0104 POMOC\u0104 KA\u017bDEGO DNIA ? CZ. IV","author":"admin","date":"14 lipca 2019","format":false,"excerpt":"Gdy walcz\u0119 z grzechem ?Po\u0142o\u017cy\u0142em dzi\u015b przed tob\u0105 \u017cycie i \u015bmier\u0107, b\u0142ogos\u0142awie\u0144stwo i przekle\u0144stwo. Wybierz przeto \u017cycie, aby\u015b \u017cy\u0142, ty i twoje potomstwo, mi\u0142uj\u0105c Pana, Boga twego, s\u0142uchaj\u0105c jego g\u0142osu i lgn\u0105c do niego, gdy\u017c w tym jest twoje \u017cycie i przed\u0142u\u017cenie twoich dni?. (V Ksi\u0119ga Moj\u017ceszowa 30,19-20) ?A jak\u2026","rel":"","context":"Podobny wpis","block_context":{"text":"Podobny wpis","link":""},"img":{"alt_text":"","src":"","width":0,"height":0},"classes":[]}],"amp_enabled":true,"_links":{"self":[{"href":"https:\/\/e-fileo.pl\/index.php\/wp-json\/wp\/v2\/pages\/196","targetHints":{"allow":["GET"]}}],"collection":[{"href":"https:\/\/e-fileo.pl\/index.php\/wp-json\/wp\/v2\/pages"}],"about":[{"href":"https:\/\/e-fileo.pl\/index.php\/wp-json\/wp\/v2\/types\/page"}],"author":[{"embeddable":true,"href":"https:\/\/e-fileo.pl\/index.php\/wp-json\/wp\/v2\/users\/2"}],"replies":[{"embeddable":true,"href":"https:\/\/e-fileo.pl\/index.php\/wp-json\/wp\/v2\/comments?post=196"}],"version-history":[{"count":1,"href":"https:\/\/e-fileo.pl\/index.php\/wp-json\/wp\/v2\/pages\/196\/revisions"}],"predecessor-version":[{"id":198,"href":"https:\/\/e-fileo.pl\/index.php\/wp-json\/wp\/v2\/pages\/196\/revisions\/198"}],"wp:attachment":[{"href":"https:\/\/e-fileo.pl\/index.php\/wp-json\/wp\/v2\/media?parent=196"}],"curies":[{"name":"wp","href":"https:\/\/api.w.org\/{rel}","templated":true}]}}