{"id":1422,"date":"2020-04-10T14:06:10","date_gmt":"2020-04-10T12:06:10","guid":{"rendered":"http:\/\/e-fileo.pl\/?page_id=1422"},"modified":"2020-04-10T15:31:44","modified_gmt":"2020-04-10T13:31:44","slug":"iii-iv-2020","status":"publish","type":"page","link":"https:\/\/e-fileo.pl\/index.php\/iii-iv-2020\/","title":{"rendered":"III\/IV 2020"},"content":{"rendered":"\n<blockquote class=\"wp-block-quote has-text-align-center is-layout-flow wp-block-quote-is-layout-flow\"><p>ARTYKU\u0141 WST\u0118PNY<\/p><cite><br><strong>Gdyby Chrystus nie zmartwychwsta\u0142<\/strong><\/cite><\/blockquote>\n\n\n\n<blockquote class=\"wp-block-quote has-text-align-left is-layout-flow wp-block-quote-is-layout-flow\"><p><strong><em>Tekst przewodni:<\/em><\/strong><\/p><cite><br><strong><em>A je\u015bli si\u0119 o Chrystusie opowiada, \u017ce zosta\u0142 &nbsp;z martwych wzbudzony, jak\u017ce mog\u0105 m\u00f3wi\u0107 niekt\u00f3rzy mi\u0119dzy wami, \u017ce zmartwychwstania nie ma? Bo je\u015bli nie ma zmartwychwstania, to&nbsp;&nbsp;i Chrystus nie zosta\u0142 wzbudzony;a je\u015bli Chrystus nie zosta\u0142 wzbudzony, tedy i kazanie nasze daremne, daremna te\u017c wasza wiara;  w\u00f3wczas te\u017c byli\u015bmy fa\u0142szywymi \u015bwiadkami Bo\u017cymi, bo \u015bwiadczyli\u015bmy o Bogu, \u017ce Chrystusa wzbudzi\u0142, kt\u00f3rego nie wzbudzi\u0142, skoro umarli nie bywaj\u0105 wzbudzeni. Je\u015bli bowiem umarli nie bywaj\u0105 wzbudzeni, to i Chrystus nie zosta\u0142 wzbudzony; &nbsp;a je\u015bli Chrystus nie zosta\u0142 wzbudzony, daremna jest wiara wasza; jeste\u015bcie jeszcze w swoich grzechach. Zatem i ci, kt\u00f3rzy zasn\u0119li w Chrystusie, pogin\u0119li. Je\u015bli tylko w tym \u017cyciu pok\u0142adamy nadziej\u0119 w Chrystusie, jeste\u015bmy ze wszystkich ludzi najbardziej po\u017ca\u0142owania godni. A jednak Chrystus zosta\u0142 wzbudzony z martwych i jest pierwiastkiem tych, kt\u00f3rzy zasn\u0119li. Skoro bowiem przysz\u0142a przez cz\u0142owieka \u015bmier\u0107, przez cz\u0142owieka te\u017c przysz\u0142o zmartwychwstanie. Albowiem jak w Adamie wszyscy umieraj\u0105, tak te\u017c &nbsp;w Chrystusie wszyscy zostan\u0105 o\u017cywieni. A ka\u017cdy w swoim porz\u0105dku: jako pierwszy Chrystus, potem ci, kt\u00f3rzy s\u0105 Chrystusowi w czasie jego przyj\u015bcia, potem nastanie koniec, gdy odda w\u0142adz\u0119 kr\u00f3lewsk\u0105 Bogu Ojcu, gdy zniszczy wszelk\u0105 zwierzchno\u015b\u0107 oraz wszelk\u0105 w\u0142adz\u0119 i moc.Bo On musi kr\u00f3lowa\u0107, dop\u00f3ki nie po\u0142o\u017cy wszystkich nieprzyjaci\u00f3\u0142 pod stopy swoje. A jako ostatni wr\u00f3g zniszczona b\u0119dzie \u015bmier\u0107?.<\/em><\/strong><br><strong><em>(I List do Koryntian 15,12-26)<\/em><\/strong><\/cite><\/blockquote>\n\n\n\n<blockquote class=\"wp-block-quote is-layout-flow wp-block-quote-is-layout-flow\"><p>Czy zastanawiali\u015bcie si\u0119 kiedy\u015b, drodzy Bracia i Siostry, jak potoczy\u0142yby si\u0119 dzieje ludzko\u015bci, gdyby Chrystus nie zmartwychwsta\u0142? Gdyby Jego zmaltretowane cia\u0142o na zawsze spocz\u0119\u0142o w grobie, a duch i dusza odesz\u0142yby nie do ko\u0144ca wiadomo w jakie miejsce? W dzisiejszych czasach wiele jest os\u00f3b, nawet w\u015br\u00f3d tzw. wierz\u0105cych, kt\u00f3rzy staraj\u0105 si\u0119 podwa\u017cy\u0107 nasz\u0105 wiar\u0119&nbsp;&nbsp;w zmartwychwstanie naszego Pana i Zbawiciela. A czy nasza wiara jest dostatecznie mocna, by da\u0107 odp\u00f3r takim atakom? Zastan\u00f3wmy si\u0119 nad konsekwencjami niewiary w kwestii zmartwychwstania Chrystusa na podstawie przytoczonego tekstu Biblii z <\/p><cite>I Listu do Koryntian, roz. 15.<\/cite><\/blockquote>\n\n\n\n<blockquote class=\"wp-block-quote is-layout-flow wp-block-quote-is-layout-flow\"><p><strong><em>Gdyby Chrystus nie zmartwychwsta\u0142:<\/em><\/strong><\/p><cite><br>1. &nbsp;nie m\u00f3g\u0142by nas zbawi\u0107 od grzechu, a Jego ofiara na krzy\u017cu nie mia\u0142aby sensu (w. 17)<br>2. g\u0142oszenie ludziom Ewangelii by\u0142oby zwyk\u0142ym k\u0142amstwem (w. 15)<br>3. po naszej \u015bmierci niebo by\u0142oby dla nas zamkni\u0119te (w. 18)<br>4. Jezus nie odni\u00f3s\u0142by zwyci\u0119stwa nad szatanem (w. 24)<br>5. Jezus nie powr\u00f3ci\u0142by do nieba i nie by\u0142by ju\u017c Kr\u00f3lem (w. 25)<br>6. Jezus nie by\u0142by pierworodnym z umar\u0142ych (w. 20)<br>7. Wierz\u0105cy ludzie po \u015bmierci nigdy by nie zmartwychwstali (w.22)<br>8. \u015amier\u0107 istnia\u0142aby ju\u017c zawsze (w. 26)<br>9. Nieprzyjaciele Boga odnosiliby zwyci\u0119stwo na wieki wiek\u00f3w (w. 25)<br>10. Nie m\u00f3g\u0142by nast\u0105pi\u0107 koniec \u015bwiata (w. 24)<br>11. Z\u0142o nigdy by nie zosta\u0142o os\u0105dzone (w. 24)<br>12. Nasze narodzenie si\u0119 na nowo nie mia\u0142oby \u017cadnego sensu po \u015bmierci (w. 18)<br>13. Z naszego \u017cycia znikn\u0105\u0142by Bo\u017cy pok\u00f3j i Bo\u017ca rado\u015b\u0107 wyp\u0142ywaj\u0105ce&nbsp;z pewno\u015bci zbawienia (w. 19)<br>14. \u017bycie ludzkie zosta\u0142oby pozbawione sensu i celu (w. 17)<\/cite><\/blockquote>\n\n\n\n<p>W rozwa\u017canym tek\u015bcie biblijnym na pewno mo\u017cna zauwa\u017cy\u0107 jeszcze inne konsekwencje niewiary w zmartwychwstanie, a&nbsp; wniosek z rozmy\u015bla\u0144 nad S\u0142owem Bo\u017cym w tej kwestii jest niepodwarzalny: <\/p>\n\n\n\n<p class=\"has-text-align-right\">WIARA W ZMARTWYCHWSTANIE CHRYSTUSA JEST FUNDAMENTEM NASZEGO ZBAWIENIA<\/p>\n\n\n\n<blockquote class=\"wp-block-quote has-text-align-right is-layout-flow wp-block-quote-is-layout-flow\"><p><em><strong>Estera Bednarska<\/strong><\/em><\/p><\/blockquote>\n\n\n\n<p><\/p>\n\n\n\n<div class=\"wp-block-cover has-background-dim\" style=\"background-image:url(http:\/\/e-fileo.pl\/wp-content\/uploads\/2020\/04\/6.04.2020-scaled.jpg)\"><div class=\"wp-block-cover__inner-container is-layout-flow wp-block-cover-is-layout-flow\">\n<p class=\"has-text-align-center has-large-font-size\">w numerze:<\/p>\n\n\n\n<p><a rel=\"noreferrer noopener\" href=\"http:\/\/e-fileo.pl\/index.php\/slowo-boze-moja-pomoca-kazdego-dnia-cz-x\/\" target=\"_blank\"><span style=\"color:#f2f6f7\" class=\"has-inline-color\">S\u0141OWO BO\u017bE MOJ\u0104 POMOC\u0104 KA\u017bDEGO DNIA ? CZ. X<\/span><\/a><\/p>\n\n\n\n<p><a rel=\"noreferrer noopener\" href=\"http:\/\/e-fileo.pl\/index.php\/a-jednak-dobry-pasterz\/\" target=\"_blank\"><span style=\"color:#ffffff\" class=\"has-inline-color\">A JEDNAK DOBRY PASTERZ<\/span><\/a><\/p>\n\n\n\n<p><a rel=\"noreferrer noopener\" href=\"http:\/\/e-fileo.pl\/index.php\/odwaga-do-modlitwy\/\" target=\"_blank\"><span style=\"color:#ffffff\" class=\"has-inline-color\">ODWAGA DO MODLITWY<\/span><\/a><\/p>\n\n\n\n<p><a href=\"http:\/\/e-fileo.pl\/index.php\/historia-sie-powtarza\/\" target=\"_blank\" rel=\"noreferrer noopener\"><span style=\"color:#f4f8f9\" class=\"has-inline-color\">HISTORIA SI\u0118 POWTARZA<\/span><\/a><\/p>\n\n\n\n<p><a href=\"http:\/\/e-fileo.pl\/index.php\/pierwszego-dnia-tygodnia\/\" target=\"_blank\" rel=\"noreferrer noopener\"><span style=\"color:#f3f5f5\" class=\"has-inline-color\">PIERWSZEGO DNIA TYGODNIA<\/span><\/a><\/p>\n\n\n\n<p><a href=\"http:\/\/e-fileo.pl\/index.php\/zmartwychwstanie\/\" target=\"_blank\" rel=\"noreferrer noopener\"><span style=\"color:#eff2f3\" class=\"has-inline-color\">ZMARTWYCHWSTANIE<\/span><\/a><\/p>\n\n\n\n<p><a href=\"http:\/\/e-fileo.pl\/index.php\/po-smierci-cz-iii\/\" target=\"_blank\" rel=\"noreferrer noopener\"><span style=\"color:#eef2f4\" class=\"has-inline-color\">PO \u015aMIERCI ? CZ. III<\/span><\/a><\/p>\n\n\n\n<p><a href=\"http:\/\/e-fileo.pl\/index.php\/serce-czlowieka-cz-x\/\" target=\"_blank\" rel=\"noreferrer noopener\"><span style=\"color:#f3f5f5\" class=\"has-inline-color\">SERCE CZ\u0141OWIEKA &#8211; cz. X<\/span><\/a><\/p>\n\n\n\n<p><\/p>\n<\/div><\/div>\n\n\n\n<hr class=\"wp-block-separator\"\/>\n\n\n\n<hr class=\"wp-block-separator\"\/>\n","protected":false},"excerpt":{"rendered":"<p>ARTYKU\u0141 WST\u0118PNY Gdyby Chrystus nie zmartwychwsta\u0142 Tekst przewodni: A je\u015bli si\u0119 o Chrystusie opowiada, \u017ce zosta\u0142 &nbsp;z martwych wzbudzony, jak\u017ce mog\u0105 m\u00f3wi\u0107 niekt\u00f3rzy mi\u0119dzy wami, \u017ce zmartwychwstania nie ma? Bo je\u015bli nie ma zmartwychwstania, to&nbsp;&nbsp;i Chrystus nie zosta\u0142 wzbudzony;a je\u015bli&#46;&#46;&#46;<\/p>\n","protected":false},"author":2,"featured_media":621,"parent":0,"menu_order":0,"comment_status":"closed","ping_status":"closed","template":"","meta":{"give_campaign_id":0,"jetpack_post_was_ever_published":false,"footnotes":""},"class_list":["post-1422","page","type-page","status-publish","has-post-thumbnail","hentry"],"wppr_data":{"cwp_meta_box_check":"No"},"yoast_head":"<!-- This site is optimized with the Yoast SEO plugin v27.0 - https:\/\/yoast.com\/product\/yoast-seo-wordpress\/ -->\n<title>III\/IV 2020 - MAGAZYN CHRZE\u015aCIJA\u0143SKI &quot;FILEO&quot;<\/title>\n<meta name=\"robots\" content=\"index, follow, max-snippet:-1, max-image-preview:large, max-video-preview:-1\" \/>\n<link rel=\"canonical\" href=\"https:\/\/e-fileo.pl\/index.php\/iii-iv-2020\/\" \/>\n<meta property=\"og:locale\" content=\"pl_PL\" \/>\n<meta property=\"og:type\" content=\"article\" \/>\n<meta property=\"og:title\" content=\"III\/IV 2020 - MAGAZYN CHRZE\u015aCIJA\u0143SKI &quot;FILEO&quot;\" \/>\n<meta property=\"og:description\" content=\"ARTYKU\u0141 WST\u0118PNY Gdyby Chrystus nie zmartwychwsta\u0142 Tekst przewodni: A je\u015bli si\u0119 o Chrystusie opowiada, \u017ce zosta\u0142 &nbsp;z martwych wzbudzony, jak\u017ce mog\u0105 m\u00f3wi\u0107 niekt\u00f3rzy mi\u0119dzy wami, \u017ce zmartwychwstania nie ma? Bo je\u015bli nie ma zmartwychwstania, to&nbsp;&nbsp;i Chrystus nie zosta\u0142 wzbudzony;a je\u015bli&#046;&#046;&#046;\" \/>\n<meta property=\"og:url\" content=\"https:\/\/e-fileo.pl\/index.php\/iii-iv-2020\/\" \/>\n<meta property=\"og:site_name\" content=\"MAGAZYN CHRZE\u015aCIJA\u0143SKI &quot;FILEO&quot;\" \/>\n<meta property=\"article:modified_time\" content=\"2020-04-10T13:31:44+00:00\" \/>\n<meta property=\"og:image\" content=\"https:\/\/i0.wp.com\/e-fileo.pl\/wp-content\/uploads\/2019\/07\/FB_IMG_1544570613270.jpg?fit=960%2C960&ssl=1\" \/>\n\t<meta property=\"og:image:width\" content=\"960\" \/>\n\t<meta property=\"og:image:height\" content=\"960\" \/>\n\t<meta property=\"og:image:type\" content=\"image\/jpeg\" \/>\n<meta name=\"twitter:card\" content=\"summary_large_image\" \/>\n<meta name=\"twitter:label1\" content=\"Szacowany czas czytania\" \/>\n\t<meta name=\"twitter:data1\" content=\"3 minuty\" \/>\n<script type=\"application\/ld+json\" class=\"yoast-schema-graph\">{\"@context\":\"https:\/\/schema.org\",\"@graph\":[{\"@type\":\"WebPage\",\"@id\":\"https:\/\/e-fileo.pl\/index.php\/iii-iv-2020\/\",\"url\":\"https:\/\/e-fileo.pl\/index.php\/iii-iv-2020\/\",\"name\":\"III\/IV 2020 - MAGAZYN CHRZE\u015aCIJA\u0143SKI &quot;FILEO&quot;\",\"isPartOf\":{\"@id\":\"https:\/\/e-fileo.pl\/#website\"},\"primaryImageOfPage\":{\"@id\":\"https:\/\/e-fileo.pl\/index.php\/iii-iv-2020\/#primaryimage\"},\"image\":{\"@id\":\"https:\/\/e-fileo.pl\/index.php\/iii-iv-2020\/#primaryimage\"},\"thumbnailUrl\":\"https:\/\/i0.wp.com\/e-fileo.pl\/wp-content\/uploads\/2019\/07\/FB_IMG_1544570613270.jpg?fit=960%2C960&ssl=1\",\"datePublished\":\"2020-04-10T12:06:10+00:00\",\"dateModified\":\"2020-04-10T13:31:44+00:00\",\"breadcrumb\":{\"@id\":\"https:\/\/e-fileo.pl\/index.php\/iii-iv-2020\/#breadcrumb\"},\"inLanguage\":\"pl-PL\",\"potentialAction\":[{\"@type\":\"ReadAction\",\"target\":[\"https:\/\/e-fileo.pl\/index.php\/iii-iv-2020\/\"]}]},{\"@type\":\"ImageObject\",\"inLanguage\":\"pl-PL\",\"@id\":\"https:\/\/e-fileo.pl\/index.php\/iii-iv-2020\/#primaryimage\",\"url\":\"https:\/\/i0.wp.com\/e-fileo.pl\/wp-content\/uploads\/2019\/07\/FB_IMG_1544570613270.jpg?fit=960%2C960&ssl=1\",\"contentUrl\":\"https:\/\/i0.wp.com\/e-fileo.pl\/wp-content\/uploads\/2019\/07\/FB_IMG_1544570613270.jpg?fit=960%2C960&ssl=1\",\"width\":960,\"height\":960},{\"@type\":\"BreadcrumbList\",\"@id\":\"https:\/\/e-fileo.pl\/index.php\/iii-iv-2020\/#breadcrumb\",\"itemListElement\":[{\"@type\":\"ListItem\",\"position\":1,\"name\":\"Strona g\u0142\u00f3wna\",\"item\":\"https:\/\/e-fileo.pl\/\"},{\"@type\":\"ListItem\",\"position\":2,\"name\":\"III\/IV 2020\"}]},{\"@type\":\"WebSite\",\"@id\":\"https:\/\/e-fileo.pl\/#website\",\"url\":\"https:\/\/e-fileo.pl\/\",\"name\":\"MAGAZYN CHRZE\u015aCIJA\u0143SKI &quot;FILEO&quot;\",\"description\":\" \",\"publisher\":{\"@id\":\"https:\/\/e-fileo.pl\/#organization\"},\"potentialAction\":[{\"@type\":\"SearchAction\",\"target\":{\"@type\":\"EntryPoint\",\"urlTemplate\":\"https:\/\/e-fileo.pl\/?s={search_term_string}\"},\"query-input\":{\"@type\":\"PropertyValueSpecification\",\"valueRequired\":true,\"valueName\":\"search_term_string\"}}],\"inLanguage\":\"pl-PL\"},{\"@type\":\"Organization\",\"@id\":\"https:\/\/e-fileo.pl\/#organization\",\"name\":\"MAGAZYN CHRZE\u015aCIJA\u0143SKI &quot;FILEO&quot;\",\"url\":\"https:\/\/e-fileo.pl\/\",\"logo\":{\"@type\":\"ImageObject\",\"inLanguage\":\"pl-PL\",\"@id\":\"https:\/\/e-fileo.pl\/#\/schema\/logo\/image\/\",\"url\":\"https:\/\/i0.wp.com\/e-fileo.pl\/wp-content\/uploads\/2022\/07\/FILEO-7-e1659260414854.png?fit=250%2C196&ssl=1\",\"contentUrl\":\"https:\/\/i0.wp.com\/e-fileo.pl\/wp-content\/uploads\/2022\/07\/FILEO-7-e1659260414854.png?fit=250%2C196&ssl=1\",\"width\":250,\"height\":196,\"caption\":\"MAGAZYN CHRZE\u015aCIJA\u0143SKI &quot;FILEO&quot; \"},\"image\":{\"@id\":\"https:\/\/e-fileo.pl\/#\/schema\/logo\/image\/\"}}]}<\/script>\n<!-- \/ Yoast SEO plugin. -->","yoast_head_json":{"title":"III\/IV 2020 - MAGAZYN CHRZE\u015aCIJA\u0143SKI &quot;FILEO&quot;","robots":{"index":"index","follow":"follow","max-snippet":"max-snippet:-1","max-image-preview":"max-image-preview:large","max-video-preview":"max-video-preview:-1"},"canonical":"https:\/\/e-fileo.pl\/index.php\/iii-iv-2020\/","og_locale":"pl_PL","og_type":"article","og_title":"III\/IV 2020 - MAGAZYN CHRZE\u015aCIJA\u0143SKI &quot;FILEO&quot;","og_description":"ARTYKU\u0141 WST\u0118PNY Gdyby Chrystus nie zmartwychwsta\u0142 Tekst przewodni: A je\u015bli si\u0119 o Chrystusie opowiada, \u017ce zosta\u0142 &nbsp;z martwych wzbudzony, jak\u017ce mog\u0105 m\u00f3wi\u0107 niekt\u00f3rzy mi\u0119dzy wami, \u017ce zmartwychwstania nie ma? Bo je\u015bli nie ma zmartwychwstania, to&nbsp;&nbsp;i Chrystus nie zosta\u0142 wzbudzony;a je\u015bli&#46;&#46;&#46;","og_url":"https:\/\/e-fileo.pl\/index.php\/iii-iv-2020\/","og_site_name":"MAGAZYN CHRZE\u015aCIJA\u0143SKI &quot;FILEO&quot;","article_modified_time":"2020-04-10T13:31:44+00:00","og_image":[{"width":960,"height":960,"url":"https:\/\/i0.wp.com\/e-fileo.pl\/wp-content\/uploads\/2019\/07\/FB_IMG_1544570613270.jpg?fit=960%2C960&ssl=1","type":"image\/jpeg"}],"twitter_card":"summary_large_image","twitter_misc":{"Szacowany czas czytania":"3 minuty"},"schema":{"@context":"https:\/\/schema.org","@graph":[{"@type":"WebPage","@id":"https:\/\/e-fileo.pl\/index.php\/iii-iv-2020\/","url":"https:\/\/e-fileo.pl\/index.php\/iii-iv-2020\/","name":"III\/IV 2020 - MAGAZYN CHRZE\u015aCIJA\u0143SKI &quot;FILEO&quot;","isPartOf":{"@id":"https:\/\/e-fileo.pl\/#website"},"primaryImageOfPage":{"@id":"https:\/\/e-fileo.pl\/index.php\/iii-iv-2020\/#primaryimage"},"image":{"@id":"https:\/\/e-fileo.pl\/index.php\/iii-iv-2020\/#primaryimage"},"thumbnailUrl":"https:\/\/i0.wp.com\/e-fileo.pl\/wp-content\/uploads\/2019\/07\/FB_IMG_1544570613270.jpg?fit=960%2C960&ssl=1","datePublished":"2020-04-10T12:06:10+00:00","dateModified":"2020-04-10T13:31:44+00:00","breadcrumb":{"@id":"https:\/\/e-fileo.pl\/index.php\/iii-iv-2020\/#breadcrumb"},"inLanguage":"pl-PL","potentialAction":[{"@type":"ReadAction","target":["https:\/\/e-fileo.pl\/index.php\/iii-iv-2020\/"]}]},{"@type":"ImageObject","inLanguage":"pl-PL","@id":"https:\/\/e-fileo.pl\/index.php\/iii-iv-2020\/#primaryimage","url":"https:\/\/i0.wp.com\/e-fileo.pl\/wp-content\/uploads\/2019\/07\/FB_IMG_1544570613270.jpg?fit=960%2C960&ssl=1","contentUrl":"https:\/\/i0.wp.com\/e-fileo.pl\/wp-content\/uploads\/2019\/07\/FB_IMG_1544570613270.jpg?fit=960%2C960&ssl=1","width":960,"height":960},{"@type":"BreadcrumbList","@id":"https:\/\/e-fileo.pl\/index.php\/iii-iv-2020\/#breadcrumb","itemListElement":[{"@type":"ListItem","position":1,"name":"Strona g\u0142\u00f3wna","item":"https:\/\/e-fileo.pl\/"},{"@type":"ListItem","position":2,"name":"III\/IV 2020"}]},{"@type":"WebSite","@id":"https:\/\/e-fileo.pl\/#website","url":"https:\/\/e-fileo.pl\/","name":"MAGAZYN CHRZE\u015aCIJA\u0143SKI &quot;FILEO&quot;","description":" ","publisher":{"@id":"https:\/\/e-fileo.pl\/#organization"},"potentialAction":[{"@type":"SearchAction","target":{"@type":"EntryPoint","urlTemplate":"https:\/\/e-fileo.pl\/?s={search_term_string}"},"query-input":{"@type":"PropertyValueSpecification","valueRequired":true,"valueName":"search_term_string"}}],"inLanguage":"pl-PL"},{"@type":"Organization","@id":"https:\/\/e-fileo.pl\/#organization","name":"MAGAZYN CHRZE\u015aCIJA\u0143SKI &quot;FILEO&quot;","url":"https:\/\/e-fileo.pl\/","logo":{"@type":"ImageObject","inLanguage":"pl-PL","@id":"https:\/\/e-fileo.pl\/#\/schema\/logo\/image\/","url":"https:\/\/i0.wp.com\/e-fileo.pl\/wp-content\/uploads\/2022\/07\/FILEO-7-e1659260414854.png?fit=250%2C196&ssl=1","contentUrl":"https:\/\/i0.wp.com\/e-fileo.pl\/wp-content\/uploads\/2022\/07\/FILEO-7-e1659260414854.png?fit=250%2C196&ssl=1","width":250,"height":196,"caption":"MAGAZYN CHRZE\u015aCIJA\u0143SKI &quot;FILEO&quot; "},"image":{"@id":"https:\/\/e-fileo.pl\/#\/schema\/logo\/image\/"}}]}},"campaignId":"","jetpack_likes_enabled":true,"jetpack_shortlink":"https:\/\/wp.me\/Pba6nO-mW","jetpack_sharing_enabled":true,"jetpack-related-posts":[{"id":538,"url":"https:\/\/e-fileo.pl\/index.php\/wiara-martwa-czy-zywa\/","url_meta":{"origin":1422,"position":0},"title":"WIARA MARTWA CZY \u017bYWA?","author":"admin","date":"14 lipca 2019","format":false,"excerpt":"Czy Abraham usprawiedliwiony zosta\u0142 z wiary, czy z uczynk\u00f3w? Takie pytanie mo\u017ce zrodzi\u0107 si\u0119 w sercu czytelnika Pisma \u015awi\u0119tego. Nauka o usprawiedliwieniu nale\u017cy do podstawowych zasad wiary chrze\u015bcija\u0144skiej. W Nowym Testamencie, w dw\u00f3ch miejscach jest mowa o usprawiedliwieniu w kontek\u015bcie \u017cycia Abrahama. Aposto\u0142 Pawe\u0142 w Li\u015bcie do Rzymian 4,2-8 napisa\u0142:\u2026","rel":"","context":"Podobny wpis","block_context":{"text":"Podobny wpis","link":""},"img":{"alt_text":"","src":"","width":0,"height":0},"classes":[]},{"id":459,"url":"https:\/\/e-fileo.pl\/index.php\/slowo-boze-moja-pomoca-kazdego-dnia-cz-v\/","url_meta":{"origin":1422,"position":1},"title":"S\u0141OWO BO\u017bE MOJ\u0104 POMOC\u0104 KA\u017bDEGO DNIA ? CZ. V","author":"admin","date":"14 lipca 2019","format":false,"excerpt":"Gdy potrzebuj\u0119 pocieszenia ?Pociechy twoje rozweselaj\u0105 dusz\u0119 moj\u0105 w licznych utrapieniach serca mego?. (Psalm 94,19) ?To jest pociech\u0105 moj\u0105 w niedoli mojej, \u017ce obietnica twoja mnie o\u017cywia. Zuchwali szydz\u0105 ze mnie bardzo, lecz ja nie odst\u0119puj\u0119 od zakonu twego. Pami\u0119tam, Panie, o odwiecznych prawach twoich i doznaj\u0119 pocieszenia?. (Psalm 119,50-52)\u2026","rel":"","context":"Podobny wpis","block_context":{"text":"Podobny wpis","link":""},"img":{"alt_text":"","src":"","width":0,"height":0},"classes":[]},{"id":494,"url":"https:\/\/e-fileo.pl\/index.php\/serce-czlowieka-cz-v\/","url_meta":{"origin":1422,"position":2},"title":"SERCE CZ\u0141OWIEKA &#8211; cz. V","author":"admin","date":"14 lipca 2019","format":false,"excerpt":"RYSUNEK 4. Pokazuje nam obraz serca ukrzy\u017cowanego z Jezusem. ,,Z Chrystusem jestem ukrzy\u017cowany; \u017cyj\u0119 wi\u0119c ju\u017c nie ja, ale \u017cyje we mnie Chrystus; a obecne \u017cycie moje w ciele jest \u017cyciem w wierze w Syna Bo\u017cego, kt\u00f3ry mnie umi\u0142owa\u0142 i wyda\u0142 samego siebie za mnie? (List do Galacjan 2,20). ,,A\u2026","rel":"","context":"Podobny wpis","block_context":{"text":"Podobny wpis","link":""},"img":{"alt_text":"","src":"https:\/\/i0.wp.com\/e-fileo.pl\/wp-content\/uploads\/2019\/07\/rysunek4.png?resize=350%2C200","width":350,"height":200},"classes":[]},{"id":442,"url":"https:\/\/e-fileo.pl\/index.php\/serce-czlowieka-cz-iv\/","url_meta":{"origin":1422,"position":3},"title":"SERCE CZ\u0141OWIEKA &#8211; cz. IV","author":"admin","date":"14 lipca 2019","format":false,"excerpt":"Ten rysunek pokazuje nam stan grzesznika, kt\u00f3ry pokutuje, czyli szczerze \u017ca\u0142uje za swoje grzechy. Teraz przypomina sobie to, co z\u0142ego uczyni\u0142. Jest przekonany o tym, \u017ce to z jego powodu Jezus Chrystus cierpia\u0142 i umar\u0142 na krzy\u017cu. Gdy patrzy na krzy\u017c, kt\u00f3ry anio\u0142 trzyma w r\u0119ce, w\u00f3wczas odczuwa b\u00f3l w\u2026","rel":"","context":"Podobny wpis","block_context":{"text":"Podobny wpis","link":""},"img":{"alt_text":"","src":"https:\/\/i0.wp.com\/e-fileo.pl\/wp-content\/uploads\/2019\/07\/rysunek3.png?resize=350%2C200&ssl=1","width":350,"height":200},"classes":[]},{"id":508,"url":"https:\/\/e-fileo.pl\/index.php\/gdy-pragne-bozego-przebaczenia\/","url_meta":{"origin":1422,"position":4},"title":"Gdy pragn\u0119 Bo\u017cego przebaczenia","author":"admin","date":"14 lipca 2019","format":false,"excerpt":"Niech\u017ce nie b\u0119dzie w\u015br\u00f3d was m\u0119\u017cczyzny ani kobiety, ani rodziny, ani plemienia, kt\u00f3rych serce odwr\u00f3ci\u0142oby si\u0119 dzi\u015b od Pana, Boga naszego, aby p\u00f3j\u015b\u0107 i s\u0142u\u017cy\u0107 bogom tych narod\u00f3w. Niechaj nie b\u0119dzie w\u015br\u00f3d was korzenia, wydaj\u0105cego trucizn\u0119 i pio\u0142un, kt\u00f3ry by, s\u0142ysz\u0105c s\u0142owa tego zaprzysi\u0119\u017conego przymierza, pochlebia\u0142 sobie w swoim sercu,\u2026","rel":"","context":"Podobny wpis","block_context":{"text":"Podobny wpis","link":""},"img":{"alt_text":"","src":"","width":0,"height":0},"classes":[]},{"id":668,"url":"https:\/\/e-fileo.pl\/index.php\/werset-przewodni\/","url_meta":{"origin":1422,"position":5},"title":"S\u0141OWO BO\u017bE MOJ\u0104 POMOC\u0104 KA\u017bDEGO DNIA ? CZ. VI","author":"admin","date":"17 lipca 2019","format":false,"excerpt":"Gdy pragn\u0119 Bo\u017cego przebaczenia ?Niech\u017ce nie b\u0119dzie w\u015br\u00f3d was m\u0119\u017cczyzny ani kobiety, ani rodziny, ani plemienia, kt\u00f3rych serce odwr\u00f3ci\u0142oby si\u0119 dzi\u015b od Pana, Boga naszego, aby p\u00f3j\u015b\u0107 i s\u0142u\u017cy\u0107 bogom tych narod\u00f3w. Niechaj nie b\u0119dzie w\u015br\u00f3d was korzenia, wydaj\u0105cego trucizn\u0119 i pio\u0142un, kt\u00f3ry by, s\u0142ysz\u0105c s\u0142owa tego zaprzysi\u0119\u017conego przymierza, pochlebia\u0142\u2026","rel":"","context":"Podobny wpis","block_context":{"text":"Podobny wpis","link":""},"img":{"alt_text":"","src":"","width":0,"height":0},"classes":[]}],"amp_enabled":true,"_links":{"self":[{"href":"https:\/\/e-fileo.pl\/index.php\/wp-json\/wp\/v2\/pages\/1422","targetHints":{"allow":["GET"]}}],"collection":[{"href":"https:\/\/e-fileo.pl\/index.php\/wp-json\/wp\/v2\/pages"}],"about":[{"href":"https:\/\/e-fileo.pl\/index.php\/wp-json\/wp\/v2\/types\/page"}],"author":[{"embeddable":true,"href":"https:\/\/e-fileo.pl\/index.php\/wp-json\/wp\/v2\/users\/2"}],"replies":[{"embeddable":true,"href":"https:\/\/e-fileo.pl\/index.php\/wp-json\/wp\/v2\/comments?post=1422"}],"version-history":[{"count":3,"href":"https:\/\/e-fileo.pl\/index.php\/wp-json\/wp\/v2\/pages\/1422\/revisions"}],"predecessor-version":[{"id":1425,"href":"https:\/\/e-fileo.pl\/index.php\/wp-json\/wp\/v2\/pages\/1422\/revisions\/1425"}],"wp:featuredmedia":[{"embeddable":true,"href":"https:\/\/e-fileo.pl\/index.php\/wp-json\/wp\/v2\/media\/621"}],"wp:attachment":[{"href":"https:\/\/e-fileo.pl\/index.php\/wp-json\/wp\/v2\/media?parent=1422"}],"curies":[{"name":"wp","href":"https:\/\/api.w.org\/{rel}","templated":true}]}}