{"id":1301,"date":"2020-03-22T13:47:50","date_gmt":"2020-03-22T12:47:50","guid":{"rendered":"http:\/\/e-fileo.pl\/?page_id=1301"},"modified":"2020-03-22T13:50:36","modified_gmt":"2020-03-22T12:50:36","slug":"gryzon-dowiedzial-sie-o-koronowirusie","status":"publish","type":"page","link":"https:\/\/e-fileo.pl\/index.php\/gryzon-dowiedzial-sie-o-koronowirusie\/","title":{"rendered":"Gryzo\u0144 dowiedzia\u0142 si\u0119 o KORONOWIRUSIE"},"content":{"rendered":"\n<blockquote class=\"wp-block-quote is-layout-flow wp-block-quote-is-layout-flow\"><p> Wed\u0142ug WHO, czyli \u015awiatowej Organizacji Zdrowia,\u00a0<strong>higiena<\/strong>\u00a0odnosi si\u0119 do warunk\u00f3w i praktyk, kt\u00f3re pomagaj\u0105 utrzyma\u0107 zdrowie oraz zapobiegaj\u0105 rozprzestrzenianiu si\u0119 chor\u00f3b.\u00a0<strong>Higiena<\/strong>\u00a0osobista dotyczy utrzymania czysto\u015bci cia\u0142a ale poj\u0119cie to dotyczy r\u00f3wnie\u017c innych dziedzin. <\/p><\/blockquote>\n\n\n\n<figure class=\"wp-block-video aligncenter\"><video height=\"422\" style=\"aspect-ratio: 926 \/ 422;\" width=\"926\" controls src=\"http:\/\/e-fileo.pl\/wp-content\/uploads\/2020\/03\/20200322_132654.mp4\"><\/video><\/figure>\n\n\n\n<script async src=\"https:\/\/pagead2.googlesyndication.com\/pagead\/js\/adsbygoogle.js\"><\/script>\n<ins class=\"adsbygoogle\"\n     style=\"display:block; text-align:center;\"\n     data-ad-layout=\"in-article\"\n     data-ad-format=\"fluid\"\n     data-ad-client=\"ca-pub-9429043413065655\"\n     data-ad-slot=\"3138547548\"><\/ins>\n<script>\n     (adsbygoogle = window.adsbygoogle || []).push({});\n<\/script>\n\n\n\n<div class=\"wp-block-themeisle-blocks-advanced-columns has-undefined-columns has-desktop-undefined-layout has-tablet-equal-layout has-mobile-equal-layout has-default-gap has-vertical-unset\" id=\"wp-block-themeisle-blocks-advanced-columns-baeef4b0\"><div class=\"wp-block-themeisle-blocks-advanced-columns-overlay\"><\/div><div class=\"innerblocks-wrap\"><\/div><\/div>\n\n\n\n<script async src=\"https:\/\/pagead2.googlesyndication.com\/pagead\/js\/adsbygoogle.js\"><\/script>\n<ins class=\"adsbygoogle\"\n     style=\"display:block; text-align:center;\"\n     data-ad-layout=\"in-article\"\n     data-ad-format=\"fluid\"\n     data-ad-client=\"ca-pub-9429043413065655\"\n     data-ad-slot=\"2689854168\"><\/ins>\n<script>\n     (adsbygoogle = window.adsbygoogle || []).push({});\n<\/script>\n","protected":false},"excerpt":{"rendered":"<p>Wed\u0142ug WHO, czyli \u015awiatowej Organizacji Zdrowia,\u00a0higiena\u00a0odnosi si\u0119 do warunk\u00f3w i praktyk, kt\u00f3re pomagaj\u0105 utrzyma\u0107 zdrowie oraz zapobiegaj\u0105 rozprzestrzenianiu si\u0119 chor\u00f3b.\u00a0Higiena\u00a0osobista dotyczy utrzymania czysto\u015bci cia\u0142a ale poj\u0119cie to dotyczy r\u00f3wnie\u017c innych dziedzin.<\/p>\n","protected":false},"author":2,"featured_media":1303,"parent":0,"menu_order":0,"comment_status":"closed","ping_status":"closed","template":"","meta":{"give_campaign_id":0,"jetpack_post_was_ever_published":false,"footnotes":""},"class_list":["post-1301","page","type-page","status-publish","has-post-thumbnail","hentry"],"wppr_data":{"cwp_meta_box_check":"No"},"yoast_head":"<!-- This site is optimized with the Yoast SEO plugin v27.0 - https:\/\/yoast.com\/product\/yoast-seo-wordpress\/ -->\n<title>Gryzo\u0144 dowiedzia\u0142 si\u0119 o KORONOWIRUSIE - MAGAZYN CHRZE\u015aCIJA\u0143SKI &quot;FILEO&quot;<\/title>\n<meta name=\"robots\" content=\"index, follow, max-snippet:-1, max-image-preview:large, max-video-preview:-1\" \/>\n<link rel=\"canonical\" href=\"https:\/\/e-fileo.pl\/index.php\/gryzon-dowiedzial-sie-o-koronowirusie\/\" \/>\n<meta property=\"og:locale\" content=\"pl_PL\" \/>\n<meta property=\"og:type\" content=\"article\" \/>\n<meta property=\"og:title\" content=\"Gryzo\u0144 dowiedzia\u0142 si\u0119 o KORONOWIRUSIE - MAGAZYN CHRZE\u015aCIJA\u0143SKI &quot;FILEO&quot;\" \/>\n<meta property=\"og:description\" content=\"Wed\u0142ug WHO, czyli \u015awiatowej Organizacji Zdrowia,\u00a0higiena\u00a0odnosi si\u0119 do warunk\u00f3w i praktyk, kt\u00f3re pomagaj\u0105 utrzyma\u0107 zdrowie oraz zapobiegaj\u0105 rozprzestrzenianiu si\u0119 chor\u00f3b.\u00a0Higiena\u00a0osobista dotyczy utrzymania czysto\u015bci cia\u0142a ale poj\u0119cie to dotyczy r\u00f3wnie\u017c innych dziedzin.\" \/>\n<meta property=\"og:url\" content=\"https:\/\/e-fileo.pl\/index.php\/gryzon-dowiedzial-sie-o-koronowirusie\/\" \/>\n<meta property=\"og:site_name\" content=\"MAGAZYN CHRZE\u015aCIJA\u0143SKI &quot;FILEO&quot;\" \/>\n<meta property=\"article:modified_time\" content=\"2020-03-22T12:50:36+00:00\" \/>\n<meta property=\"og:image\" content=\"https:\/\/i0.wp.com\/e-fileo.pl\/wp-content\/uploads\/2020\/03\/GRYZO\u0143.png?fit=893%2C470&ssl=1\" \/>\n\t<meta property=\"og:image:width\" content=\"893\" \/>\n\t<meta property=\"og:image:height\" content=\"470\" \/>\n\t<meta property=\"og:image:type\" content=\"image\/png\" \/>\n<meta name=\"twitter:card\" content=\"summary_large_image\" \/>\n<script type=\"application\/ld+json\" class=\"yoast-schema-graph\">{\"@context\":\"https:\/\/schema.org\",\"@graph\":[{\"@type\":\"WebPage\",\"@id\":\"https:\/\/e-fileo.pl\/index.php\/gryzon-dowiedzial-sie-o-koronowirusie\/\",\"url\":\"https:\/\/e-fileo.pl\/index.php\/gryzon-dowiedzial-sie-o-koronowirusie\/\",\"name\":\"Gryzo\u0144 dowiedzia\u0142 si\u0119 o KORONOWIRUSIE - MAGAZYN CHRZE\u015aCIJA\u0143SKI &quot;FILEO&quot;\",\"isPartOf\":{\"@id\":\"https:\/\/e-fileo.pl\/#website\"},\"primaryImageOfPage\":{\"@id\":\"https:\/\/e-fileo.pl\/index.php\/gryzon-dowiedzial-sie-o-koronowirusie\/#primaryimage\"},\"image\":{\"@id\":\"https:\/\/e-fileo.pl\/index.php\/gryzon-dowiedzial-sie-o-koronowirusie\/#primaryimage\"},\"thumbnailUrl\":\"https:\/\/i0.wp.com\/e-fileo.pl\/wp-content\/uploads\/2020\/03\/GRYZO%C5%83.png?fit=893%2C470&ssl=1\",\"datePublished\":\"2020-03-22T12:47:50+00:00\",\"dateModified\":\"2020-03-22T12:50:36+00:00\",\"breadcrumb\":{\"@id\":\"https:\/\/e-fileo.pl\/index.php\/gryzon-dowiedzial-sie-o-koronowirusie\/#breadcrumb\"},\"inLanguage\":\"pl-PL\",\"potentialAction\":[{\"@type\":\"ReadAction\",\"target\":[\"https:\/\/e-fileo.pl\/index.php\/gryzon-dowiedzial-sie-o-koronowirusie\/\"]}]},{\"@type\":\"ImageObject\",\"inLanguage\":\"pl-PL\",\"@id\":\"https:\/\/e-fileo.pl\/index.php\/gryzon-dowiedzial-sie-o-koronowirusie\/#primaryimage\",\"url\":\"https:\/\/i0.wp.com\/e-fileo.pl\/wp-content\/uploads\/2020\/03\/GRYZO%C5%83.png?fit=893%2C470&ssl=1\",\"contentUrl\":\"https:\/\/i0.wp.com\/e-fileo.pl\/wp-content\/uploads\/2020\/03\/GRYZO%C5%83.png?fit=893%2C470&ssl=1\",\"width\":893,\"height\":470},{\"@type\":\"BreadcrumbList\",\"@id\":\"https:\/\/e-fileo.pl\/index.php\/gryzon-dowiedzial-sie-o-koronowirusie\/#breadcrumb\",\"itemListElement\":[{\"@type\":\"ListItem\",\"position\":1,\"name\":\"Strona g\u0142\u00f3wna\",\"item\":\"https:\/\/e-fileo.pl\/\"},{\"@type\":\"ListItem\",\"position\":2,\"name\":\"Gryzo\u0144 dowiedzia\u0142 si\u0119 o KORONOWIRUSIE\"}]},{\"@type\":\"WebSite\",\"@id\":\"https:\/\/e-fileo.pl\/#website\",\"url\":\"https:\/\/e-fileo.pl\/\",\"name\":\"MAGAZYN CHRZE\u015aCIJA\u0143SKI &quot;FILEO&quot;\",\"description\":\" \",\"publisher\":{\"@id\":\"https:\/\/e-fileo.pl\/#organization\"},\"potentialAction\":[{\"@type\":\"SearchAction\",\"target\":{\"@type\":\"EntryPoint\",\"urlTemplate\":\"https:\/\/e-fileo.pl\/?s={search_term_string}\"},\"query-input\":{\"@type\":\"PropertyValueSpecification\",\"valueRequired\":true,\"valueName\":\"search_term_string\"}}],\"inLanguage\":\"pl-PL\"},{\"@type\":\"Organization\",\"@id\":\"https:\/\/e-fileo.pl\/#organization\",\"name\":\"MAGAZYN CHRZE\u015aCIJA\u0143SKI &quot;FILEO&quot;\",\"url\":\"https:\/\/e-fileo.pl\/\",\"logo\":{\"@type\":\"ImageObject\",\"inLanguage\":\"pl-PL\",\"@id\":\"https:\/\/e-fileo.pl\/#\/schema\/logo\/image\/\",\"url\":\"https:\/\/i0.wp.com\/e-fileo.pl\/wp-content\/uploads\/2022\/07\/FILEO-7-e1659260414854.png?fit=250%2C196&ssl=1\",\"contentUrl\":\"https:\/\/i0.wp.com\/e-fileo.pl\/wp-content\/uploads\/2022\/07\/FILEO-7-e1659260414854.png?fit=250%2C196&ssl=1\",\"width\":250,\"height\":196,\"caption\":\"MAGAZYN CHRZE\u015aCIJA\u0143SKI &quot;FILEO&quot; \"},\"image\":{\"@id\":\"https:\/\/e-fileo.pl\/#\/schema\/logo\/image\/\"}}]}<\/script>\n<!-- \/ Yoast SEO plugin. -->","yoast_head_json":{"title":"Gryzo\u0144 dowiedzia\u0142 si\u0119 o KORONOWIRUSIE - MAGAZYN CHRZE\u015aCIJA\u0143SKI &quot;FILEO&quot;","robots":{"index":"index","follow":"follow","max-snippet":"max-snippet:-1","max-image-preview":"max-image-preview:large","max-video-preview":"max-video-preview:-1"},"canonical":"https:\/\/e-fileo.pl\/index.php\/gryzon-dowiedzial-sie-o-koronowirusie\/","og_locale":"pl_PL","og_type":"article","og_title":"Gryzo\u0144 dowiedzia\u0142 si\u0119 o KORONOWIRUSIE - MAGAZYN CHRZE\u015aCIJA\u0143SKI &quot;FILEO&quot;","og_description":"Wed\u0142ug WHO, czyli \u015awiatowej Organizacji Zdrowia,\u00a0higiena\u00a0odnosi si\u0119 do warunk\u00f3w i praktyk, kt\u00f3re pomagaj\u0105 utrzyma\u0107 zdrowie oraz zapobiegaj\u0105 rozprzestrzenianiu si\u0119 chor\u00f3b.\u00a0Higiena\u00a0osobista dotyczy utrzymania czysto\u015bci cia\u0142a ale poj\u0119cie to dotyczy r\u00f3wnie\u017c innych dziedzin.","og_url":"https:\/\/e-fileo.pl\/index.php\/gryzon-dowiedzial-sie-o-koronowirusie\/","og_site_name":"MAGAZYN CHRZE\u015aCIJA\u0143SKI &quot;FILEO&quot;","article_modified_time":"2020-03-22T12:50:36+00:00","og_image":[{"width":893,"height":470,"url":"https:\/\/i0.wp.com\/e-fileo.pl\/wp-content\/uploads\/2020\/03\/GRYZO\u0143.png?fit=893%2C470&ssl=1","type":"image\/png"}],"twitter_card":"summary_large_image","schema":{"@context":"https:\/\/schema.org","@graph":[{"@type":"WebPage","@id":"https:\/\/e-fileo.pl\/index.php\/gryzon-dowiedzial-sie-o-koronowirusie\/","url":"https:\/\/e-fileo.pl\/index.php\/gryzon-dowiedzial-sie-o-koronowirusie\/","name":"Gryzo\u0144 dowiedzia\u0142 si\u0119 o KORONOWIRUSIE - MAGAZYN CHRZE\u015aCIJA\u0143SKI &quot;FILEO&quot;","isPartOf":{"@id":"https:\/\/e-fileo.pl\/#website"},"primaryImageOfPage":{"@id":"https:\/\/e-fileo.pl\/index.php\/gryzon-dowiedzial-sie-o-koronowirusie\/#primaryimage"},"image":{"@id":"https:\/\/e-fileo.pl\/index.php\/gryzon-dowiedzial-sie-o-koronowirusie\/#primaryimage"},"thumbnailUrl":"https:\/\/i0.wp.com\/e-fileo.pl\/wp-content\/uploads\/2020\/03\/GRYZO%C5%83.png?fit=893%2C470&ssl=1","datePublished":"2020-03-22T12:47:50+00:00","dateModified":"2020-03-22T12:50:36+00:00","breadcrumb":{"@id":"https:\/\/e-fileo.pl\/index.php\/gryzon-dowiedzial-sie-o-koronowirusie\/#breadcrumb"},"inLanguage":"pl-PL","potentialAction":[{"@type":"ReadAction","target":["https:\/\/e-fileo.pl\/index.php\/gryzon-dowiedzial-sie-o-koronowirusie\/"]}]},{"@type":"ImageObject","inLanguage":"pl-PL","@id":"https:\/\/e-fileo.pl\/index.php\/gryzon-dowiedzial-sie-o-koronowirusie\/#primaryimage","url":"https:\/\/i0.wp.com\/e-fileo.pl\/wp-content\/uploads\/2020\/03\/GRYZO%C5%83.png?fit=893%2C470&ssl=1","contentUrl":"https:\/\/i0.wp.com\/e-fileo.pl\/wp-content\/uploads\/2020\/03\/GRYZO%C5%83.png?fit=893%2C470&ssl=1","width":893,"height":470},{"@type":"BreadcrumbList","@id":"https:\/\/e-fileo.pl\/index.php\/gryzon-dowiedzial-sie-o-koronowirusie\/#breadcrumb","itemListElement":[{"@type":"ListItem","position":1,"name":"Strona g\u0142\u00f3wna","item":"https:\/\/e-fileo.pl\/"},{"@type":"ListItem","position":2,"name":"Gryzo\u0144 dowiedzia\u0142 si\u0119 o KORONOWIRUSIE"}]},{"@type":"WebSite","@id":"https:\/\/e-fileo.pl\/#website","url":"https:\/\/e-fileo.pl\/","name":"MAGAZYN CHRZE\u015aCIJA\u0143SKI &quot;FILEO&quot;","description":" ","publisher":{"@id":"https:\/\/e-fileo.pl\/#organization"},"potentialAction":[{"@type":"SearchAction","target":{"@type":"EntryPoint","urlTemplate":"https:\/\/e-fileo.pl\/?s={search_term_string}"},"query-input":{"@type":"PropertyValueSpecification","valueRequired":true,"valueName":"search_term_string"}}],"inLanguage":"pl-PL"},{"@type":"Organization","@id":"https:\/\/e-fileo.pl\/#organization","name":"MAGAZYN CHRZE\u015aCIJA\u0143SKI &quot;FILEO&quot;","url":"https:\/\/e-fileo.pl\/","logo":{"@type":"ImageObject","inLanguage":"pl-PL","@id":"https:\/\/e-fileo.pl\/#\/schema\/logo\/image\/","url":"https:\/\/i0.wp.com\/e-fileo.pl\/wp-content\/uploads\/2022\/07\/FILEO-7-e1659260414854.png?fit=250%2C196&ssl=1","contentUrl":"https:\/\/i0.wp.com\/e-fileo.pl\/wp-content\/uploads\/2022\/07\/FILEO-7-e1659260414854.png?fit=250%2C196&ssl=1","width":250,"height":196,"caption":"MAGAZYN CHRZE\u015aCIJA\u0143SKI &quot;FILEO&quot; "},"image":{"@id":"https:\/\/e-fileo.pl\/#\/schema\/logo\/image\/"}}]}},"campaignId":"","jetpack_likes_enabled":true,"jetpack_shortlink":"https:\/\/wp.me\/Pba6nO-kZ","jetpack_sharing_enabled":true,"jetpack-related-posts":[{"id":518,"url":"https:\/\/e-fileo.pl\/index.php\/gdy-chrzescijaninowi-dzieje-sie-krzywda\/","url_meta":{"origin":1301,"position":0},"title":"GDY CHRZE\u015aCIJANINOWI DZIEJE SI\u0118 KRZYWDA?","author":"admin","date":"14 lipca 2019","format":false,"excerpt":"W tym wypadku przede wszystkim nale\u017cy sobie odpowiedzie\u0107 na pytanie, kogo spotyka ta krzywda: czy tylko mnie jako chrze\u015bcijanina, czy dotyczy do tak\u017ce innych os\u00f3b. Je\u017celi tylko mnie, to jako chrze\u015bcijanin powinienem j\u0105 znie\u015b\u0107. \u00a0Dochodzenie swoich praw za wszelk\u0105 cen\u0119, za pomoc\u0105 tzw. rozpychania si\u0119 \u0142okciami, jest metod\u0105 stosowan\u0105 przez\u2026","rel":"","context":"Podobny wpis","block_context":{"text":"Podobny wpis","link":""},"img":{"alt_text":"","src":"","width":0,"height":0},"classes":[]},{"id":143,"url":"https:\/\/e-fileo.pl\/index.php\/przemoc-w-rodzinie-w-swietle-biblii\/","url_meta":{"origin":1301,"position":1},"title":"PRZEMOC W RODZINIE W \u015aWIETLE BIBLII","author":"admin","date":"13 lipca 2019","format":false,"excerpt":"Przemoc domowa stoi w ca\u0142kowitej sprzeczno\u015bci z Bo\u017cym planem dla rodziny.\u00a0I Ksi\u0119ga Moj\u017ceszowa rozdzia\u0142y 1 i 2\u00a0wskazuj\u0105, \u017ce ma\u0142\u017ce\u0144stwo jest jednym cia\u0142em, relacj\u0105 opart\u0105 na wspieraniu si\u0119. List do Efezjan 5,21\u00a0m\u00f3wi na temat wzajemnej uleg\u0142o\u015bci:\u00a0?Ulegaj\u0105c jedni drugim w boja\u017ani Chrystusowej?. Efezjan 5,22-24\u00a0wyja\u015bnia czym jest uleg\u0142o\u015b\u0107 \u017cony wzgl\u0119dem m\u0119\u017ca:\u00a0?\u017bony, b\u0105d\u017acie uleg\u0142e\u2026","rel":"","context":"Podobny wpis","block_context":{"text":"Podobny wpis","link":""},"img":{"alt_text":"","src":"","width":0,"height":0},"classes":[]},{"id":395,"url":"https:\/\/e-fileo.pl\/index.php\/rozwazania-o-czasie\/","url_meta":{"origin":1301,"position":2},"title":"ROZWA\u017bANIA O CZASIE","author":"admin","date":"14 lipca 2019","format":false,"excerpt":"P\u0142yn\u0105 dnie i miesi\u0105ce, zmieniaj\u0105 si\u0119 daty. M\u00f3wimy, \u017ce up\u0142ywa czas. Gdyby\u015bmy jednak chcieli odpowiedzie\u0107 na pytanie, co to jest czas, odpowied\u017a by\u0142aby bardzo trudna. Nie jest jednak istotne wiedzie\u0107, czym jest czas, wa\u017cniejsze jest umie\u0107 go u\u017cywa\u0107. Ryba nie musi wiedzie\u0107, czym jest woda, lecz musi umie\u0107 p\u0142ywa\u0107. Czas\u2026","rel":"","context":"Podobny wpis","block_context":{"text":"Podobny wpis","link":""},"img":{"alt_text":"","src":"","width":0,"height":0},"classes":[]},{"id":9215,"url":"https:\/\/e-fileo.pl\/index.php\/dotacja-nie-powiodla-sie\/","url_meta":{"origin":1301,"position":3},"title":"Dotacja nie powiod\u0142a si\u0119","author":"admin","date":"24 czerwca 2023","format":false,"excerpt":"Twoja transakcja nie powiod\u0142a si\u0119, prosz\u0119 spr\u00f3bowa\u0107 ponownie lub skontaktowa\u0107 si\u0119 z pomoc\u0105 techniczn\u0105 strony.","rel":"","context":"Podobny wpis","block_context":{"text":"Podobny wpis","link":""},"img":{"alt_text":"","src":"","width":0,"height":0},"classes":[]},{"id":125,"url":"https:\/\/e-fileo.pl\/index.php\/slowo-boze-moja-pomoca-kazdego-dnia-cz-i\/","url_meta":{"origin":1301,"position":4},"title":"S\u0141OWO BO\u017bE MOJ\u0104 POMOC\u0104 KA\u017bDEGO DNIA ? CZ. I","author":"admin","date":"13 lipca 2019","format":false,"excerpt":"Gdy si\u0119 boj\u0119 ?Niechaj nie oddala si\u0119 ksi\u0119ga tego zakonu od twoich ust, ale rozmy\u015blaj o niej we dnie i w nocy, aby \u015bci\u015ble czyni\u0107 wszystko, co w niej jest napisane, bo wtedy poszcz\u0119\u015bci si\u0119 twojej drodze i wtedy b\u0119dzie ci si\u0119 powodzi\u0142o. Czy nie przykaza\u0142em ci: b\u0105d\u017a mocny i\u2026","rel":"","context":"Podobny wpis","block_context":{"text":"Podobny wpis","link":""},"img":{"alt_text":"","src":"","width":0,"height":0},"classes":[]},{"id":418,"url":"https:\/\/e-fileo.pl\/index.php\/slowo-boze-moja-pomoca-kazdego-dnia-cz-iv\/","url_meta":{"origin":1301,"position":5},"title":"S\u0141OWO BO\u017bE MOJ\u0104 POMOC\u0104 KA\u017bDEGO DNIA ? CZ. IV","author":"admin","date":"14 lipca 2019","format":false,"excerpt":"Gdy walcz\u0119 z grzechem ?Po\u0142o\u017cy\u0142em dzi\u015b przed tob\u0105 \u017cycie i \u015bmier\u0107, b\u0142ogos\u0142awie\u0144stwo i przekle\u0144stwo. Wybierz przeto \u017cycie, aby\u015b \u017cy\u0142, ty i twoje potomstwo, mi\u0142uj\u0105c Pana, Boga twego, s\u0142uchaj\u0105c jego g\u0142osu i lgn\u0105c do niego, gdy\u017c w tym jest twoje \u017cycie i przed\u0142u\u017cenie twoich dni?. (V Ksi\u0119ga Moj\u017ceszowa 30,19-20) ?A jak\u2026","rel":"","context":"Podobny wpis","block_context":{"text":"Podobny wpis","link":""},"img":{"alt_text":"","src":"","width":0,"height":0},"classes":[]}],"amp_enabled":true,"_links":{"self":[{"href":"https:\/\/e-fileo.pl\/index.php\/wp-json\/wp\/v2\/pages\/1301","targetHints":{"allow":["GET"]}}],"collection":[{"href":"https:\/\/e-fileo.pl\/index.php\/wp-json\/wp\/v2\/pages"}],"about":[{"href":"https:\/\/e-fileo.pl\/index.php\/wp-json\/wp\/v2\/types\/page"}],"author":[{"embeddable":true,"href":"https:\/\/e-fileo.pl\/index.php\/wp-json\/wp\/v2\/users\/2"}],"replies":[{"embeddable":true,"href":"https:\/\/e-fileo.pl\/index.php\/wp-json\/wp\/v2\/comments?post=1301"}],"version-history":[{"count":2,"href":"https:\/\/e-fileo.pl\/index.php\/wp-json\/wp\/v2\/pages\/1301\/revisions"}],"predecessor-version":[{"id":1305,"href":"https:\/\/e-fileo.pl\/index.php\/wp-json\/wp\/v2\/pages\/1301\/revisions\/1305"}],"wp:featuredmedia":[{"embeddable":true,"href":"https:\/\/e-fileo.pl\/index.php\/wp-json\/wp\/v2\/media\/1303"}],"wp:attachment":[{"href":"https:\/\/e-fileo.pl\/index.php\/wp-json\/wp\/v2\/media?parent=1301"}],"curies":[{"name":"wp","href":"https:\/\/api.w.org\/{rel}","templated":true}]}}