{"id":114,"date":"2019-07-13T16:55:02","date_gmt":"2019-07-13T14:55:02","guid":{"rendered":"http:\/\/e-fileo.pl\/?page_id=114"},"modified":"2019-07-13T17:02:50","modified_gmt":"2019-07-13T15:02:50","slug":"slowo-wstepne","status":"publish","type":"page","link":"https:\/\/e-fileo.pl\/index.php\/slowo-wstepne\/","title":{"rendered":"S\u0141OWO WST\u0118PNE"},"content":{"rendered":"\n<p style=\"text-align:center\"><strong>Nie uciekniesz przed Bo\u017cym powo\u0142aniem.<\/strong><\/p>\n\n\n\n<p style=\"text-align:center\">Jestem chrze\u015bcijank\u0105. Nawr\u00f3ci\u0142am si\u0119 i odrodzi\u0142am z Ducha \u015awi\u0119tego do nowego \u017cycia, \u017cycia z Bogiem. Codziennie si\u0119 modl\u0119. Czytam Pismo \u015awi\u0119te. Staram si\u0119 \u017cy\u0107 zgodnie z Bibli\u0105, na co dzie\u0144 wychodzi mi to mniej lub bardziej. Modl\u0119 si\u0119 o to, by B\u00f3g pomaga\u0142 mi w mojej codzienno\u015bci. Prosz\u0119, by w moim \u017cyciu wype\u0142nia\u0142a si\u0119 Bo\u017ca wola. By On kierowa\u0142 moimi planami. Odczuwam bardzo wyra\u017anie Jego b\u0142ogos\u0142awie\u0144stwo i opiek\u0119.<\/p>\n\n\n\n<p style=\"text-align:center\">Jednak? w moim \u017cyciu duchowym czego\u015b brakuje. Czego\u015b bardzo istotnego. Pragn\u0119, by to si\u0119 zmieni\u0142o. By moje \u017cycie mia\u0142o pe\u0142ni\u0119. Pragn\u0119 by\u0107 ziarnem rzuconym w ziemi\u0119 i wydaj\u0105cym plon<em>(Ewangelia Mateusza roz. 13).<\/em>&nbsp;Pragn\u0119 by\u0107 jak winoro\u015bl kt\u00f3ra wydaje dobre owoce:&nbsp;<em>?Trwajcie we mnie, a Ja w was. Jak latoro\u015bl sama z siebie nie mo\u017ce wydawa\u0107 owocu, je\u015bli nie trwa w krzewie winnym, tak i wy, je\u015bli we mnie trwa\u0107 nie b\u0119dziecie?<\/em>&nbsp;? powiedzia\u0142 Jezus&nbsp;<em>(Ewangelia Jana 15,4).<\/em><\/p>\n\n\n\n<p style=\"text-align:center\">Dlaczego m\u00f3j owoc nie zawsze jest dobry? Dlaczego Tw\u00f3j owoc, Drogi Czytelniku, nie zawsze jest dobry? Czy to znaczy, \u017ce tak naprawd\u0119 nie narodzili\u015bmy si\u0119 na nowo? Czy to, \u017ce nie \u017cyjemy w pe\u0142ni dla Boga oznacza, \u017ce On nas odrzuci\u0142?<\/p>\n\n\n\n<p style=\"text-align:center\">Nic podobnego!&nbsp;<em>?Nieodwo\u0142alne s\u0105 bowiem dary i powo\u0142anie Bo\u017ce? (List do Rzymian 11,29).<\/em>&nbsp;W\u0142a\u015bnie! B\u00f3g nie tylko nas powo\u0142a\u0142, aby\u015bmy stali si\u0119 Jego dzie\u0107mi. On powo\u0142a\u0142 nasz te\u017c, aby\u015bmy wykorzystywali dary, kt\u00f3re nam da\u0142.&nbsp;A my cz\u0119sto jeste\u015bmy jak ten cz\u0142owiek z przypowie\u015bci o talentach, kt\u00f3ry, boj\u0105c si\u0119, \u017ce \u017ale wykorzysta sw\u00f3j dar, zakopa\u0142 go w ziemi&nbsp;<em>(Ewangelia Mateusza<\/em><em>25,14-30).<\/em>&nbsp;I wtedy nie \u017cyjemy pe\u0142ni\u0105 \u017cycia. I wtedy nie jeste\u015bmy cz\u0119stokro\u0107 b\u0142ogos\u0142awie\u0144stwem dla innych ludzi, wielekro\u0107 potrzebuj\u0105cych pomocy i wsparcia.<\/p>\n\n\n\n<p style=\"text-align:center\">I w\u0142a\u015bnie teraz jest ten czas, \u017ce Duch \u015awi\u0119ty przekonuje mnie, \u017ce nie mog\u0119 d\u0142u\u017cej tak czyni\u0107. \u017be nie mog\u0119 d\u0142u\u017cej zakopywa\u0107 talent\u00f3w, kt\u00f3re da\u0142 mi Pan. \u017be nie mog\u0119 uciec przed Jego powo\u0142aniem. Czy Ty jeste\u015b pewien, \u017ce nie uciekasz przed Panem?<\/p>\n\n\n\n<p style=\"text-align:center\">Prorok Jeremiasz wiernie g\u0142osi\u0142 S\u0142owa Bo\u017ce. Ukazywa\u0142 Izraelowi Jego nieprawo\u015b\u0107. Zale\u017ca\u0142o mu na ich powrocie do Boga. On pragn\u0105\u0142 tego ca\u0142ym sercem. Jednak w odpowiedzi spotyka\u0142 si\u0119 z ci\u0105g\u0142ymi drwinami&nbsp;i niezrozumieniem. I \u017ceby tylko na tym poprzestali jego nieprzyjaciele! Ale oni chcieli jego \u015bmierci. W pewnym momencie ju\u017c nie wytrzyma\u0142 tego. Mia\u0142 ju\u017c do\u015b\u0107 bycia prorokiem, ale nie m\u00f3g\u0142 przesta\u0107 nim by\u0107. Nie m\u00f3g\u0142 sprzeciwi\u0107 si\u0119 Bo\u017cemu powo\u0142aniu:&nbsp;<em>?A gdy pomy\u015bla\u0142em: Nie wspomn\u0119 o nim i ju\u017c nie przem\u00f3wi\u0119 w jego imieniu, to sta\u0142o si\u0119 to w moim sercu jak ogie\u0144 p\u0142on\u0105cy, zamkni\u0119ty w moich ko\u015bciach. Mozoli\u0142em si\u0119, by go znie\u015b\u0107, lecz nie zdo\u0142a\u0142em? (Ksi\u0119ga Jeremiasza 20,9).<\/em><\/p>\n\n\n\n<p style=\"text-align:center\">My\u015bl\u0119, \u017ce nikt z nas nie prze\u017cy\u0142 tylu problem\u00f3w z powodu swojej wiary co Jeremiasz. Jednak tak cz\u0119sto rezygnujemy z Bo\u017cych dar\u00f3w. Najpierw zaniedbujemy je, potem ca\u0142kiem przestajemy ich u\u017cywa\u0107. A cz\u0119sto te\u017c jest tak, \u017ce nawet nie wiemy o istnieniu niekt\u00f3rych dar\u00f3w w nas. Nie wiemy, bo nie prosimy Boga, \u017ceby pom\u00f3g\u0142 nam je odkry\u0107 i wykorzysta\u0107.<\/p>\n\n\n\n<p style=\"text-align:center\">Ja w\u0142a\u015bnie prosz\u0119 Boga o to. O lepsze wykorzystanie swoich dar\u00f3w. O to, \u017cebym nie ucieka\u0142a ju\u017c przed Jego powo\u0142aniem. I mi\u0119dzy innymi dlatego powstaje to Czasopismo. Abym poprzez nie mog\u0142a wykorzysta\u0107 dary, kt\u00f3re da\u0142 mi B\u00f3g. Pierwszy numer powsta\u0142 z my\u015bl\u0105 o tym, aby zawarte w nim s\u0142owa chocia\u017c jednej osobie pomog\u0142y zbli\u017cy\u0107 si\u0119 do Boga. A\u017c jednej osobie. W\u0142a\u015bnie Tobie, Drogi Czytelniku. Z Bo\u017c\u0105 pomoc\u0105.<\/p>\n\n\n\n<p style=\"text-align:right\"><em>E. Skworcz-Bednarska<\/em><br><\/p>\n","protected":false},"excerpt":{"rendered":"<p>Nie uciekniesz przed Bo\u017cym powo\u0142aniem. Jestem chrze\u015bcijank\u0105. Nawr\u00f3ci\u0142am si\u0119 i odrodzi\u0142am z Ducha \u015awi\u0119tego do nowego \u017cycia, \u017cycia z Bogiem. Codziennie si\u0119 modl\u0119. Czytam Pismo \u015awi\u0119te. Staram si\u0119 \u017cy\u0107 zgodnie z Bibli\u0105, na co dzie\u0144 wychodzi mi to mniej lub&#46;&#46;&#46;<\/p>\n","protected":false},"author":2,"featured_media":0,"parent":0,"menu_order":0,"comment_status":"closed","ping_status":"closed","template":"","meta":{"give_campaign_id":0,"footnotes":""},"class_list":["post-114","page","type-page","status-publish","hentry"],"wppr_data":[],"yoast_head":"<!-- This site is optimized with the Yoast SEO plugin v27.5 - https:\/\/yoast.com\/product\/yoast-seo-wordpress\/ -->\n<title>S\u0141OWO WST\u0118PNE - MAGAZYN CHRZE\u015aCIJA\u0143SKI &quot;FILEO&quot;<\/title>\n<meta name=\"robots\" content=\"index, follow, max-snippet:-1, max-image-preview:large, max-video-preview:-1\" \/>\n<link rel=\"canonical\" href=\"https:\/\/e-fileo.pl\/index.php\/slowo-wstepne\/\" \/>\n<meta property=\"og:locale\" content=\"pl_PL\" \/>\n<meta property=\"og:type\" content=\"article\" \/>\n<meta property=\"og:title\" content=\"S\u0141OWO WST\u0118PNE - MAGAZYN CHRZE\u015aCIJA\u0143SKI &quot;FILEO&quot;\" \/>\n<meta property=\"og:description\" content=\"Nie uciekniesz przed Bo\u017cym powo\u0142aniem. Jestem chrze\u015bcijank\u0105. Nawr\u00f3ci\u0142am si\u0119 i odrodzi\u0142am z Ducha \u015awi\u0119tego do nowego \u017cycia, \u017cycia z Bogiem. Codziennie si\u0119 modl\u0119. Czytam Pismo \u015awi\u0119te. Staram si\u0119 \u017cy\u0107 zgodnie z Bibli\u0105, na co dzie\u0144 wychodzi mi to mniej lub&#046;&#046;&#046;\" \/>\n<meta property=\"og:url\" content=\"https:\/\/e-fileo.pl\/index.php\/slowo-wstepne\/\" \/>\n<meta property=\"og:site_name\" content=\"MAGAZYN CHRZE\u015aCIJA\u0143SKI &quot;FILEO&quot;\" \/>\n<meta property=\"article:modified_time\" content=\"2019-07-13T15:02:50+00:00\" \/>\n<meta name=\"twitter:card\" content=\"summary_large_image\" \/>\n<meta name=\"twitter:label1\" content=\"Szacowany czas czytania\" \/>\n\t<meta name=\"twitter:data1\" content=\"3 minuty\" \/>\n<script type=\"application\/ld+json\" class=\"yoast-schema-graph\">{\"@context\":\"https:\\\/\\\/schema.org\",\"@graph\":[{\"@type\":\"WebPage\",\"@id\":\"https:\\\/\\\/e-fileo.pl\\\/index.php\\\/slowo-wstepne\\\/\",\"url\":\"https:\\\/\\\/e-fileo.pl\\\/index.php\\\/slowo-wstepne\\\/\",\"name\":\"S\u0141OWO WST\u0118PNE - MAGAZYN CHRZE\u015aCIJA\u0143SKI &quot;FILEO&quot;\",\"isPartOf\":{\"@id\":\"https:\\\/\\\/e-fileo.pl\\\/#website\"},\"datePublished\":\"2019-07-13T14:55:02+00:00\",\"dateModified\":\"2019-07-13T15:02:50+00:00\",\"breadcrumb\":{\"@id\":\"https:\\\/\\\/e-fileo.pl\\\/index.php\\\/slowo-wstepne\\\/#breadcrumb\"},\"inLanguage\":\"pl-PL\",\"potentialAction\":[{\"@type\":\"ReadAction\",\"target\":[\"https:\\\/\\\/e-fileo.pl\\\/index.php\\\/slowo-wstepne\\\/\"]}]},{\"@type\":\"BreadcrumbList\",\"@id\":\"https:\\\/\\\/e-fileo.pl\\\/index.php\\\/slowo-wstepne\\\/#breadcrumb\",\"itemListElement\":[{\"@type\":\"ListItem\",\"position\":1,\"name\":\"Strona g\u0142\u00f3wna\",\"item\":\"https:\\\/\\\/e-fileo.pl\\\/\"},{\"@type\":\"ListItem\",\"position\":2,\"name\":\"S\u0141OWO WST\u0118PNE\"}]},{\"@type\":\"WebSite\",\"@id\":\"https:\\\/\\\/e-fileo.pl\\\/#website\",\"url\":\"https:\\\/\\\/e-fileo.pl\\\/\",\"name\":\"MAGAZYN CHRZE\u015aCIJA\u0143SKI &quot;FILEO&quot;\",\"description\":\" \",\"publisher\":{\"@id\":\"https:\\\/\\\/e-fileo.pl\\\/#organization\"},\"potentialAction\":[{\"@type\":\"SearchAction\",\"target\":{\"@type\":\"EntryPoint\",\"urlTemplate\":\"https:\\\/\\\/e-fileo.pl\\\/?s={search_term_string}\"},\"query-input\":{\"@type\":\"PropertyValueSpecification\",\"valueRequired\":true,\"valueName\":\"search_term_string\"}}],\"inLanguage\":\"pl-PL\"},{\"@type\":\"Organization\",\"@id\":\"https:\\\/\\\/e-fileo.pl\\\/#organization\",\"name\":\"MAGAZYN CHRZE\u015aCIJA\u0143SKI &quot;FILEO&quot;\",\"url\":\"https:\\\/\\\/e-fileo.pl\\\/\",\"logo\":{\"@type\":\"ImageObject\",\"inLanguage\":\"pl-PL\",\"@id\":\"https:\\\/\\\/e-fileo.pl\\\/#\\\/schema\\\/logo\\\/image\\\/\",\"url\":\"https:\\\/\\\/i0.wp.com\\\/e-fileo.pl\\\/wp-content\\\/uploads\\\/2022\\\/07\\\/FILEO-7-e1659260414854.png?fit=250%2C196&ssl=1\",\"contentUrl\":\"https:\\\/\\\/i0.wp.com\\\/e-fileo.pl\\\/wp-content\\\/uploads\\\/2022\\\/07\\\/FILEO-7-e1659260414854.png?fit=250%2C196&ssl=1\",\"width\":250,\"height\":196,\"caption\":\"MAGAZYN CHRZE\u015aCIJA\u0143SKI &quot;FILEO&quot; \"},\"image\":{\"@id\":\"https:\\\/\\\/e-fileo.pl\\\/#\\\/schema\\\/logo\\\/image\\\/\"}}]}<\/script>\n<!-- \/ Yoast SEO plugin. -->","yoast_head_json":{"title":"S\u0141OWO WST\u0118PNE - MAGAZYN CHRZE\u015aCIJA\u0143SKI &quot;FILEO&quot;","robots":{"index":"index","follow":"follow","max-snippet":"max-snippet:-1","max-image-preview":"max-image-preview:large","max-video-preview":"max-video-preview:-1"},"canonical":"https:\/\/e-fileo.pl\/index.php\/slowo-wstepne\/","og_locale":"pl_PL","og_type":"article","og_title":"S\u0141OWO WST\u0118PNE - MAGAZYN CHRZE\u015aCIJA\u0143SKI &quot;FILEO&quot;","og_description":"Nie uciekniesz przed Bo\u017cym powo\u0142aniem. Jestem chrze\u015bcijank\u0105. Nawr\u00f3ci\u0142am si\u0119 i odrodzi\u0142am z Ducha \u015awi\u0119tego do nowego \u017cycia, \u017cycia z Bogiem. Codziennie si\u0119 modl\u0119. Czytam Pismo \u015awi\u0119te. Staram si\u0119 \u017cy\u0107 zgodnie z Bibli\u0105, na co dzie\u0144 wychodzi mi to mniej lub&#46;&#46;&#46;","og_url":"https:\/\/e-fileo.pl\/index.php\/slowo-wstepne\/","og_site_name":"MAGAZYN CHRZE\u015aCIJA\u0143SKI &quot;FILEO&quot;","article_modified_time":"2019-07-13T15:02:50+00:00","twitter_card":"summary_large_image","twitter_misc":{"Szacowany czas czytania":"3 minuty"},"schema":{"@context":"https:\/\/schema.org","@graph":[{"@type":"WebPage","@id":"https:\/\/e-fileo.pl\/index.php\/slowo-wstepne\/","url":"https:\/\/e-fileo.pl\/index.php\/slowo-wstepne\/","name":"S\u0141OWO WST\u0118PNE - MAGAZYN CHRZE\u015aCIJA\u0143SKI &quot;FILEO&quot;","isPartOf":{"@id":"https:\/\/e-fileo.pl\/#website"},"datePublished":"2019-07-13T14:55:02+00:00","dateModified":"2019-07-13T15:02:50+00:00","breadcrumb":{"@id":"https:\/\/e-fileo.pl\/index.php\/slowo-wstepne\/#breadcrumb"},"inLanguage":"pl-PL","potentialAction":[{"@type":"ReadAction","target":["https:\/\/e-fileo.pl\/index.php\/slowo-wstepne\/"]}]},{"@type":"BreadcrumbList","@id":"https:\/\/e-fileo.pl\/index.php\/slowo-wstepne\/#breadcrumb","itemListElement":[{"@type":"ListItem","position":1,"name":"Strona g\u0142\u00f3wna","item":"https:\/\/e-fileo.pl\/"},{"@type":"ListItem","position":2,"name":"S\u0141OWO WST\u0118PNE"}]},{"@type":"WebSite","@id":"https:\/\/e-fileo.pl\/#website","url":"https:\/\/e-fileo.pl\/","name":"MAGAZYN CHRZE\u015aCIJA\u0143SKI &quot;FILEO&quot;","description":" ","publisher":{"@id":"https:\/\/e-fileo.pl\/#organization"},"potentialAction":[{"@type":"SearchAction","target":{"@type":"EntryPoint","urlTemplate":"https:\/\/e-fileo.pl\/?s={search_term_string}"},"query-input":{"@type":"PropertyValueSpecification","valueRequired":true,"valueName":"search_term_string"}}],"inLanguage":"pl-PL"},{"@type":"Organization","@id":"https:\/\/e-fileo.pl\/#organization","name":"MAGAZYN CHRZE\u015aCIJA\u0143SKI &quot;FILEO&quot;","url":"https:\/\/e-fileo.pl\/","logo":{"@type":"ImageObject","inLanguage":"pl-PL","@id":"https:\/\/e-fileo.pl\/#\/schema\/logo\/image\/","url":"https:\/\/i0.wp.com\/e-fileo.pl\/wp-content\/uploads\/2022\/07\/FILEO-7-e1659260414854.png?fit=250%2C196&ssl=1","contentUrl":"https:\/\/i0.wp.com\/e-fileo.pl\/wp-content\/uploads\/2022\/07\/FILEO-7-e1659260414854.png?fit=250%2C196&ssl=1","width":250,"height":196,"caption":"MAGAZYN CHRZE\u015aCIJA\u0143SKI &quot;FILEO&quot; "},"image":{"@id":"https:\/\/e-fileo.pl\/#\/schema\/logo\/image\/"}}]}},"campaignId":"","jetpack_likes_enabled":true,"jetpack_shortlink":"https:\/\/wp.me\/Pba6nO-1Q","jetpack_sharing_enabled":true,"jetpack-related-posts":[{"id":101,"url":"https:\/\/e-fileo.pl\/index.php\/wrzesien-pazdziernik-2018\/","url_meta":{"origin":114,"position":0},"title":"IX-X 2018","author":"admin","date":"13 lipca 2019","format":false,"excerpt":"S\u0141OWO WST\u0118PNENie uciekniesz przed Bo\u017cym powo\u0142aniem.Jestem chrze\u015bcijank\u0105. Nawr\u00f3ci\u0142am si\u0119 i odrodzi\u0142am z Ducha \u015awi\u0119tego do nowego \u017cycia, \u017cycia z Bogiem. Codziennie si\u0119 modl\u0119. Czytam Pismo \u015awi\u0119te. Staram si\u0119 \u017cy\u0107 zgodnie z Bibli\u0105, na co dzie\u0144 wychodzi mi to mniej lub bardziej. Modl\u0119 si\u0119 o to, by B\u00f3g pomaga\u0142 mi w\u2026","rel":"","context":"Podobny wpis","block_context":{"text":"Podobny wpis","link":""},"img":{"alt_text":"","src":"https:\/\/i0.wp.com\/e-fileo.pl\/wp-content\/uploads\/2019\/07\/read-2890857__340-1.jpg?fit=506%2C340&ssl=1&resize=350%2C200","width":350,"height":200},"classes":[]},{"id":196,"url":"https:\/\/e-fileo.pl\/index.php\/panie-ja-pragne\/","url_meta":{"origin":114,"position":1},"title":"Panie ja pragn\u0119&#8230;","author":"admin","date":"13 lipca 2019","format":false,"excerpt":"Panie,\u00a0\u00a0ja pragn\u0119 Twego pokoju bardziej ni\u017c mleka. Gdy w moim \u017cyciu okoliczno\u015bci s\u0105 mi przeciwne, Gdy czuj\u0119 si\u0119 jakbym by\u0142a po\u015brodku burzy na pe\u0142nym morzu, Wtedy ja pragn\u0119 czu\u0107 si\u0119 bezpiecznie ukryta w Twej d\u0142oni. Panie, ja pragn\u0119 Twojej mi\u0142o\u015bci bardziej ni\u017c miodu. Gdy szara codzienno\u015b\u0107 chce mnie przyt\u0142oczy\u0107, Gdy\u2026","rel":"","context":"Podobny wpis","block_context":{"text":"Podobny wpis","link":""},"img":{"alt_text":"","src":"","width":0,"height":0},"classes":[]},{"id":901,"url":"https:\/\/e-fileo.pl\/index.php\/ix-x-2019\/","url_meta":{"origin":114,"position":2},"title":"IX\/X 2019","author":"admin","date":"7 wrze\u015bnia 2019","format":false,"excerpt":"ARTYKU\u0141 WST\u0118PNY ?\u017byj\u0119 wi\u0119c ju\u017c nie ja, ale \u017cyje we mnie Chrystus? Werset przewodni: ?Z\u00a0 Chrystusem jestem ukrzy\u017cowany; \u017cyj\u0119 wi\u0119c ju\u017c nie ja, ale \u017cyje we mnie Chrystus; a obecne \u017cycie moje w ciele jest \u017cyciem w wierze w Syna Bo\u017cego, kt\u00f3ry mnie umi\u0142owa\u0142 i wyda\u0142 samego siebie za mnie?\u2026","rel":"","context":"Podobny wpis","block_context":{"text":"Podobny wpis","link":""},"img":{"alt_text":"","src":"https:\/\/i0.wp.com\/e-fileo.pl\/wp-content\/uploads\/2019\/07\/go%C5%82%C4%85b.jpg?fit=1200%2C799&ssl=1&resize=350%2C200","width":350,"height":200,"srcset":"https:\/\/i0.wp.com\/e-fileo.pl\/wp-content\/uploads\/2019\/07\/go%C5%82%C4%85b.jpg?fit=1200%2C799&ssl=1&resize=350%2C200 1x, https:\/\/i0.wp.com\/e-fileo.pl\/wp-content\/uploads\/2019\/07\/go%C5%82%C4%85b.jpg?fit=1200%2C799&ssl=1&resize=525%2C300 1.5x, https:\/\/i0.wp.com\/e-fileo.pl\/wp-content\/uploads\/2019\/07\/go%C5%82%C4%85b.jpg?fit=1200%2C799&ssl=1&resize=700%2C400 2x, https:\/\/i0.wp.com\/e-fileo.pl\/wp-content\/uploads\/2019\/07\/go%C5%82%C4%85b.jpg?fit=1200%2C799&ssl=1&resize=1050%2C600 3x"},"classes":[]},{"id":426,"url":"https:\/\/e-fileo.pl\/index.php\/gdy-oddalamy-sie-od-boga\/","url_meta":{"origin":114,"position":3},"title":"GDY ODDALAMY SI\u0118 OD BOGA?","author":"admin","date":"14 lipca 2019","format":false,"excerpt":"Werset przewodni:\u00a0?My bowiem musimy umrze\u0107 i jeste\u015bmy jak woda rozlana po ziemi, kt\u00f3rej nie da si\u0119 ju\u017c zebra\u0107; B\u00f3g jednak nie odbiera \u017cycia, ale obmy\u015bla sposoby, jakby skazanego wygna\u0144ca sprowadzi\u0107 z powrotem?\u00a0(II Ksi\u0119ga Samuela 14,14). Dawid. Wspania\u0142y cz\u0142owiek, o kt\u00f3rym S\u0142owo Bo\u017ce m\u00f3wi: ?Znalaz\u0142em Dawida, syna Jessego, m\u0119\u017ca wed\u0142ug serca\u2026","rel":"","context":"Podobny wpis","block_context":{"text":"Podobny wpis","link":""},"img":{"alt_text":"","src":"","width":0,"height":0},"classes":[]},{"id":399,"url":"https:\/\/e-fileo.pl\/index.php\/oddzieleni-dla-boga\/","url_meta":{"origin":114,"position":4},"title":"ODDZIELENI DLA BOGA","author":"admin","date":"14 lipca 2019","format":false,"excerpt":"Mimo i\u017c z\u0142o w swojej istocie pozostaje niezmienne, to jednak wyst\u0119puje ono w najr\u00f3\u017cnorodniejszych postaciach. My, chrze\u015bcijanie, stale znajdujemy si\u0119 pod wp\u0142ywem tego wrogiego, a zarazem kusz\u0105cego \u015bwiata, kt\u00f3ry nas przyci\u0105ga, stara si\u0119 w nas zadomowi\u0107, czyha na nas szukaj\u0105c szczeliny w naszej zbroi (List do Efezjan 6,10-18). Chce nas\u2026","rel":"","context":"Podobny wpis","block_context":{"text":"Podobny wpis","link":""},"img":{"alt_text":"","src":"","width":0,"height":0},"classes":[]},{"id":538,"url":"https:\/\/e-fileo.pl\/index.php\/wiara-martwa-czy-zywa\/","url_meta":{"origin":114,"position":5},"title":"WIARA MARTWA CZY \u017bYWA?","author":"admin","date":"14 lipca 2019","format":false,"excerpt":"Czy Abraham usprawiedliwiony zosta\u0142 z wiary, czy z uczynk\u00f3w? Takie pytanie mo\u017ce zrodzi\u0107 si\u0119 w sercu czytelnika Pisma \u015awi\u0119tego. Nauka o usprawiedliwieniu nale\u017cy do podstawowych zasad wiary chrze\u015bcija\u0144skiej. W Nowym Testamencie, w dw\u00f3ch miejscach jest mowa o usprawiedliwieniu w kontek\u015bcie \u017cycia Abrahama. Aposto\u0142 Pawe\u0142 w Li\u015bcie do Rzymian 4,2-8 napisa\u0142:\u2026","rel":"","context":"Podobny wpis","block_context":{"text":"Podobny wpis","link":""},"img":{"alt_text":"","src":"","width":0,"height":0},"classes":[]}],"amp_enabled":true,"_links":{"self":[{"href":"https:\/\/e-fileo.pl\/index.php\/wp-json\/wp\/v2\/pages\/114","targetHints":{"allow":["GET"]}}],"collection":[{"href":"https:\/\/e-fileo.pl\/index.php\/wp-json\/wp\/v2\/pages"}],"about":[{"href":"https:\/\/e-fileo.pl\/index.php\/wp-json\/wp\/v2\/types\/page"}],"author":[{"embeddable":true,"href":"https:\/\/e-fileo.pl\/index.php\/wp-json\/wp\/v2\/users\/2"}],"replies":[{"embeddable":true,"href":"https:\/\/e-fileo.pl\/index.php\/wp-json\/wp\/v2\/comments?post=114"}],"version-history":[{"count":1,"href":"https:\/\/e-fileo.pl\/index.php\/wp-json\/wp\/v2\/pages\/114\/revisions"}],"predecessor-version":[{"id":116,"href":"https:\/\/e-fileo.pl\/index.php\/wp-json\/wp\/v2\/pages\/114\/revisions\/116"}],"wp:attachment":[{"href":"https:\/\/e-fileo.pl\/index.php\/wp-json\/wp\/v2\/media?parent=114"}],"curies":[{"name":"wp","href":"https:\/\/api.w.org\/{rel}","templated":true}]}}